{"id":10285,"date":"2025-09-25T17:53:20","date_gmt":"2025-09-25T14:53:20","guid":{"rendered":"https:\/\/osmoscosmos.com\/ocbar\/?page_id=10285"},"modified":"2025-09-25T19:20:58","modified_gmt":"2025-09-25T16:20:58","slug":"tietosuojaseloste","status":"publish","type":"page","link":"https:\/\/osmoscosmos.com\/ocbar\/tietosuojaseloste\/","title":{"rendered":"Tietosuojaseloste"},"content":{"rendered":"<div id=\"pl-10285\"  class=\"panel-layout\" ><div id=\"pg-10285-0\"  class=\"panel-grid panel-has-style\" ><div class=\"siteorigin-panels-stretch panel-row-style-full-width panel-row-style panel-row-style-for-10285-0\" data-stretch-type=\"full-width-stretch\" ><div id=\"pgc-10285-0-0\"  class=\"panel-grid-cell panel-grid-cell-empty\" ><\/div><\/div><\/div><div id=\"pg-10285-1\"  class=\"panel-grid panel-has-style\" ><div class=\"siteorigin-panels-stretch panel-row-style-full-width panel-row-style panel-row-style-for-10285-1\" data-stretch-type=\"full-width-stretch\" ><div id=\"pgc-10285-1-0\"  class=\"panel-grid-cell\" ><div id=\"panel-10285-1-0-0\" class=\"so-panel widget widget_sow-headline panel-first-child panel-last-child\" data-index=\"0\" ><div\n\t\t\t\n\t\t\tclass=\"so-widget-sow-headline so-widget-sow-headline-default-1d8943260f08-10285 so-widget-fittext-wrapper\"\n\t\t\t data-fit-text-compressor=\"1.2\"\n\t\t><div class=\"sow-headline-container \">\n\t<\/div>\n<\/div><\/div><\/div><\/div><\/div><div id=\"pg-10285-2\"  class=\"panel-grid panel-has-style\" ><div class=\"siteorigin-panels-stretch panel-row-style-full-width panel-row-style panel-row-style-for-10285-2\" data-stretch-type=\"full\" ><div id=\"pgc-10285-2-0\"  class=\"panel-grid-cell panel-grid-cell-empty\" ><\/div><div id=\"pgc-10285-2-1\"  class=\"panel-grid-cell panel-grid-cell-mobile-last\" ><div class=\"panel-cell-style panel-cell-style-for-10285-2-1\" ><div id=\"panel-10285-2-1-0\" class=\"so-panel widget widget_sow-editor panel-first-child panel-last-child\" data-index=\"1\" ><div\n\t\t\t\n\t\t\tclass=\"so-widget-sow-editor so-widget-sow-editor-base\"\n\t\t\t\n\t\t>\n<div class=\"siteorigin-widget-tinymce textwidget\">\n\t<h1 data-start=\"368\" data-end=\"387\">Tietosuojaseloste<\/h1>\n<p data-start=\"389\" data-end=\"460\"><strong>OC Bar Oy<\/strong><br data-start=\"410\" data-end=\"413\" \/>Verkkosivusto: https:\/\/osmoscosmos.com\/ocbar\/<\/p>\n<p data-start=\"462\" data-end=\"486\">P\u00e4ivitetty: 25.9.2025<\/p>\n<hr data-start=\"488\" data-end=\"491\" \/>\n<h2 data-start=\"493\" data-end=\"515\">1. Rekisterinpit\u00e4j\u00e4<\/h2>\n<p data-start=\"516\" data-end=\"617\">OC Bar Oy<br data-start=\"533\" data-end=\"536\" \/>Y-tunnus: 2215856-2<br data-start=\"567\" data-end=\"570\" \/>S\u00e4hk\u00f6posti: \u00a0bar@osmoscosmos.com<br data-start=\"594\" data-end=\"597\" \/>Puhelin: 010-666 6666<\/p>\n<hr data-start=\"619\" data-end=\"622\" \/>\n<h2 data-start=\"624\" data-end=\"666\">2. Henkil\u00f6tietojen k\u00e4sittelyn tarkoitus<\/h2>\n<p data-start=\"667\" data-end=\"739\">Ker\u00e4\u00e4mme ja k\u00e4sittelemme henkil\u00f6tietoja seuraavia tarkoituksia varten:<\/p>\n<ul data-start=\"740\" data-end=\"1001\">\n<li data-start=\"740\" data-end=\"774\">\n<p data-start=\"742\" data-end=\"774\">Asiakaspalvelu ja yhteydenpito<\/p>\n<\/li>\n<li data-start=\"775\" data-end=\"851\">\n<p data-start=\"777\" data-end=\"851\">P\u00f6yt\u00e4varausten, tapahtumailmoittautumisten ja muiden pyynt\u00f6jen k\u00e4sittely<\/p>\n<\/li>\n<li data-start=\"852\" data-end=\"924\">\n<p data-start=\"854\" data-end=\"924\">Sivuston k\u00e4yt\u00f6n analysointi ja kehitt\u00e4minen (esim. Google Analytics)<\/p>\n<\/li>\n<li data-start=\"925\" data-end=\"1001\">\n<p data-start=\"927\" data-end=\"1001\">Lakis\u00e4\u00e4teisten velvoitteiden t\u00e4ytt\u00e4minen (kirjanpito, viranomaispyynn\u00f6t)<\/p>\n<\/li>\n<\/ul>\n<hr data-start=\"1003\" data-end=\"1006\" \/>\n<h2 data-start=\"1008\" data-end=\"1038\">3. Ker\u00e4tt\u00e4v\u00e4t henkil\u00f6tiedot<\/h2>\n<p data-start=\"1039\" data-end=\"1102\">Sivuston kautta voidaan ker\u00e4t\u00e4 esimerkiksi seuraavia tietoja:<\/p>\n<ul data-start=\"1103\" data-end=\"1343\">\n<li data-start=\"1103\" data-end=\"1111\">\n<p data-start=\"1105\" data-end=\"1111\">Nimi<\/p>\n<\/li>\n<li data-start=\"1112\" data-end=\"1149\">\n<p data-start=\"1114\" data-end=\"1149\">S\u00e4hk\u00f6postiosoite ja puhelinnumero<\/p>\n<\/li>\n<li data-start=\"1150\" data-end=\"1214\">\n<p data-start=\"1152\" data-end=\"1214\">Mahdolliset lis\u00e4tiedot, jotka asiakas itse antaa lomakkeissa<\/p>\n<\/li>\n<li data-start=\"1215\" data-end=\"1343\">\n<p data-start=\"1217\" data-end=\"1343\">Ev\u00e4steiden ja analytiikan kautta ker\u00e4tt\u00e4v\u00e4t tekniset tiedot (IP-osoite, selaintiedot, k\u00e4yntien ajankohdat, sivujen katselut)<\/p>\n<\/li>\n<\/ul>\n<hr data-start=\"1345\" data-end=\"1348\" \/>\n<h2 data-start=\"1350\" data-end=\"1364\">4. Ev\u00e4steet<\/h2>\n<p data-start=\"1365\" data-end=\"1450\">Sivustolla k\u00e4ytet\u00e4\u00e4n ev\u00e4steit\u00e4 ja vastaavia teknologioita. Ev\u00e4steit\u00e4 k\u00e4ytet\u00e4\u00e4n mm.:<\/p>\n<ul data-start=\"1451\" data-end=\"1640\">\n<li data-start=\"1451\" data-end=\"1508\">\n<p data-start=\"1453\" data-end=\"1508\">Sivuston toiminnallisuuteen (v\u00e4ltt\u00e4m\u00e4tt\u00f6m\u00e4t ev\u00e4steet)<\/p>\n<\/li>\n<li data-start=\"1509\" data-end=\"1584\">\n<p data-start=\"1511\" data-end=\"1584\">Tilastointiin ja analytiikkaan (esim. Google Analytics 4, jos k\u00e4yt\u00f6ss\u00e4)<\/p>\n<\/li>\n<li data-start=\"1585\" data-end=\"1640\">\n<p data-start=\"1587\" data-end=\"1640\">Markkinointiin (esim. Facebook Pixel, jos k\u00e4yt\u00f6ss\u00e4)<\/p>\n<\/li>\n<\/ul>\n<p data-start=\"1642\" data-end=\"1718\">Lis\u00e4tietoja ev\u00e4steist\u00e4 l\u00f6ytyy sivun <a href=\"https:\/\/osmoscosmos.com\/ocbar\/evastekaytanto-eu\/\"><strong data-start=\"1678\" data-end=\"1715\">Ev\u00e4stek\u00e4yt\u00e4nn\u00f6st\u00e4 &gt;&gt;<\/strong><\/a><\/p>\n<p data-start=\"1642\" data-end=\"1718\"><strong>Kolmannen osapuolen palvelu<\/strong><\/p>\n<p data-start=\"1642\" data-end=\"1718\"><strong data-start=\"602\" data-end=\"624\">Liveto-lipunmyynti<\/strong><\/p>\n<p data-start=\"1642\" data-end=\"1718\">Sivustolla k\u00e4ytet\u00e4\u00e4n Liveto Group Oy:n tarjoamaa lipunmyyntipalvelua, joka on upotettuna verkkosivulle. Palvelu k\u00e4sittelee henkil\u00f6tietoja lipunoston yhteydess\u00e4 ja asettaa teknisi\u00e4 ev\u00e4steit\u00e4, jotka ovat v\u00e4ltt\u00e4m\u00e4tt\u00f6mi\u00e4 tilausprosessin toimimiseksi. Tietoja ei k\u00e4ytet\u00e4 markkinointitarkoituksiin, ja ne k\u00e4sittelee Liveto omien tietosuojak\u00e4yt\u00e4nt\u00f6jens\u00e4 mukaisesti.<\/p>\n<hr data-start=\"1720\" data-end=\"1723\" \/>\n<h2 data-start=\"1725\" data-end=\"1758\">5. Tietojen luovutus ja siirto<\/h2>\n<ul data-start=\"1759\" data-end=\"2014\">\n<li data-start=\"1759\" data-end=\"1828\">\n<p data-start=\"1761\" data-end=\"1828\">Tietoja voidaan luovuttaa viranomaisille lain niin edellytt\u00e4ess\u00e4.<\/p>\n<\/li>\n<li data-start=\"1829\" data-end=\"1929\">\n<p data-start=\"1831\" data-end=\"1929\">Tietoja voidaan siirt\u00e4\u00e4 palveluntarjoajille (esim. verkkosivujen yll\u00e4pito, analytiikkapalvelut).<\/p>\n<\/li>\n<li data-start=\"1930\" data-end=\"2014\">\n<p data-start=\"1932\" data-end=\"2014\">Tietoja ei siirret\u00e4 EU:n tai ETA:n ulkopuolelle ilman asianmukaisia suojatoimia.<\/p>\n<\/li>\n<\/ul>\n<hr data-start=\"2016\" data-end=\"2019\" \/>\n<h2 data-start=\"2021\" data-end=\"2044\">6. Tietojen s\u00e4ilytys<\/h2>\n<p data-start=\"2045\" data-end=\"2186\">Henkil\u00f6tietoja s\u00e4ilytet\u00e4\u00e4n vain niin kauan kuin se on tarpeellista t\u00e4ss\u00e4 selosteessa mainittuihin tarkoituksiin tai lain velvoittaman ajan.<\/p>\n<hr data-start=\"2188\" data-end=\"2191\" \/>\n<h2 data-start=\"2193\" data-end=\"2221\">7. Rekister\u00f6idyn oikeudet<\/h2>\n<p data-start=\"2222\" data-end=\"2250\">Rekister\u00f6idyll\u00e4 on oikeus:<\/p>\n<ul data-start=\"2251\" data-end=\"2570\">\n<li data-start=\"2251\" data-end=\"2284\">\n<p data-start=\"2253\" data-end=\"2284\">Saada p\u00e4\u00e4sy omiin tietoihinsa<\/p>\n<\/li>\n<li data-start=\"2285\" data-end=\"2327\">\n<p data-start=\"2287\" data-end=\"2327\">Pyyt\u00e4\u00e4 virheellisten tietojen oikaisua<\/p>\n<\/li>\n<li data-start=\"2328\" data-end=\"2388\">\n<p data-start=\"2330\" data-end=\"2388\">Pyyt\u00e4\u00e4 tietojen poistamista (\u201doikeus tulla unohdetuksi\u201d)<\/p>\n<\/li>\n<li data-start=\"2389\" data-end=\"2435\">\n<p data-start=\"2391\" data-end=\"2435\">Rajoittaa k\u00e4sittely\u00e4 tietyiss\u00e4 tilanteissa<\/p>\n<\/li>\n<li data-start=\"2436\" data-end=\"2486\">\n<p data-start=\"2438\" data-end=\"2486\">Vastustaa tietojen k\u00e4ytt\u00f6\u00e4 suoramarkkinointiin<\/p>\n<\/li>\n<li data-start=\"2487\" data-end=\"2570\">\n<p data-start=\"2489\" data-end=\"2570\">Tehd\u00e4 valitus valvontaviranomaiselle (Suomessa: Tietosuojavaltuutetun toimisto)<\/p>\n<\/li>\n<\/ul>\n<p data-start=\"2572\" data-end=\"2636\">Pyynn\u00f6t voi l\u00e4hett\u00e4\u00e4 s\u00e4hk\u00f6postitse osoitteeseen: bar@osmoscosmos.com<\/p>\n<hr data-start=\"2638\" data-end=\"2641\" \/>\n<h2 data-start=\"2643\" data-end=\"2659\">8. Tietoturva<\/h2>\n<p data-start=\"2660\" data-end=\"2778\">Tietoja k\u00e4sitell\u00e4\u00e4n luottamuksellisesti ja suojataan asianmukaisilla teknisill\u00e4 ja organisatorisilla toimenpiteill\u00e4.<\/p>\n<hr data-start=\"2780\" data-end=\"2783\" \/>\n<h2 data-start=\"2785\" data-end=\"2819\">9. Muutokset t\u00e4h\u00e4n selosteeseen<\/h2>\n<p data-start=\"2820\" data-end=\"2914\">Pid\u00e4t\u00e4mme oikeuden p\u00e4ivitt\u00e4\u00e4 t\u00e4t\u00e4 tietosuojaselostetta. Muutokset julkaistaan t\u00e4ll\u00e4 sivulla.<\/p>\n<\/div>\n<\/div><\/div><\/div><\/div><div id=\"pgc-10285-2-2\"  class=\"panel-grid-cell panel-grid-cell-empty\" ><\/div><\/div><\/div><div id=\"pg-10285-3\"  class=\"panel-grid panel-has-style\" ><div class=\"siteorigin-panels-stretch panel-row-style-full-width panel-row-style panel-row-style-for-10285-3\" data-stretch-type=\"full\" ><div id=\"pgc-10285-3-0\"  class=\"panel-grid-cell panel-grid-cell-empty\" ><\/div><\/div><\/div><\/div>","protected":false},"excerpt":{"rendered":"<p>Tietosuojaseloste OC Bar OyVerkkosivusto: https:\/\/osmoscosmos.com\/ocbar\/ P\u00e4ivitetty: 25.9.2025 1. Rekisterinpit\u00e4j\u00e4 OC Bar OyY-tunnus: 2215856-2S\u00e4hk\u00f6posti: \u00a0bar@osmoscosmos.comPuhelin: 010-666 6666 2. Henkil\u00f6tietojen k\u00e4sittelyn tarkoitus Ker\u00e4\u00e4mme [&hellip;]<\/p>\n","protected":false},"author":1,"featured_media":0,"parent":0,"menu_order":0,"comment_status":"closed","ping_status":"closed","template":"","meta":{"footnotes":""},"class_list":["post-10285","page","type-page","status-publish","hentry","post"],"yoast_head":"<!-- This site is optimized with the Yoast SEO plugin v27.1.1 - https:\/\/yoast.com\/product\/yoast-seo-wordpress\/ -->\n<title>Tietosuojaseloste<\/title>\n<meta name=\"description\" content=\"Katso lis\u00e4\u00e4 &gt;&gt;\" \/>\n<meta name=\"robots\" content=\"noindex, nofollow\" \/>\n<meta property=\"og:locale\" content=\"fi_FI\" \/>\n<meta property=\"og:type\" content=\"article\" \/>\n<meta property=\"og:title\" content=\"Tietosuojaseloste\" \/>\n<meta property=\"og:description\" content=\"Katso lis\u00e4\u00e4 &gt;&gt;\" \/>\n<meta property=\"og:url\" content=\"https:\/\/osmoscosmos.com\/ocbar\/tietosuojaseloste\/\" \/>\n<meta property=\"og:site_name\" content=\"OC Bar - Club \u00b7 Pub \u00b7 Karaoke \u00b7 Sport Bar\" \/>\n<meta property=\"article:modified_time\" content=\"2025-09-25T16:20:58+00:00\" \/>\n<meta property=\"og:image\" content=\"https:\/\/osmoscosmos.com\/ocbar\/wp-content\/uploads\/2023\/02\/OC-SHOW-2019-2200-px2-1024x1024.png\" \/>\n\t<meta property=\"og:image:width\" content=\"1024\" \/>\n\t<meta property=\"og:image:height\" content=\"1024\" \/>\n\t<meta property=\"og:image:type\" content=\"image\/png\" \/>\n<meta name=\"twitter:card\" content=\"summary_large_image\" \/>\n<meta name=\"twitter:label1\" content=\"Arvioitu lukuaika\" \/>\n\t<meta name=\"twitter:data1\" content=\"2 minuuttia\" \/>\n<script type=\"application\/ld+json\" class=\"yoast-schema-graph\">{\"@context\":\"https:\/\/schema.org\",\"@graph\":[{\"@type\":\"WebPage\",\"@id\":\"https:\/\/osmoscosmos.com\/ocbar\/tietosuojaseloste\/\",\"url\":\"https:\/\/osmoscosmos.com\/ocbar\/tietosuojaseloste\/\",\"name\":\"Tietosuojaseloste\",\"isPartOf\":{\"@id\":\"https:\/\/osmoscosmos.com\/ocbar\/#website\"},\"datePublished\":\"2025-09-25T14:53:20+00:00\",\"dateModified\":\"2025-09-25T16:20:58+00:00\",\"description\":\"Katso lis\u00e4\u00e4 >>\",\"breadcrumb\":{\"@id\":\"https:\/\/osmoscosmos.com\/ocbar\/tietosuojaseloste\/#breadcrumb\"},\"inLanguage\":\"fi\",\"potentialAction\":[{\"@type\":\"ReadAction\",\"target\":[\"https:\/\/osmoscosmos.com\/ocbar\/tietosuojaseloste\/\"]}]},{\"@type\":\"BreadcrumbList\",\"@id\":\"https:\/\/osmoscosmos.com\/ocbar\/tietosuojaseloste\/#breadcrumb\",\"itemListElement\":[{\"@type\":\"ListItem\",\"position\":1,\"name\":\"Etusivu\",\"item\":\"https:\/\/osmoscosmos.com\/ocbar\/\"},{\"@type\":\"ListItem\",\"position\":2,\"name\":\"Tietosuojaseloste\"}]},{\"@type\":\"WebSite\",\"@id\":\"https:\/\/osmoscosmos.com\/ocbar\/#website\",\"url\":\"https:\/\/osmoscosmos.com\/ocbar\/\",\"name\":\"OC Bar - Club \u00b7 Pub \u00b7 Karaoke \u00b7 Sport Bar\",\"description\":\"Club \u00b7 Pub \u00b7 Karaoke \u00b7 Sport Bar\",\"publisher\":{\"@id\":\"https:\/\/osmoscosmos.com\/ocbar\/#organization\"},\"potentialAction\":[{\"@type\":\"SearchAction\",\"target\":{\"@type\":\"EntryPoint\",\"urlTemplate\":\"https:\/\/osmoscosmos.com\/ocbar\/?s={search_term_string}\"},\"query-input\":{\"@type\":\"PropertyValueSpecification\",\"valueRequired\":true,\"valueName\":\"search_term_string\"}}],\"inLanguage\":\"fi\"},{\"@type\":\"Organization\",\"@id\":\"https:\/\/osmoscosmos.com\/ocbar\/#organization\",\"name\":\"Osmo\u2019s Cosmos Bar\",\"alternateName\":\"Osmo\u2019s Cosmos Bar\",\"url\":\"https:\/\/osmoscosmos.com\/ocbar\/\",\"logo\":{\"@type\":\"ImageObject\",\"inLanguage\":\"fi\",\"@id\":\"https:\/\/osmoscosmos.com\/ocbar\/#\/schema\/logo\/image\/\",\"url\":\"https:\/\/osmoscosmos.com\/ocbar\/wp-content\/uploads\/2021\/08\/cropped-OC-BAR-logo-etusivu.png\",\"contentUrl\":\"https:\/\/osmoscosmos.com\/ocbar\/wp-content\/uploads\/2021\/08\/cropped-OC-BAR-logo-etusivu.png\",\"width\":250,\"height\":250,\"caption\":\"Osmo\u2019s Cosmos Bar\"},\"image\":{\"@id\":\"https:\/\/osmoscosmos.com\/ocbar\/#\/schema\/logo\/image\/\"}}]}<\/script>\n<!-- \/ Yoast SEO plugin. -->","yoast_head_json":{"title":"Tietosuojaseloste","description":"Katso lis\u00e4\u00e4 >>","robots":{"index":"noindex","follow":"nofollow"},"og_locale":"fi_FI","og_type":"article","og_title":"Tietosuojaseloste","og_description":"Katso lis\u00e4\u00e4 >>","og_url":"https:\/\/osmoscosmos.com\/ocbar\/tietosuojaseloste\/","og_site_name":"OC Bar - Club \u00b7 Pub \u00b7 Karaoke \u00b7 Sport Bar","article_modified_time":"2025-09-25T16:20:58+00:00","og_image":[{"width":1024,"height":1024,"url":"https:\/\/osmoscosmos.com\/ocbar\/wp-content\/uploads\/2023\/02\/OC-SHOW-2019-2200-px2-1024x1024.png","type":"image\/png"}],"twitter_card":"summary_large_image","twitter_misc":{"Arvioitu lukuaika":"2 minuuttia"},"schema":{"@context":"https:\/\/schema.org","@graph":[{"@type":"WebPage","@id":"https:\/\/osmoscosmos.com\/ocbar\/tietosuojaseloste\/","url":"https:\/\/osmoscosmos.com\/ocbar\/tietosuojaseloste\/","name":"Tietosuojaseloste","isPartOf":{"@id":"https:\/\/osmoscosmos.com\/ocbar\/#website"},"datePublished":"2025-09-25T14:53:20+00:00","dateModified":"2025-09-25T16:20:58+00:00","description":"Katso lis\u00e4\u00e4 >>","breadcrumb":{"@id":"https:\/\/osmoscosmos.com\/ocbar\/tietosuojaseloste\/#breadcrumb"},"inLanguage":"fi","potentialAction":[{"@type":"ReadAction","target":["https:\/\/osmoscosmos.com\/ocbar\/tietosuojaseloste\/"]}]},{"@type":"BreadcrumbList","@id":"https:\/\/osmoscosmos.com\/ocbar\/tietosuojaseloste\/#breadcrumb","itemListElement":[{"@type":"ListItem","position":1,"name":"Etusivu","item":"https:\/\/osmoscosmos.com\/ocbar\/"},{"@type":"ListItem","position":2,"name":"Tietosuojaseloste"}]},{"@type":"WebSite","@id":"https:\/\/osmoscosmos.com\/ocbar\/#website","url":"https:\/\/osmoscosmos.com\/ocbar\/","name":"OC Bar - Club \u00b7 Pub \u00b7 Karaoke \u00b7 Sport Bar","description":"Club \u00b7 Pub \u00b7 Karaoke \u00b7 Sport Bar","publisher":{"@id":"https:\/\/osmoscosmos.com\/ocbar\/#organization"},"potentialAction":[{"@type":"SearchAction","target":{"@type":"EntryPoint","urlTemplate":"https:\/\/osmoscosmos.com\/ocbar\/?s={search_term_string}"},"query-input":{"@type":"PropertyValueSpecification","valueRequired":true,"valueName":"search_term_string"}}],"inLanguage":"fi"},{"@type":"Organization","@id":"https:\/\/osmoscosmos.com\/ocbar\/#organization","name":"Osmo\u2019s Cosmos Bar","alternateName":"Osmo\u2019s Cosmos Bar","url":"https:\/\/osmoscosmos.com\/ocbar\/","logo":{"@type":"ImageObject","inLanguage":"fi","@id":"https:\/\/osmoscosmos.com\/ocbar\/#\/schema\/logo\/image\/","url":"https:\/\/osmoscosmos.com\/ocbar\/wp-content\/uploads\/2021\/08\/cropped-OC-BAR-logo-etusivu.png","contentUrl":"https:\/\/osmoscosmos.com\/ocbar\/wp-content\/uploads\/2021\/08\/cropped-OC-BAR-logo-etusivu.png","width":250,"height":250,"caption":"Osmo\u2019s Cosmos Bar"},"image":{"@id":"https:\/\/osmoscosmos.com\/ocbar\/#\/schema\/logo\/image\/"}}]}},"rttpg_featured_image_url":null,"rttpg_author":{"display_name":"baradmin","author_link":"https:\/\/osmoscosmos.com\/ocbar\/author\/baradmin\/"},"rttpg_comment":0,"rttpg_category":null,"rttpg_excerpt":"Tietosuojaseloste OC Bar OyVerkkosivusto: https:\/\/osmoscosmos.com\/ocbar\/ P\u00e4ivitetty: 25.9.2025 1. Rekisterinpit\u00e4j\u00e4 OC Bar OyY-tunnus: 2215856-2S\u00e4hk\u00f6posti: \u00a0bar@osmoscosmos.comPuhelin: 010-666 6666 2. Henkil\u00f6tietojen k\u00e4sittelyn tarkoitus Ker\u00e4\u00e4mme [&hellip;]","_links":{"self":[{"href":"https:\/\/osmoscosmos.com\/ocbar\/wp-json\/wp\/v2\/pages\/10285","targetHints":{"allow":["GET"]}}],"collection":[{"href":"https:\/\/osmoscosmos.com\/ocbar\/wp-json\/wp\/v2\/pages"}],"about":[{"href":"https:\/\/osmoscosmos.com\/ocbar\/wp-json\/wp\/v2\/types\/page"}],"author":[{"embeddable":true,"href":"https:\/\/osmoscosmos.com\/ocbar\/wp-json\/wp\/v2\/users\/1"}],"replies":[{"embeddable":true,"href":"https:\/\/osmoscosmos.com\/ocbar\/wp-json\/wp\/v2\/comments?post=10285"}],"version-history":[{"count":11,"href":"https:\/\/osmoscosmos.com\/ocbar\/wp-json\/wp\/v2\/pages\/10285\/revisions"}],"predecessor-version":[{"id":10304,"href":"https:\/\/osmoscosmos.com\/ocbar\/wp-json\/wp\/v2\/pages\/10285\/revisions\/10304"}],"wp:attachment":[{"href":"https:\/\/osmoscosmos.com\/ocbar\/wp-json\/wp\/v2\/media?parent=10285"}],"curies":[{"name":"wp","href":"https:\/\/api.w.org\/{rel}","templated":true}]}}