{"id":6019,"date":"2021-09-13T18:49:50","date_gmt":"2021-09-13T15:49:50","guid":{"rendered":"https:\/\/www.allgrafia.com\/demo3\/?page_id=6019"},"modified":"2024-09-21T13:27:00","modified_gmt":"2024-09-21T10:27:00","slug":"pub","status":"publish","type":"page","link":"https:\/\/osmoscosmos.com\/ocbar\/pub\/","title":{"rendered":"Pub"},"content":{"rendered":"<div id=\"pl-6019\"  class=\"panel-layout\" ><div id=\"pg-6019-0\"  class=\"panel-grid panel-has-style\" ><div class=\"siteorigin-panels-stretch panel-row-style-full-width panel-row-style panel-row-style-for-6019-0\" data-stretch-type=\"full-width-stretch\" ><div id=\"pgc-6019-0-0\"  class=\"panel-grid-cell panel-grid-cell-empty\" ><\/div><\/div><\/div><div id=\"pg-6019-1\"  class=\"panel-grid panel-has-style\" ><div class=\"siteorigin-panels-stretch panel-row-style-full-width panel-row-style panel-row-style-for-6019-1\" data-stretch-type=\"full-width-stretch\" ><div id=\"pgc-6019-1-0\"  class=\"panel-grid-cell\" ><div id=\"panel-6019-1-0-0\" class=\"so-panel widget widget_sow-headline panel-first-child panel-last-child\" data-index=\"0\" ><div\n\t\t\t\n\t\t\tclass=\"so-widget-sow-headline so-widget-sow-headline-default-5cb3424bf6e7-6019 so-widget-fittext-wrapper\"\n\t\t\t data-fit-text-compressor=\"1.2\"\n\t\t><div class=\"sow-headline-container \">\n\t\t\t\t\t\t\t<h1 class=\"sow-headline\">\n\t\t\t\t\t\tPub\t\t\t\t\t\t<\/h1>\n\t\t\t\t\t\t<\/div>\n<\/div><\/div><\/div><\/div><\/div><div id=\"pg-6019-2\"  class=\"panel-grid panel-has-style\" ><div class=\"siteorigin-panels-stretch panel-row-style-full-width panel-row-style panel-row-style-for-6019-2\" style=\"background-color: #101010; \" data-stretch-type=\"full\" ><div id=\"pgc-6019-2-0\"  class=\"panel-grid-cell\" ><div id=\"panel-6019-2-0-0\" class=\"so-panel widget widget_sow-editor panel-first-child panel-last-child\" data-index=\"1\" ><div\n\t\t\t\n\t\t\tclass=\"so-widget-sow-editor so-widget-sow-editor-base\"\n\t\t\t\n\t\t>\n<div class=\"siteorigin-widget-tinymce textwidget\">\n\t\n\t<div class=\"wp-spaios-slider-wrap wp-spaios-row-clearfix\" data-conf=\"{&quot;arrow&quot;:&quot;false&quot;,&quot;pagination&quot;:&quot;false&quot;,&quot;speed&quot;:&quot;1000&quot;,&quot;autoplay&quot;:&quot;true&quot;,&quot;autoplay_speed&quot;:&quot;3000&quot;,&quot;loop&quot;:&quot;true&quot;,&quot;slide_to_show_owl&quot;:3,&quot;slide_show_ipad_owl&quot;:&quot;2&quot;,&quot;slide_show_tablet_owl&quot;:&quot;2&quot;,&quot;slide_show_mobile_owl&quot;:&quot;1&quot;,&quot;slide_to_scroll_owl&quot;:1,&quot;slide_margin_owl&quot;:5,&quot;slide_padding_owl&quot;:&quot;&quot;,&quot;start_slide_owl&quot;:&quot;&quot;,&quot;slide_center_owl&quot;:&quot;false&quot;,&quot;slide_autowidth_owl&quot;:&quot;false&quot;,&quot;slide_freeDrag_owl&quot;:&quot;false&quot;,&quot;height_auto_owl&quot;:&quot;false&quot;,&quot;slide_rtl_owl&quot;:&quot;false&quot;}\">\n\t\t<div class=\"wp-spaios-slider wp-spaios-owl-slider wp-spaios-gallery owl-carousel\" id=\"wp-spaios-owl-slider-1\" style=\"\">\n\t\t\t\r\n<div class=\"wp-spaios-owl-slide\">\r\n\t\t\t<a class=\"wp-spaios-img-link\" href=\"https:\/\/osmoscosmos.com\/ocbar\/wp-content\/uploads\/2023\/03\/Pub-Sport-Bar-2-1024x576.jpg\" data-fancybox=\"gallery\" data-options=\"{&quot;loop&quot;:&quot;true&quot;,&quot;transitionEffect&quot;:&quot;slide&quot;}\">\r\n\t\t\t<img decoding=\"async\" class=\"wp-spaios-slider-image lazyload\" data-src=\"https:\/\/osmoscosmos.com\/ocbar\/wp-content\/uploads\/2023\/03\/Pub-Sport-Bar-2-1024x576.jpg\" alt=\"\" title=\"Pub Sport Bar 2\" src=\"data:image\/svg+xml;base64,PHN2ZyB3aWR0aD0iMSIgaGVpZ2h0PSIxIiB4bWxucz0iaHR0cDovL3d3dy53My5vcmcvMjAwMC9zdmciPjwvc3ZnPg==\" style=\"--smush-placeholder-width: 1024px; --smush-placeholder-aspect-ratio: 1024\/576;\" \/>\r\n\t\t<\/a>\r\n\t<\/div>\r\n<div class=\"wp-spaios-owl-slide\">\r\n\t\t\t<a class=\"wp-spaios-img-link\" href=\"https:\/\/osmoscosmos.com\/ocbar\/wp-content\/uploads\/2023\/03\/Pub-tiski-1-1024x576.jpg\" data-fancybox=\"gallery\" data-options=\"{&quot;loop&quot;:&quot;true&quot;,&quot;transitionEffect&quot;:&quot;slide&quot;}\">\r\n\t\t\t<img decoding=\"async\" class=\"wp-spaios-slider-image lazyload\" data-src=\"https:\/\/osmoscosmos.com\/ocbar\/wp-content\/uploads\/2023\/03\/Pub-tiski-1-1024x576.jpg\" alt=\"\" title=\"Pub tiski 1\" src=\"data:image\/svg+xml;base64,PHN2ZyB3aWR0aD0iMSIgaGVpZ2h0PSIxIiB4bWxucz0iaHR0cDovL3d3dy53My5vcmcvMjAwMC9zdmciPjwvc3ZnPg==\" style=\"--smush-placeholder-width: 1024px; --smush-placeholder-aspect-ratio: 1024\/576;\" \/>\r\n\t\t<\/a>\r\n\t<\/div>\r\n<div class=\"wp-spaios-owl-slide\">\r\n\t\t\t<a class=\"wp-spaios-img-link\" href=\"https:\/\/osmoscosmos.com\/ocbar\/wp-content\/uploads\/2023\/03\/Pub-pelit-1-1024x576.jpg\" data-fancybox=\"gallery\" data-options=\"{&quot;loop&quot;:&quot;true&quot;,&quot;transitionEffect&quot;:&quot;slide&quot;}\">\r\n\t\t\t<img decoding=\"async\" class=\"wp-spaios-slider-image lazyload\" data-src=\"https:\/\/osmoscosmos.com\/ocbar\/wp-content\/uploads\/2023\/03\/Pub-pelit-1-1024x576.jpg\" alt=\"\" title=\"Pub pelit 1\" src=\"data:image\/svg+xml;base64,PHN2ZyB3aWR0aD0iMSIgaGVpZ2h0PSIxIiB4bWxucz0iaHR0cDovL3d3dy53My5vcmcvMjAwMC9zdmciPjwvc3ZnPg==\" style=\"--smush-placeholder-width: 1024px; --smush-placeholder-aspect-ratio: 1024\/576;\" \/>\r\n\t\t<\/a>\r\n\t<\/div>\r\n<div class=\"wp-spaios-owl-slide\">\r\n\t\t\t<a class=\"wp-spaios-img-link\" href=\"https:\/\/osmoscosmos.com\/ocbar\/wp-content\/uploads\/2023\/03\/Pub-biljardi-1-1024x576.jpg\" data-fancybox=\"gallery\" data-options=\"{&quot;loop&quot;:&quot;true&quot;,&quot;transitionEffect&quot;:&quot;slide&quot;}\">\r\n\t\t\t<img decoding=\"async\" class=\"wp-spaios-slider-image lazyload\" data-src=\"https:\/\/osmoscosmos.com\/ocbar\/wp-content\/uploads\/2023\/03\/Pub-biljardi-1-1024x576.jpg\" alt=\"\" title=\"Pub biljardi 1\" src=\"data:image\/svg+xml;base64,PHN2ZyB3aWR0aD0iMSIgaGVpZ2h0PSIxIiB4bWxucz0iaHR0cDovL3d3dy53My5vcmcvMjAwMC9zdmciPjwvc3ZnPg==\" style=\"--smush-placeholder-width: 1024px; --smush-placeholder-aspect-ratio: 1024\/576;\" \/>\r\n\t\t<\/a>\r\n\t<\/div>\r\n<div class=\"wp-spaios-owl-slide\">\r\n\t\t\t<a class=\"wp-spaios-img-link\" href=\"https:\/\/osmoscosmos.com\/ocbar\/wp-content\/uploads\/2024\/06\/Reaktiopeli-1024x576.jpg\" data-fancybox=\"gallery\" data-options=\"{&quot;loop&quot;:&quot;true&quot;,&quot;transitionEffect&quot;:&quot;slide&quot;}\">\r\n\t\t\t<img decoding=\"async\" class=\"wp-spaios-slider-image lazyload\" data-src=\"https:\/\/osmoscosmos.com\/ocbar\/wp-content\/uploads\/2024\/06\/Reaktiopeli-1024x576.jpg\" alt=\"\" title=\"Reaktiopeli\" src=\"data:image\/svg+xml;base64,PHN2ZyB3aWR0aD0iMSIgaGVpZ2h0PSIxIiB4bWxucz0iaHR0cDovL3d3dy53My5vcmcvMjAwMC9zdmciPjwvc3ZnPg==\" style=\"--smush-placeholder-width: 1024px; --smush-placeholder-aspect-ratio: 1024\/576;\" \/>\r\n\t\t<\/a>\r\n\t<\/div>\r\n<div class=\"wp-spaios-owl-slide\">\r\n\t\t\t<a class=\"wp-spaios-img-link\" href=\"https:\/\/osmoscosmos.com\/ocbar\/wp-content\/uploads\/2023\/03\/Pub-Sport-Bar-1-1024x576.jpg\" data-fancybox=\"gallery\" data-options=\"{&quot;loop&quot;:&quot;true&quot;,&quot;transitionEffect&quot;:&quot;slide&quot;}\">\r\n\t\t\t<img decoding=\"async\" class=\"wp-spaios-slider-image lazyload\" data-src=\"https:\/\/osmoscosmos.com\/ocbar\/wp-content\/uploads\/2023\/03\/Pub-Sport-Bar-1-1024x576.jpg\" alt=\"\" title=\"Pub Sport Bar 1\" src=\"data:image\/svg+xml;base64,PHN2ZyB3aWR0aD0iMSIgaGVpZ2h0PSIxIiB4bWxucz0iaHR0cDovL3d3dy53My5vcmcvMjAwMC9zdmciPjwvc3ZnPg==\" style=\"--smush-placeholder-width: 1024px; --smush-placeholder-aspect-ratio: 1024\/576;\" \/>\r\n\t\t<\/a>\r\n\t<\/div>\r\n<div class=\"wp-spaios-owl-slide\">\r\n\t\t\t<a class=\"wp-spaios-img-link\" href=\"https:\/\/osmoscosmos.com\/ocbar\/wp-content\/uploads\/2024\/06\/Nyrkkeilykone-1024x576.jpg\" data-fancybox=\"gallery\" data-options=\"{&quot;loop&quot;:&quot;true&quot;,&quot;transitionEffect&quot;:&quot;slide&quot;}\">\r\n\t\t\t<img decoding=\"async\" class=\"wp-spaios-slider-image lazyload\" data-src=\"https:\/\/osmoscosmos.com\/ocbar\/wp-content\/uploads\/2024\/06\/Nyrkkeilykone-1024x576.jpg\" alt=\"\" title=\"Nyrkkeilykone\" src=\"data:image\/svg+xml;base64,PHN2ZyB3aWR0aD0iMSIgaGVpZ2h0PSIxIiB4bWxucz0iaHR0cDovL3d3dy53My5vcmcvMjAwMC9zdmciPjwvc3ZnPg==\" style=\"--smush-placeholder-width: 1024px; --smush-placeholder-aspect-ratio: 1024\/576;\" \/>\r\n\t\t<\/a>\r\n\t<\/div>\r\n<div class=\"wp-spaios-owl-slide\">\r\n\t\t\t<a class=\"wp-spaios-img-link\" href=\"https:\/\/osmoscosmos.com\/ocbar\/wp-content\/uploads\/2023\/03\/Pub-hanat-1-1024x576.jpg\" data-fancybox=\"gallery\" data-options=\"{&quot;loop&quot;:&quot;true&quot;,&quot;transitionEffect&quot;:&quot;slide&quot;}\">\r\n\t\t\t<img decoding=\"async\" class=\"wp-spaios-slider-image lazyload\" data-src=\"https:\/\/osmoscosmos.com\/ocbar\/wp-content\/uploads\/2023\/03\/Pub-hanat-1-1024x576.jpg\" alt=\"\" title=\"Pub hanat 1\" src=\"data:image\/svg+xml;base64,PHN2ZyB3aWR0aD0iMSIgaGVpZ2h0PSIxIiB4bWxucz0iaHR0cDovL3d3dy53My5vcmcvMjAwMC9zdmciPjwvc3ZnPg==\" style=\"--smush-placeholder-width: 1024px; --smush-placeholder-aspect-ratio: 1024\/576;\" \/>\r\n\t\t<\/a>\r\n\t<\/div>\r\n<div class=\"wp-spaios-owl-slide\">\r\n\t\t\t<a class=\"wp-spaios-img-link\" href=\"https:\/\/osmoscosmos.com\/ocbar\/wp-content\/uploads\/2024\/06\/Peliautomaatit-1024x576.jpg\" data-fancybox=\"gallery\" data-options=\"{&quot;loop&quot;:&quot;true&quot;,&quot;transitionEffect&quot;:&quot;slide&quot;}\">\r\n\t\t\t<img decoding=\"async\" class=\"wp-spaios-slider-image lazyload\" data-src=\"https:\/\/osmoscosmos.com\/ocbar\/wp-content\/uploads\/2024\/06\/Peliautomaatit-1024x576.jpg\" alt=\"\" title=\"Peliautomaatit\" src=\"data:image\/svg+xml;base64,PHN2ZyB3aWR0aD0iMSIgaGVpZ2h0PSIxIiB4bWxucz0iaHR0cDovL3d3dy53My5vcmcvMjAwMC9zdmciPjwvc3ZnPg==\" style=\"--smush-placeholder-width: 1024px; --smush-placeholder-aspect-ratio: 1024\/576;\" \/>\r\n\t\t<\/a>\r\n\t<\/div>\t\t\t\t\t<\/div>\n\t<\/div>\n\t\n<\/div>\n<\/div><\/div><\/div><\/div><\/div><div id=\"pg-6019-3\"  class=\"panel-grid panel-has-style\" ><div class=\"siteorigin-panels-stretch panel-row-style-full-width panel-row-style panel-row-style-for-6019-3\" data-stretch-type=\"full\" ><div id=\"pgc-6019-3-0\"  class=\"panel-grid-cell panel-grid-cell-empty\" ><\/div><div id=\"pgc-6019-3-1\"  class=\"panel-grid-cell panel-grid-cell-mobile-last\" ><div class=\"panel-cell-style panel-cell-style-for-6019-3-1\" ><div id=\"panel-6019-3-1-0\" class=\"so-panel widget widget_sow-editor panel-first-child panel-last-child\" data-index=\"2\" ><div\n\t\t\t\n\t\t\tclass=\"so-widget-sow-editor so-widget-sow-editor-base\"\n\t\t\t\n\t\t><h3 class=\"widget-title\">Osmo's Cosmos Barin katutasossa toimii Pub, joka on avoinna joka p\u00e4iv\u00e4 aamuysist\u00e4 pikkutunneille.<\/h3>\n<div class=\"siteorigin-widget-tinymce textwidget\">\n\t<p>Pubista l\u00f6ytyy laaja juomavalikoima, mm. jyhke\u00e4 rivi hanatuotteita, erikoisoluita ja -kahveja. Pubissa on tarjolla my\u00f6s \"finger food\" -herkkujen lis\u00e4ksi mm. maukas talon hampurilainen Osmo\u2019s Burger. Menu l\u00f6ytyy t\u00e4\u00e4lt\u00e4.<\/p>\n<p>Pubin sporttibaari-osiossa on j\u00e4ttin\u00e4yt\u00f6n lis\u00e4ksi useita n\u00e4ytt\u00f6j\u00e4, joista l\u00f6ytyy kaikki suosituimmat urheilukanavat.<\/p>\n<p>Pubista l\u00f6ytyy useita pelej\u00e4 mm. biljardi ja darts sek\u00e4 korttimaksulla toimivat monipelikoneet, nyrkkeilykone ja koukuttava reaktiopeli.<\/p>\n<p>Pubissa j\u00e4rjestet\u00e4\u00e4n mm. kev\u00e4t- ja syyskaudella joka toinen torstai visakonkari Vesa Kontisen vet\u00e4m\u00e4\u00e4 tietovisaa sek\u00e4 satunnaisesti akustisia live-iltoja.<\/p>\n<p>Iltaisin auki olevassa Karaoke Cornernissa on Singan itsepalvelukaraoke. Karaoke Cornerin tiski on auki perjantaisin ja lauantaisin, ja silloin on juonnettu karaoke.<\/p>\n<p>Huhtikuun alusta lokakuun loppuun pubin yhteydess\u00e4 toimii kaksi terassia, joista toinen on katettu s\u00e4\u00e4dett\u00e4v\u00e4ll\u00e4 katoksella ja seinill\u00e4.<\/p>\n<p>Perjantaisin ja lauantaisin sek\u00e4 erikoisiltoina klo 23:00 \u2013 04:30 Pub on samaa anniskelutilaa alakerran kanssa, joten kerrosten v\u00e4li\u00e4 voi kulkea my\u00f6s juomien kanssa.<\/p>\n<p>Pubiin ei ole narikka- eik\u00e4 p\u00e4\u00e4symaksua, pois lukien erikoisillat.<\/p>\n<p>&nbsp;<\/p>\n<p>Pub avoinna:<br \/>\nMa \u2013 to 09:00 \u2013 02:00<br \/>\nPe \u2013 la 09:00 \u2013 04:30 (my\u00f6s terassit)<br \/>\nSu 09:00 - 04:00<\/p>\n<\/div>\n<\/div><\/div><\/div><\/div><div id=\"pgc-6019-3-2\"  class=\"panel-grid-cell panel-grid-cell-empty\" ><\/div><\/div><\/div><\/div>","protected":false},"excerpt":{"rendered":"<p>Pub Osmo&#8217;s Cosmos Barin katutasossa toimii Pub, joka on avoinna joka p\u00e4iv\u00e4 aamuysist\u00e4 pikkutunneille. Pubista l\u00f6ytyy laaja juomavalikoima, mm. jyhke\u00e4 rivi [&hellip;]<\/p>\n","protected":false},"author":1,"featured_media":0,"parent":0,"menu_order":0,"comment_status":"closed","ping_status":"closed","template":"","meta":{"footnotes":""},"class_list":["post-6019","page","type-page","status-publish","hentry","post"],"yoast_head":"<!-- This site is optimized with the Yoast SEO plugin v27.1.1 - https:\/\/yoast.com\/product\/yoast-seo-wordpress\/ -->\n<title>Pub<\/title>\n<meta name=\"description\" content=\"Katso lis\u00e4\u00e4 &gt;&gt;\" \/>\n<meta name=\"robots\" content=\"index, follow, max-snippet:-1, max-image-preview:large, max-video-preview:-1\" \/>\n<link rel=\"canonical\" href=\"https:\/\/osmoscosmos.com\/ocbar\/pub\/\" \/>\n<meta property=\"og:locale\" content=\"fi_FI\" \/>\n<meta property=\"og:type\" content=\"article\" \/>\n<meta property=\"og:title\" content=\"Pub\" \/>\n<meta property=\"og:description\" content=\"Katso lis\u00e4\u00e4 &gt;&gt;\" \/>\n<meta property=\"og:url\" content=\"https:\/\/osmoscosmos.com\/ocbar\/pub\/\" \/>\n<meta property=\"og:site_name\" content=\"OC Bar - Club \u00b7 Pub \u00b7 Karaoke \u00b7 Sport Bar\" \/>\n<meta property=\"article:modified_time\" content=\"2024-09-21T10:27:00+00:00\" \/>\n<meta property=\"og:image\" content=\"https:\/\/osmoscosmos.com\/ocbar\/wp-content\/uploads\/2023\/03\/Pub-Sport-Bar-2-1024x576.jpg\" \/>\n<meta name=\"twitter:card\" content=\"summary_large_image\" \/>\n<meta name=\"twitter:label1\" content=\"Arvioitu lukuaika\" \/>\n\t<meta name=\"twitter:data1\" content=\"3 minuuttia\" \/>\n<script type=\"application\/ld+json\" class=\"yoast-schema-graph\">{\"@context\":\"https:\/\/schema.org\",\"@graph\":[{\"@type\":\"WebPage\",\"@id\":\"https:\/\/osmoscosmos.com\/ocbar\/pub\/\",\"url\":\"https:\/\/osmoscosmos.com\/ocbar\/pub\/\",\"name\":\"Pub\",\"isPartOf\":{\"@id\":\"https:\/\/osmoscosmos.com\/ocbar\/#website\"},\"primaryImageOfPage\":{\"@id\":\"https:\/\/osmoscosmos.com\/ocbar\/pub\/#primaryimage\"},\"image\":{\"@id\":\"https:\/\/osmoscosmos.com\/ocbar\/pub\/#primaryimage\"},\"thumbnailUrl\":\"https:\/\/osmoscosmos.com\/ocbar\/wp-content\/uploads\/2023\/03\/Pub-Sport-Bar-2-1024x576.jpg\",\"datePublished\":\"2021-09-13T15:49:50+00:00\",\"dateModified\":\"2024-09-21T10:27:00+00:00\",\"description\":\"Katso lis\u00e4\u00e4 >>\",\"breadcrumb\":{\"@id\":\"https:\/\/osmoscosmos.com\/ocbar\/pub\/#breadcrumb\"},\"inLanguage\":\"fi\",\"potentialAction\":[{\"@type\":\"ReadAction\",\"target\":[\"https:\/\/osmoscosmos.com\/ocbar\/pub\/\"]}]},{\"@type\":\"ImageObject\",\"inLanguage\":\"fi\",\"@id\":\"https:\/\/osmoscosmos.com\/ocbar\/pub\/#primaryimage\",\"url\":\"https:\/\/osmoscosmos.com\/ocbar\/wp-content\/uploads\/2023\/03\/Pub-Sport-Bar-2.jpg\",\"contentUrl\":\"https:\/\/osmoscosmos.com\/ocbar\/wp-content\/uploads\/2023\/03\/Pub-Sport-Bar-2.jpg\",\"width\":1920,\"height\":1080},{\"@type\":\"BreadcrumbList\",\"@id\":\"https:\/\/osmoscosmos.com\/ocbar\/pub\/#breadcrumb\",\"itemListElement\":[{\"@type\":\"ListItem\",\"position\":1,\"name\":\"Etusivu\",\"item\":\"https:\/\/osmoscosmos.com\/ocbar\/\"},{\"@type\":\"ListItem\",\"position\":2,\"name\":\"Pub\"}]},{\"@type\":\"WebSite\",\"@id\":\"https:\/\/osmoscosmos.com\/ocbar\/#website\",\"url\":\"https:\/\/osmoscosmos.com\/ocbar\/\",\"name\":\"OC Bar - Club \u00b7 Pub \u00b7 Karaoke \u00b7 Sport Bar\",\"description\":\"Club \u00b7 Pub \u00b7 Karaoke \u00b7 Sport Bar\",\"publisher\":{\"@id\":\"https:\/\/osmoscosmos.com\/ocbar\/#organization\"},\"potentialAction\":[{\"@type\":\"SearchAction\",\"target\":{\"@type\":\"EntryPoint\",\"urlTemplate\":\"https:\/\/osmoscosmos.com\/ocbar\/?s={search_term_string}\"},\"query-input\":{\"@type\":\"PropertyValueSpecification\",\"valueRequired\":true,\"valueName\":\"search_term_string\"}}],\"inLanguage\":\"fi\"},{\"@type\":\"Organization\",\"@id\":\"https:\/\/osmoscosmos.com\/ocbar\/#organization\",\"name\":\"Osmo\u2019s Cosmos Bar\",\"alternateName\":\"Osmo\u2019s Cosmos Bar\",\"url\":\"https:\/\/osmoscosmos.com\/ocbar\/\",\"logo\":{\"@type\":\"ImageObject\",\"inLanguage\":\"fi\",\"@id\":\"https:\/\/osmoscosmos.com\/ocbar\/#\/schema\/logo\/image\/\",\"url\":\"https:\/\/osmoscosmos.com\/ocbar\/wp-content\/uploads\/2021\/08\/cropped-OC-BAR-logo-etusivu.png\",\"contentUrl\":\"https:\/\/osmoscosmos.com\/ocbar\/wp-content\/uploads\/2021\/08\/cropped-OC-BAR-logo-etusivu.png\",\"width\":250,\"height\":250,\"caption\":\"Osmo\u2019s Cosmos Bar\"},\"image\":{\"@id\":\"https:\/\/osmoscosmos.com\/ocbar\/#\/schema\/logo\/image\/\"}}]}<\/script>\n<!-- \/ Yoast SEO plugin. -->","yoast_head_json":{"title":"Pub","description":"Katso lis\u00e4\u00e4 >>","robots":{"index":"index","follow":"follow","max-snippet":"max-snippet:-1","max-image-preview":"max-image-preview:large","max-video-preview":"max-video-preview:-1"},"canonical":"https:\/\/osmoscosmos.com\/ocbar\/pub\/","og_locale":"fi_FI","og_type":"article","og_title":"Pub","og_description":"Katso lis\u00e4\u00e4 >>","og_url":"https:\/\/osmoscosmos.com\/ocbar\/pub\/","og_site_name":"OC Bar - Club \u00b7 Pub \u00b7 Karaoke \u00b7 Sport Bar","article_modified_time":"2024-09-21T10:27:00+00:00","og_image":[{"url":"https:\/\/osmoscosmos.com\/ocbar\/wp-content\/uploads\/2023\/03\/Pub-Sport-Bar-2-1024x576.jpg","type":"","width":"","height":""}],"twitter_card":"summary_large_image","twitter_misc":{"Arvioitu lukuaika":"3 minuuttia"},"schema":{"@context":"https:\/\/schema.org","@graph":[{"@type":"WebPage","@id":"https:\/\/osmoscosmos.com\/ocbar\/pub\/","url":"https:\/\/osmoscosmos.com\/ocbar\/pub\/","name":"Pub","isPartOf":{"@id":"https:\/\/osmoscosmos.com\/ocbar\/#website"},"primaryImageOfPage":{"@id":"https:\/\/osmoscosmos.com\/ocbar\/pub\/#primaryimage"},"image":{"@id":"https:\/\/osmoscosmos.com\/ocbar\/pub\/#primaryimage"},"thumbnailUrl":"https:\/\/osmoscosmos.com\/ocbar\/wp-content\/uploads\/2023\/03\/Pub-Sport-Bar-2-1024x576.jpg","datePublished":"2021-09-13T15:49:50+00:00","dateModified":"2024-09-21T10:27:00+00:00","description":"Katso lis\u00e4\u00e4 >>","breadcrumb":{"@id":"https:\/\/osmoscosmos.com\/ocbar\/pub\/#breadcrumb"},"inLanguage":"fi","potentialAction":[{"@type":"ReadAction","target":["https:\/\/osmoscosmos.com\/ocbar\/pub\/"]}]},{"@type":"ImageObject","inLanguage":"fi","@id":"https:\/\/osmoscosmos.com\/ocbar\/pub\/#primaryimage","url":"https:\/\/osmoscosmos.com\/ocbar\/wp-content\/uploads\/2023\/03\/Pub-Sport-Bar-2.jpg","contentUrl":"https:\/\/osmoscosmos.com\/ocbar\/wp-content\/uploads\/2023\/03\/Pub-Sport-Bar-2.jpg","width":1920,"height":1080},{"@type":"BreadcrumbList","@id":"https:\/\/osmoscosmos.com\/ocbar\/pub\/#breadcrumb","itemListElement":[{"@type":"ListItem","position":1,"name":"Etusivu","item":"https:\/\/osmoscosmos.com\/ocbar\/"},{"@type":"ListItem","position":2,"name":"Pub"}]},{"@type":"WebSite","@id":"https:\/\/osmoscosmos.com\/ocbar\/#website","url":"https:\/\/osmoscosmos.com\/ocbar\/","name":"OC Bar - Club \u00b7 Pub \u00b7 Karaoke \u00b7 Sport Bar","description":"Club \u00b7 Pub \u00b7 Karaoke \u00b7 Sport Bar","publisher":{"@id":"https:\/\/osmoscosmos.com\/ocbar\/#organization"},"potentialAction":[{"@type":"SearchAction","target":{"@type":"EntryPoint","urlTemplate":"https:\/\/osmoscosmos.com\/ocbar\/?s={search_term_string}"},"query-input":{"@type":"PropertyValueSpecification","valueRequired":true,"valueName":"search_term_string"}}],"inLanguage":"fi"},{"@type":"Organization","@id":"https:\/\/osmoscosmos.com\/ocbar\/#organization","name":"Osmo\u2019s Cosmos Bar","alternateName":"Osmo\u2019s Cosmos Bar","url":"https:\/\/osmoscosmos.com\/ocbar\/","logo":{"@type":"ImageObject","inLanguage":"fi","@id":"https:\/\/osmoscosmos.com\/ocbar\/#\/schema\/logo\/image\/","url":"https:\/\/osmoscosmos.com\/ocbar\/wp-content\/uploads\/2021\/08\/cropped-OC-BAR-logo-etusivu.png","contentUrl":"https:\/\/osmoscosmos.com\/ocbar\/wp-content\/uploads\/2021\/08\/cropped-OC-BAR-logo-etusivu.png","width":250,"height":250,"caption":"Osmo\u2019s Cosmos Bar"},"image":{"@id":"https:\/\/osmoscosmos.com\/ocbar\/#\/schema\/logo\/image\/"}}]}},"rttpg_featured_image_url":null,"rttpg_author":{"display_name":"baradmin","author_link":"https:\/\/osmoscosmos.com\/ocbar\/author\/baradmin\/"},"rttpg_comment":0,"rttpg_category":null,"rttpg_excerpt":"Pub Osmo's Cosmos Barin katutasossa toimii Pub, joka on avoinna joka p\u00e4iv\u00e4 aamuysist\u00e4 pikkutunneille. Pubista l\u00f6ytyy laaja juomavalikoima, mm. jyhke\u00e4 rivi [&hellip;]","_links":{"self":[{"href":"https:\/\/osmoscosmos.com\/ocbar\/wp-json\/wp\/v2\/pages\/6019","targetHints":{"allow":["GET"]}}],"collection":[{"href":"https:\/\/osmoscosmos.com\/ocbar\/wp-json\/wp\/v2\/pages"}],"about":[{"href":"https:\/\/osmoscosmos.com\/ocbar\/wp-json\/wp\/v2\/types\/page"}],"author":[{"embeddable":true,"href":"https:\/\/osmoscosmos.com\/ocbar\/wp-json\/wp\/v2\/users\/1"}],"replies":[{"embeddable":true,"href":"https:\/\/osmoscosmos.com\/ocbar\/wp-json\/wp\/v2\/comments?post=6019"}],"version-history":[{"count":6,"href":"https:\/\/osmoscosmos.com\/ocbar\/wp-json\/wp\/v2\/pages\/6019\/revisions"}],"predecessor-version":[{"id":9408,"href":"https:\/\/osmoscosmos.com\/ocbar\/wp-json\/wp\/v2\/pages\/6019\/revisions\/9408"}],"wp:attachment":[{"href":"https:\/\/osmoscosmos.com\/ocbar\/wp-json\/wp\/v2\/media?parent=6019"}],"curies":[{"name":"wp","href":"https:\/\/api.w.org\/{rel}","templated":true}]}}