{"id":6163,"date":"2021-09-14T15:45:17","date_gmt":"2021-09-14T12:45:17","guid":{"rendered":"https:\/\/www.allgrafia.com\/demo3\/?page_id=6163"},"modified":"2025-02-10T10:53:41","modified_gmt":"2025-02-10T08:53:41","slug":"info","status":"publish","type":"page","link":"https:\/\/osmoscosmos.com\/ocbar\/info\/","title":{"rendered":"Info"},"content":{"rendered":"<div id=\"pl-6163\"  class=\"panel-layout\" ><div id=\"pg-6163-0\"  class=\"panel-grid panel-has-style\" ><div class=\"siteorigin-panels-stretch panel-row-style-full-width panel-row-style panel-row-style-for-6163-0\" data-stretch-type=\"full-width-stretch\" ><div id=\"pgc-6163-0-0\"  class=\"panel-grid-cell panel-grid-cell-empty\" ><\/div><\/div><\/div><div id=\"pg-6163-1\"  class=\"panel-grid panel-has-style\" ><div class=\"siteorigin-panels-stretch panel-row-style-full-width panel-row-style panel-row-style-for-6163-1\" data-stretch-type=\"full-width-stretch\" ><div id=\"pgc-6163-1-0\"  class=\"panel-grid-cell\" ><div id=\"panel-6163-1-0-0\" class=\"so-panel widget widget_sow-headline panel-first-child panel-last-child\" data-index=\"0\" ><div\n\t\t\t\n\t\t\tclass=\"so-widget-sow-headline so-widget-sow-headline-default-5cb3424bf6e7-6163 so-widget-fittext-wrapper\"\n\t\t\t data-fit-text-compressor=\"1.2\"\n\t\t><div class=\"sow-headline-container \">\n\t\t\t\t\t\t\t<h1 class=\"sow-headline\">\n\t\t\t\t\t\tInfo ja yhteystiedot\t\t\t\t\t\t<\/h1>\n\t\t\t\t\t\t<\/div>\n<\/div><\/div><\/div><\/div><\/div><div id=\"pg-6163-2\"  class=\"panel-grid panel-has-style\" ><div class=\"siteorigin-panels-stretch panel-row-style-full-width panel-row-style panel-row-style-for-6163-2\" data-stretch-type=\"full\" ><div id=\"pgc-6163-2-0\"  class=\"panel-grid-cell panel-grid-cell-empty\" ><\/div><div id=\"pgc-6163-2-1\"  class=\"panel-grid-cell\" ><div class=\"panel-cell-style panel-cell-style-for-6163-2-1\" ><div id=\"panel-6163-2-1-0\" class=\"so-panel widget widget_sow-editor panel-first-child panel-last-child\" data-index=\"1\" ><div\n\t\t\t\n\t\t\tclass=\"so-widget-sow-editor so-widget-sow-editor-base\"\n\t\t\t\n\t\t><h3 class=\"widget-title\">Aukioloajat ja yhteystiedot:<\/h3>\n<div class=\"siteorigin-widget-tinymce textwidget\">\n\t<p><strong>Aukioloajat:<\/strong><\/p>\n<p>Pub (katutaso)<br \/>\nMa \u2013 to 09:00 \u2013 02:00<br \/>\nPe \u2013 la 09:00 \u2013 04:30<br \/>\nSu 09:00 \u2013 04:00<\/p>\n<p>Club (alakerta)<br \/>\nPe \u2013 la 23:00 \u2013 04:30<br \/>\n<em>Ohjelmailtoina alakerta aukeaa 22:00<\/em><\/p>\n<p>Ik\u00e4raja 18 vuotta.<\/p>\n<p><strong>K\u00e4yntiosoite:<\/strong><br \/>\nOsmo\u2019s Cosmos Bar<br \/>\nKoskenparras 5<br \/>\n55100 IMATRA<\/p>\n<p><a href=\"https:\/\/goo.gl\/maps\/EcB39DGRDw1Byy1d6\" target=\"_blank\" rel=\"noopener\"><em><strong>Katso kartta &gt;&gt;<\/strong><\/em><\/a><\/p>\n<p>S\u00e4hk\u00f6posti: bar(at)osmoscosmos.com<\/p>\n<p>Puhelin: 010-666 6662 (pub)<\/p>\n<p>Ravintolap\u00e4\u00e4llikk\u00f6: Saku Purhonen<br \/>\nPuhelin: 010-666 6666<br \/>\nS\u00e4hk\u00f6posti: saku(at)osmoscosmos.com<\/p>\n<p>&nbsp;<\/p>\n<p>&nbsp;<\/p>\n<\/div>\n<\/div><\/div><\/div><\/div><div id=\"pgc-6163-2-2\"  class=\"panel-grid-cell panel-grid-cell-empty\" ><\/div><div id=\"pgc-6163-2-3\"  class=\"panel-grid-cell panel-grid-cell-mobile-last\" ><div class=\"panel-cell-style panel-cell-style-for-6163-2-3\" ><div id=\"panel-6163-2-3-0\" class=\"so-panel widget widget_sow-editor panel-first-child panel-last-child\" data-index=\"2\" ><div\n\t\t\t\n\t\t\tclass=\"so-widget-sow-editor so-widget-sow-editor-base\"\n\t\t\t\n\t\t><h3 class=\"widget-title\">Laskutus:<\/h3>\n<div class=\"siteorigin-widget-tinymce textwidget\">\n\t<p>Y-tunnus: 2215856-2<\/p>\n<p><strong>Verkkolaskuosoite:<\/strong><br \/>\nOC Bar Oy<br \/>\nOVT 003722158562<br \/>\nOperaattori Maventa<br \/>\nV\u00e4litt\u00e4j\u00e4tunnus pankkiverkosta l\u00e4hetett\u00e4ess\u00e4: DABAFIHH*<br \/>\n*K\u00e4ytt\u00e4k\u00e4\u00e4 t\u00e4t\u00e4 v\u00e4litt\u00e4j\u00e4tunnusta mik\u00e4li k\u00e4yt\u00f6ss\u00e4nne olevasta\u00a0verkkolaskutusohjelmasta ei voi l\u00e4hett\u00e4\u00e4 laskuja suoraan Maventan\u00a0v\u00e4litt\u00e4j\u00e4tunnukselle.<\/p>\n<p><strong>S\u00e4hk\u00f6postilaskuosoite:<\/strong><br \/>\n22158562(at)scan.netvisor.fi<br \/>\nLiitetiedoston formaatti: PDF<\/p>\n<p><strong>Paperilaskuosoite:<\/strong><br \/>\nOC Bar Oy<br \/>\n22158562<br \/>\nPL 100<br \/>\n80020 KOLLEKTOR SCAN<\/p>\n<\/div>\n<\/div><\/div><\/div><\/div><div id=\"pgc-6163-2-4\"  class=\"panel-grid-cell panel-grid-cell-empty\" ><\/div><\/div><\/div><div id=\"pg-6163-3\"  class=\"panel-grid panel-has-style\" ><div class=\"siteorigin-panels-stretch panel-row-style-full-width panel-row-style panel-row-style-for-6163-3\" data-stretch-type=\"full\" ><div id=\"pgc-6163-3-0\"  class=\"panel-grid-cell panel-grid-cell-empty\" ><\/div><div id=\"pgc-6163-3-1\"  class=\"panel-grid-cell\" ><div class=\"panel-cell-style panel-cell-style-for-6163-3-1\" ><div id=\"panel-6163-3-1-0\" class=\"so-panel widget widget_sow-editor panel-first-child panel-last-child\" data-index=\"3\" ><div\n\t\t\t\n\t\t\tclass=\"so-widget-sow-editor so-widget-sow-editor-base\"\n\t\t\t\n\t\t><h3 class=\"widget-title\">L\u00f6yt\u00f6tavarat<\/h3>\n<div class=\"siteorigin-widget-tinymce textwidget\">\n\t<p>L\u00f6yt\u00f6tavaroita voi tiedustella OC Barin pubista aukioloaikojen mukaisesti, puhelimitse 010-666 6662 tai s\u00e4hk\u00f6postilla osoitteesta saku(at)osmoscosmos.com.<\/p>\n<\/div>\n<\/div><\/div><\/div><\/div><div id=\"pgc-6163-3-2\"  class=\"panel-grid-cell panel-grid-cell-empty\" ><\/div><div id=\"pgc-6163-3-3\"  class=\"panel-grid-cell panel-grid-cell-mobile-last\" ><div class=\"panel-cell-style panel-cell-style-for-6163-3-3\" ><div id=\"panel-6163-3-3-0\" class=\"so-panel widget widget_sow-editor panel-first-child panel-last-child\" data-index=\"4\" ><div\n\t\t\t\n\t\t\tclass=\"so-widget-sow-editor so-widget-sow-editor-base\"\n\t\t\t\n\t\t><h3 class=\"widget-title\">B\u00e4ndit ym. esiintyj\u00e4t<\/h3>\n<div class=\"siteorigin-widget-tinymce textwidget\">\n\t<p>B\u00e4ndit huom!<br \/>\nKeikka-asioissa pyyd\u00e4mme ottamaan yhteytt\u00e4 s\u00e4hk\u00f6postitse toimisto(at)osmoscosmos.com<br \/>\nValitettavasti emme v\u00e4ltt\u00e4m\u00e4tt\u00e4 ehdi kaikkiin viesteihin vastailemaan, mutta kaikki tarjoukset toki tallennetaan ja huomioidaan ohjelmaa suunniteltaessa. Rok.<\/p>\n<\/div>\n<\/div><\/div><\/div><\/div><div id=\"pgc-6163-3-4\"  class=\"panel-grid-cell panel-grid-cell-empty\" ><\/div><\/div><\/div><div id=\"pg-6163-4\"  class=\"panel-grid panel-has-style\" ><div class=\"siteorigin-panels-stretch panel-row-style-full-width panel-row-style panel-row-style-for-6163-4\" data-stretch-type=\"full\" ><div id=\"pgc-6163-4-0\"  class=\"panel-grid-cell panel-grid-cell-empty\" ><\/div><div id=\"pgc-6163-4-1\"  class=\"panel-grid-cell\" ><div class=\"panel-cell-style panel-cell-style-for-6163-4-1\" ><div id=\"panel-6163-4-1-0\" class=\"so-panel widget widget_sow-editor panel-first-child panel-last-child\" data-index=\"5\" ><div\n\t\t\t\n\t\t\tclass=\"so-widget-sow-editor so-widget-sow-editor-base\"\n\t\t\t\n\t\t><h3 class=\"widget-title\">Kotisivut<\/h3>\n<div class=\"siteorigin-widget-tinymce textwidget\">\n\t<p>Visuaalinen ja graafinen toteutus <a href=\"http:\/\/www.music-bros.fi\/\" target=\"_blank\" rel=\"noopener noreferrer\">Music-Bros<\/a>, Pete Kiisseli &amp; Ville Soininen<\/p>\n<p>Valokuvat Tommi H\u00e4m\u00e4l\u00e4inen, <a href=\"http:\/\/www.music-bros.fi\" target=\"_blank\" rel=\"noopener noreferrer\">Music-Bros,<\/a> Nestori L\u00f6nngr\u00e9n<\/p>\n<p>Tekninen toteutus\u00a0<a href=\"http:\/\/www.allgrafia.com\" target=\"_blank\" rel=\"noopener noreferrer\">Allgrafia.com <img decoding=\"async\" data-src=\"https:\/\/www.allgrafia.com\/g\/allgrafia_logo_www_g_12.png\" alt=\"\" width=\"12\" height=\"19\" align=\"texttop\" border=\"0\" src=\"data:image\/svg+xml;base64,PHN2ZyB3aWR0aD0iMSIgaGVpZ2h0PSIxIiB4bWxucz0iaHR0cDovL3d3dy53My5vcmcvMjAwMC9zdmciPjwvc3ZnPg==\" class=\"lazyload\" style=\"--smush-placeholder-width: 12px; --smush-placeholder-aspect-ratio: 12\/19;\" \/><\/a> Tommi Eskelinen, <a href=\"http:\/\/www.music-bros.fi\" target=\"_blank\" rel=\"noopener noreferrer\">Music-Bros<\/a><\/p>\n<p>&nbsp;<\/p>\n<\/div>\n<\/div><\/div><\/div><\/div><div id=\"pgc-6163-4-2\"  class=\"panel-grid-cell panel-grid-cell-empty\" ><\/div><div id=\"pgc-6163-4-3\"  class=\"panel-grid-cell panel-grid-cell-mobile-last\" ><div class=\"panel-cell-style panel-cell-style-for-6163-4-3\" ><div id=\"panel-6163-4-3-0\" class=\"so-panel widget widget_sow-editor panel-first-child panel-last-child\" data-index=\"6\" ><div\n\t\t\t\n\t\t\tclass=\"so-widget-sow-editor so-widget-sow-editor-base\"\n\t\t\t\n\t\t><h3 class=\"widget-title\">Oiva-raportti<\/h3>\n<div class=\"siteorigin-widget-tinymce textwidget\">\n\t<p>&nbsp;<\/p>\n<p><a href=\"https:\/\/www.oivahymy.fi\/hae-yrityksia\/\" target=\"_blank\" rel=\"noopener\"><img decoding=\"async\" class=\"alignnone size-thumbnail wp-image-8737 lazyload\" data-src=\"https:\/\/osmoscosmos.com\/ocbar\/wp-content\/uploads\/2023\/12\/oiva_sinettilogo_rgb-150x150.gif\" alt=\"\" width=\"150\" height=\"150\" data-srcset=\"https:\/\/osmoscosmos.com\/ocbar\/wp-content\/uploads\/2023\/12\/oiva_sinettilogo_rgb-150x150.gif 150w, https:\/\/osmoscosmos.com\/ocbar\/wp-content\/uploads\/2023\/12\/oiva_sinettilogo_rgb-300x300.gif 300w, https:\/\/osmoscosmos.com\/ocbar\/wp-content\/uploads\/2023\/12\/oiva_sinettilogo_rgb-1024x1024.gif 1024w, https:\/\/osmoscosmos.com\/ocbar\/wp-content\/uploads\/2023\/12\/oiva_sinettilogo_rgb-768x768.gif 768w, https:\/\/osmoscosmos.com\/ocbar\/wp-content\/uploads\/2023\/12\/oiva_sinettilogo_rgb-1536x1536.gif 1536w, https:\/\/osmoscosmos.com\/ocbar\/wp-content\/uploads\/2023\/12\/oiva_sinettilogo_rgb-2048x2048.gif 2048w, https:\/\/osmoscosmos.com\/ocbar\/wp-content\/uploads\/2023\/12\/oiva_sinettilogo_rgb-1080x1080.gif 1080w\" data-sizes=\"(max-width: 150px) 100vw, 150px\" src=\"data:image\/svg+xml;base64,PHN2ZyB3aWR0aD0iMSIgaGVpZ2h0PSIxIiB4bWxucz0iaHR0cDovL3d3dy53My5vcmcvMjAwMC9zdmciPjwvc3ZnPg==\" style=\"--smush-placeholder-width: 150px; --smush-placeholder-aspect-ratio: 150\/150;\" \/>\u00a0 \u00a0<img decoding=\"async\" class=\"alignnone size-thumbnail wp-image-8738 lazyload\" data-src=\"https:\/\/osmoscosmos.com\/ocbar\/wp-content\/uploads\/2023\/12\/hymy_1_rgb-6-150x150.png\" alt=\"\" width=\"150\" height=\"150\" data-srcset=\"https:\/\/osmoscosmos.com\/ocbar\/wp-content\/uploads\/2023\/12\/hymy_1_rgb-6-150x150.png 150w, https:\/\/osmoscosmos.com\/ocbar\/wp-content\/uploads\/2023\/12\/hymy_1_rgb-6.png 284w\" data-sizes=\"(max-width: 150px) 100vw, 150px\" src=\"data:image\/svg+xml;base64,PHN2ZyB3aWR0aD0iMSIgaGVpZ2h0PSIxIiB4bWxucz0iaHR0cDovL3d3dy53My5vcmcvMjAwMC9zdmciPjwvc3ZnPg==\" style=\"--smush-placeholder-width: 150px; --smush-placeholder-aspect-ratio: 150\/150;\" \/><\/a><\/p>\n<\/div>\n<\/div><\/div><\/div><\/div><div id=\"pgc-6163-4-4\"  class=\"panel-grid-cell panel-grid-cell-empty\" ><\/div><\/div><\/div><div id=\"pg-6163-5\"  class=\"panel-grid panel-has-style\" ><div class=\"siteorigin-panels-stretch panel-row-style-full-width panel-row-style panel-row-style-for-6163-5\" data-stretch-type=\"full\" ><div id=\"pgc-6163-5-0\"  class=\"panel-grid-cell panel-grid-cell-empty\" ><\/div><\/div><\/div><\/div>","protected":false},"excerpt":{"rendered":"<p>Info ja yhteystiedot Aukioloajat ja yhteystiedot: Aukioloajat: Pub (katutaso) Ma \u2013 to 09:00 \u2013 02:00 Pe \u2013 la 09:00 \u2013 04:30 [&hellip;]<\/p>\n","protected":false},"author":1,"featured_media":0,"parent":0,"menu_order":0,"comment_status":"closed","ping_status":"closed","template":"","meta":{"footnotes":""},"class_list":["post-6163","page","type-page","status-publish","hentry","post"],"yoast_head":"<!-- This site is optimized with the Yoast SEO plugin v27.1.1 - https:\/\/yoast.com\/product\/yoast-seo-wordpress\/ -->\n<title>Info<\/title>\n<meta name=\"description\" content=\"Katso lis\u00e4\u00e4 &gt;&gt;\" \/>\n<meta name=\"robots\" content=\"index, follow, max-snippet:-1, max-image-preview:large, max-video-preview:-1\" \/>\n<link rel=\"canonical\" href=\"https:\/\/osmoscosmos.com\/ocbar\/info\/\" \/>\n<meta property=\"og:locale\" content=\"fi_FI\" \/>\n<meta property=\"og:type\" content=\"article\" \/>\n<meta property=\"og:title\" content=\"Info\" \/>\n<meta property=\"og:description\" content=\"Katso lis\u00e4\u00e4 &gt;&gt;\" \/>\n<meta property=\"og:url\" content=\"https:\/\/osmoscosmos.com\/ocbar\/info\/\" \/>\n<meta property=\"og:site_name\" content=\"OC Bar - Club \u00b7 Pub \u00b7 Karaoke \u00b7 Sport Bar\" \/>\n<meta property=\"article:modified_time\" content=\"2025-02-10T08:53:41+00:00\" \/>\n<meta property=\"og:image\" content=\"https:\/\/www.allgrafia.com\/g\/allgrafia_logo_www_g_12.png\" \/>\n<meta name=\"twitter:card\" content=\"summary_large_image\" \/>\n<meta name=\"twitter:label1\" content=\"Arvioitu lukuaika\" \/>\n\t<meta name=\"twitter:data1\" content=\"2 minuuttia\" \/>\n<script type=\"application\/ld+json\" class=\"yoast-schema-graph\">{\"@context\":\"https:\/\/schema.org\",\"@graph\":[{\"@type\":\"WebPage\",\"@id\":\"https:\/\/osmoscosmos.com\/ocbar\/info\/\",\"url\":\"https:\/\/osmoscosmos.com\/ocbar\/info\/\",\"name\":\"Info\",\"isPartOf\":{\"@id\":\"https:\/\/osmoscosmos.com\/ocbar\/#website\"},\"primaryImageOfPage\":{\"@id\":\"https:\/\/osmoscosmos.com\/ocbar\/info\/#primaryimage\"},\"image\":{\"@id\":\"https:\/\/osmoscosmos.com\/ocbar\/info\/#primaryimage\"},\"thumbnailUrl\":\"https:\/\/www.allgrafia.com\/g\/allgrafia_logo_www_g_12.png\",\"datePublished\":\"2021-09-14T12:45:17+00:00\",\"dateModified\":\"2025-02-10T08:53:41+00:00\",\"description\":\"Katso lis\u00e4\u00e4 >>\",\"breadcrumb\":{\"@id\":\"https:\/\/osmoscosmos.com\/ocbar\/info\/#breadcrumb\"},\"inLanguage\":\"fi\",\"potentialAction\":[{\"@type\":\"ReadAction\",\"target\":[\"https:\/\/osmoscosmos.com\/ocbar\/info\/\"]}]},{\"@type\":\"ImageObject\",\"inLanguage\":\"fi\",\"@id\":\"https:\/\/osmoscosmos.com\/ocbar\/info\/#primaryimage\",\"url\":\"https:\/\/www.allgrafia.com\/g\/allgrafia_logo_www_g_12.png\",\"contentUrl\":\"https:\/\/www.allgrafia.com\/g\/allgrafia_logo_www_g_12.png\"},{\"@type\":\"BreadcrumbList\",\"@id\":\"https:\/\/osmoscosmos.com\/ocbar\/info\/#breadcrumb\",\"itemListElement\":[{\"@type\":\"ListItem\",\"position\":1,\"name\":\"Etusivu\",\"item\":\"https:\/\/osmoscosmos.com\/ocbar\/\"},{\"@type\":\"ListItem\",\"position\":2,\"name\":\"Info\"}]},{\"@type\":\"WebSite\",\"@id\":\"https:\/\/osmoscosmos.com\/ocbar\/#website\",\"url\":\"https:\/\/osmoscosmos.com\/ocbar\/\",\"name\":\"OC Bar - Club \u00b7 Pub \u00b7 Karaoke \u00b7 Sport Bar\",\"description\":\"Club \u00b7 Pub \u00b7 Karaoke \u00b7 Sport Bar\",\"publisher\":{\"@id\":\"https:\/\/osmoscosmos.com\/ocbar\/#organization\"},\"potentialAction\":[{\"@type\":\"SearchAction\",\"target\":{\"@type\":\"EntryPoint\",\"urlTemplate\":\"https:\/\/osmoscosmos.com\/ocbar\/?s={search_term_string}\"},\"query-input\":{\"@type\":\"PropertyValueSpecification\",\"valueRequired\":true,\"valueName\":\"search_term_string\"}}],\"inLanguage\":\"fi\"},{\"@type\":\"Organization\",\"@id\":\"https:\/\/osmoscosmos.com\/ocbar\/#organization\",\"name\":\"Osmo\u2019s Cosmos Bar\",\"alternateName\":\"Osmo\u2019s Cosmos Bar\",\"url\":\"https:\/\/osmoscosmos.com\/ocbar\/\",\"logo\":{\"@type\":\"ImageObject\",\"inLanguage\":\"fi\",\"@id\":\"https:\/\/osmoscosmos.com\/ocbar\/#\/schema\/logo\/image\/\",\"url\":\"https:\/\/osmoscosmos.com\/ocbar\/wp-content\/uploads\/2021\/08\/cropped-OC-BAR-logo-etusivu.png\",\"contentUrl\":\"https:\/\/osmoscosmos.com\/ocbar\/wp-content\/uploads\/2021\/08\/cropped-OC-BAR-logo-etusivu.png\",\"width\":250,\"height\":250,\"caption\":\"Osmo\u2019s Cosmos Bar\"},\"image\":{\"@id\":\"https:\/\/osmoscosmos.com\/ocbar\/#\/schema\/logo\/image\/\"}}]}<\/script>\n<!-- \/ Yoast SEO plugin. -->","yoast_head_json":{"title":"Info","description":"Katso lis\u00e4\u00e4 >>","robots":{"index":"index","follow":"follow","max-snippet":"max-snippet:-1","max-image-preview":"max-image-preview:large","max-video-preview":"max-video-preview:-1"},"canonical":"https:\/\/osmoscosmos.com\/ocbar\/info\/","og_locale":"fi_FI","og_type":"article","og_title":"Info","og_description":"Katso lis\u00e4\u00e4 >>","og_url":"https:\/\/osmoscosmos.com\/ocbar\/info\/","og_site_name":"OC Bar - Club \u00b7 Pub \u00b7 Karaoke \u00b7 Sport Bar","article_modified_time":"2025-02-10T08:53:41+00:00","og_image":[{"url":"https:\/\/www.allgrafia.com\/g\/allgrafia_logo_www_g_12.png","type":"","width":"","height":""}],"twitter_card":"summary_large_image","twitter_misc":{"Arvioitu lukuaika":"2 minuuttia"},"schema":{"@context":"https:\/\/schema.org","@graph":[{"@type":"WebPage","@id":"https:\/\/osmoscosmos.com\/ocbar\/info\/","url":"https:\/\/osmoscosmos.com\/ocbar\/info\/","name":"Info","isPartOf":{"@id":"https:\/\/osmoscosmos.com\/ocbar\/#website"},"primaryImageOfPage":{"@id":"https:\/\/osmoscosmos.com\/ocbar\/info\/#primaryimage"},"image":{"@id":"https:\/\/osmoscosmos.com\/ocbar\/info\/#primaryimage"},"thumbnailUrl":"https:\/\/www.allgrafia.com\/g\/allgrafia_logo_www_g_12.png","datePublished":"2021-09-14T12:45:17+00:00","dateModified":"2025-02-10T08:53:41+00:00","description":"Katso lis\u00e4\u00e4 >>","breadcrumb":{"@id":"https:\/\/osmoscosmos.com\/ocbar\/info\/#breadcrumb"},"inLanguage":"fi","potentialAction":[{"@type":"ReadAction","target":["https:\/\/osmoscosmos.com\/ocbar\/info\/"]}]},{"@type":"ImageObject","inLanguage":"fi","@id":"https:\/\/osmoscosmos.com\/ocbar\/info\/#primaryimage","url":"https:\/\/www.allgrafia.com\/g\/allgrafia_logo_www_g_12.png","contentUrl":"https:\/\/www.allgrafia.com\/g\/allgrafia_logo_www_g_12.png"},{"@type":"BreadcrumbList","@id":"https:\/\/osmoscosmos.com\/ocbar\/info\/#breadcrumb","itemListElement":[{"@type":"ListItem","position":1,"name":"Etusivu","item":"https:\/\/osmoscosmos.com\/ocbar\/"},{"@type":"ListItem","position":2,"name":"Info"}]},{"@type":"WebSite","@id":"https:\/\/osmoscosmos.com\/ocbar\/#website","url":"https:\/\/osmoscosmos.com\/ocbar\/","name":"OC Bar - Club \u00b7 Pub \u00b7 Karaoke \u00b7 Sport Bar","description":"Club \u00b7 Pub \u00b7 Karaoke \u00b7 Sport Bar","publisher":{"@id":"https:\/\/osmoscosmos.com\/ocbar\/#organization"},"potentialAction":[{"@type":"SearchAction","target":{"@type":"EntryPoint","urlTemplate":"https:\/\/osmoscosmos.com\/ocbar\/?s={search_term_string}"},"query-input":{"@type":"PropertyValueSpecification","valueRequired":true,"valueName":"search_term_string"}}],"inLanguage":"fi"},{"@type":"Organization","@id":"https:\/\/osmoscosmos.com\/ocbar\/#organization","name":"Osmo\u2019s Cosmos Bar","alternateName":"Osmo\u2019s Cosmos Bar","url":"https:\/\/osmoscosmos.com\/ocbar\/","logo":{"@type":"ImageObject","inLanguage":"fi","@id":"https:\/\/osmoscosmos.com\/ocbar\/#\/schema\/logo\/image\/","url":"https:\/\/osmoscosmos.com\/ocbar\/wp-content\/uploads\/2021\/08\/cropped-OC-BAR-logo-etusivu.png","contentUrl":"https:\/\/osmoscosmos.com\/ocbar\/wp-content\/uploads\/2021\/08\/cropped-OC-BAR-logo-etusivu.png","width":250,"height":250,"caption":"Osmo\u2019s Cosmos Bar"},"image":{"@id":"https:\/\/osmoscosmos.com\/ocbar\/#\/schema\/logo\/image\/"}}]}},"rttpg_featured_image_url":null,"rttpg_author":{"display_name":"baradmin","author_link":"https:\/\/osmoscosmos.com\/ocbar\/author\/baradmin\/"},"rttpg_comment":0,"rttpg_category":null,"rttpg_excerpt":"Info ja yhteystiedot Aukioloajat ja yhteystiedot: Aukioloajat: Pub (katutaso) Ma \u2013 to 09:00 \u2013 02:00 Pe \u2013 la 09:00 \u2013 04:30 [&hellip;]","_links":{"self":[{"href":"https:\/\/osmoscosmos.com\/ocbar\/wp-json\/wp\/v2\/pages\/6163","targetHints":{"allow":["GET"]}}],"collection":[{"href":"https:\/\/osmoscosmos.com\/ocbar\/wp-json\/wp\/v2\/pages"}],"about":[{"href":"https:\/\/osmoscosmos.com\/ocbar\/wp-json\/wp\/v2\/types\/page"}],"author":[{"embeddable":true,"href":"https:\/\/osmoscosmos.com\/ocbar\/wp-json\/wp\/v2\/users\/1"}],"replies":[{"embeddable":true,"href":"https:\/\/osmoscosmos.com\/ocbar\/wp-json\/wp\/v2\/comments?post=6163"}],"version-history":[{"count":26,"href":"https:\/\/osmoscosmos.com\/ocbar\/wp-json\/wp\/v2\/pages\/6163\/revisions"}],"predecessor-version":[{"id":9775,"href":"https:\/\/osmoscosmos.com\/ocbar\/wp-json\/wp\/v2\/pages\/6163\/revisions\/9775"}],"wp:attachment":[{"href":"https:\/\/osmoscosmos.com\/ocbar\/wp-json\/wp\/v2\/media?parent=6163"}],"curies":[{"name":"wp","href":"https:\/\/api.w.org\/{rel}","templated":true}]}}