{"id":6601,"date":"2021-10-06T20:46:24","date_gmt":"2021-10-06T17:46:24","guid":{"rendered":"https:\/\/www.osmoscosmos.com\/ocbar_demo\/?page_id=6601"},"modified":"2023-07-04T19:45:24","modified_gmt":"2023-07-04T16:45:24","slug":"terassi","status":"publish","type":"page","link":"https:\/\/osmoscosmos.com\/ocbar\/terassi\/","title":{"rendered":"Terassit"},"content":{"rendered":"<div id=\"pl-6601\"  class=\"panel-layout\" ><div id=\"pg-6601-0\"  class=\"panel-grid panel-has-style\" ><div class=\"siteorigin-panels-stretch panel-row-style-full-width panel-row-style panel-row-style-for-6601-0\" data-stretch-type=\"full-stretched\" ><div id=\"pgc-6601-0-0\"  class=\"panel-grid-cell panel-grid-cell-empty\" ><\/div><\/div><\/div><div id=\"pg-6601-1\"  class=\"panel-grid panel-has-style\" ><div class=\"siteorigin-panels-stretch panel-row-style-full-width panel-row-style panel-row-style-for-6601-1\" data-stretch-type=\"full-stretched\" ><div id=\"pgc-6601-1-0\"  class=\"panel-grid-cell\" ><div id=\"panel-6601-1-0-0\" class=\"so-panel widget widget_sow-headline panel-first-child panel-last-child\" data-index=\"0\" ><div\n\t\t\t\n\t\t\tclass=\"so-widget-sow-headline so-widget-sow-headline-default-5cb3424bf6e7-6601 so-widget-fittext-wrapper\"\n\t\t\t data-fit-text-compressor=\"1.2\"\n\t\t><div class=\"sow-headline-container \">\n\t\t\t\t\t\t\t<h1 class=\"sow-headline\">\n\t\t\t\t\t\tTerassit\t\t\t\t\t\t<\/h1>\n\t\t\t\t\t\t\t\t\t\t\t\t<h3 class=\"sow-sub-headline\">\n\t\t\t\t\t\tPubin yhteydess\u00e4 kaksi terassia!\t\t\t\t\t\t<\/h3>\n\t\t\t\t\t\t<\/div>\n<\/div><\/div><\/div><\/div><\/div><div id=\"pg-6601-2\"  class=\"panel-grid panel-has-style\" ><div class=\"siteorigin-panels-stretch panel-row-style-full-width panel-row-style panel-row-style-for-6601-2\" style=\"background-color: #101010; \" data-stretch-type=\"full\" ><div id=\"pgc-6601-2-0\"  class=\"panel-grid-cell\" ><div id=\"panel-6601-2-0-0\" class=\"so-panel widget widget_sow-editor panel-first-child panel-last-child\" data-index=\"1\" ><div\n\t\t\t\n\t\t\tclass=\"so-widget-sow-editor so-widget-sow-editor-base\"\n\t\t\t\n\t\t>\n<div class=\"siteorigin-widget-tinymce textwidget\">\n\t\n\t<div class=\"wp-spaios-slider-wrap wp-spaios-row-clearfix\" data-conf=\"{&quot;arrow&quot;:&quot;false&quot;,&quot;pagination&quot;:&quot;false&quot;,&quot;speed&quot;:&quot;1000&quot;,&quot;autoplay&quot;:&quot;true&quot;,&quot;autoplay_speed&quot;:&quot;3000&quot;,&quot;loop&quot;:&quot;true&quot;,&quot;slide_to_show_owl&quot;:3,&quot;slide_show_ipad_owl&quot;:&quot;2&quot;,&quot;slide_show_tablet_owl&quot;:&quot;2&quot;,&quot;slide_show_mobile_owl&quot;:&quot;1&quot;,&quot;slide_to_scroll_owl&quot;:1,&quot;slide_margin_owl&quot;:5,&quot;slide_padding_owl&quot;:&quot;&quot;,&quot;start_slide_owl&quot;:&quot;&quot;,&quot;slide_center_owl&quot;:&quot;false&quot;,&quot;slide_autowidth_owl&quot;:&quot;false&quot;,&quot;slide_freeDrag_owl&quot;:&quot;false&quot;,&quot;height_auto_owl&quot;:&quot;false&quot;,&quot;slide_rtl_owl&quot;:&quot;false&quot;}\">\n\t\t<div class=\"wp-spaios-slider wp-spaios-owl-slider wp-spaios-gallery owl-carousel\" id=\"wp-spaios-owl-slider-1\" style=\"\">\n\t\t\t\r\n<div class=\"wp-spaios-owl-slide\">\r\n\t\t\t<a class=\"wp-spaios-img-link\" href=\"https:\/\/osmoscosmos.com\/ocbar\/wp-content\/uploads\/2023\/05\/Terassi-1-1024x576.jpg\" data-fancybox=\"gallery\" data-options=\"{&quot;loop&quot;:&quot;true&quot;,&quot;transitionEffect&quot;:&quot;slide&quot;}\">\r\n\t\t\t<img decoding=\"async\" class=\"wp-spaios-slider-image lazyload\" data-src=\"https:\/\/osmoscosmos.com\/ocbar\/wp-content\/uploads\/2023\/05\/Terassi-1-1024x576.jpg\" alt=\"\" title=\"Terassi 1\" src=\"data:image\/svg+xml;base64,PHN2ZyB3aWR0aD0iMSIgaGVpZ2h0PSIxIiB4bWxucz0iaHR0cDovL3d3dy53My5vcmcvMjAwMC9zdmciPjwvc3ZnPg==\" style=\"--smush-placeholder-width: 1024px; --smush-placeholder-aspect-ratio: 1024\/576;\" \/>\r\n\t\t<\/a>\r\n\t<\/div>\r\n<div class=\"wp-spaios-owl-slide\">\r\n\t\t\t<a class=\"wp-spaios-img-link\" href=\"https:\/\/osmoscosmos.com\/ocbar\/wp-content\/uploads\/2023\/05\/Terassi-2-1024x576.jpg\" data-fancybox=\"gallery\" data-options=\"{&quot;loop&quot;:&quot;true&quot;,&quot;transitionEffect&quot;:&quot;slide&quot;}\">\r\n\t\t\t<img decoding=\"async\" class=\"wp-spaios-slider-image lazyload\" data-src=\"https:\/\/osmoscosmos.com\/ocbar\/wp-content\/uploads\/2023\/05\/Terassi-2-1024x576.jpg\" alt=\"\" title=\"Terassi 2\" src=\"data:image\/svg+xml;base64,PHN2ZyB3aWR0aD0iMSIgaGVpZ2h0PSIxIiB4bWxucz0iaHR0cDovL3d3dy53My5vcmcvMjAwMC9zdmciPjwvc3ZnPg==\" style=\"--smush-placeholder-width: 1024px; --smush-placeholder-aspect-ratio: 1024\/576;\" \/>\r\n\t\t<\/a>\r\n\t<\/div>\r\n<div class=\"wp-spaios-owl-slide\">\r\n\t\t\t<a class=\"wp-spaios-img-link\" href=\"https:\/\/osmoscosmos.com\/ocbar\/wp-content\/uploads\/2023\/05\/Terassi-3-1024x576.jpg\" data-fancybox=\"gallery\" data-options=\"{&quot;loop&quot;:&quot;true&quot;,&quot;transitionEffect&quot;:&quot;slide&quot;}\">\r\n\t\t\t<img decoding=\"async\" class=\"wp-spaios-slider-image lazyload\" data-src=\"https:\/\/osmoscosmos.com\/ocbar\/wp-content\/uploads\/2023\/05\/Terassi-3-1024x576.jpg\" alt=\"\" title=\"Terassi 3\" src=\"data:image\/svg+xml;base64,PHN2ZyB3aWR0aD0iMSIgaGVpZ2h0PSIxIiB4bWxucz0iaHR0cDovL3d3dy53My5vcmcvMjAwMC9zdmciPjwvc3ZnPg==\" style=\"--smush-placeholder-width: 1024px; --smush-placeholder-aspect-ratio: 1024\/576;\" \/>\r\n\t\t<\/a>\r\n\t<\/div>\r\n<div class=\"wp-spaios-owl-slide\">\r\n\t\t\t<a class=\"wp-spaios-img-link\" href=\"https:\/\/osmoscosmos.com\/ocbar\/wp-content\/uploads\/2023\/05\/Terassi-4-1024x576.jpg\" data-fancybox=\"gallery\" data-options=\"{&quot;loop&quot;:&quot;true&quot;,&quot;transitionEffect&quot;:&quot;slide&quot;}\">\r\n\t\t\t<img decoding=\"async\" class=\"wp-spaios-slider-image lazyload\" data-src=\"https:\/\/osmoscosmos.com\/ocbar\/wp-content\/uploads\/2023\/05\/Terassi-4-1024x576.jpg\" alt=\"\" title=\"Terassi 4\" src=\"data:image\/svg+xml;base64,PHN2ZyB3aWR0aD0iMSIgaGVpZ2h0PSIxIiB4bWxucz0iaHR0cDovL3d3dy53My5vcmcvMjAwMC9zdmciPjwvc3ZnPg==\" style=\"--smush-placeholder-width: 1024px; --smush-placeholder-aspect-ratio: 1024\/576;\" \/>\r\n\t\t<\/a>\r\n\t<\/div>\r\n<div class=\"wp-spaios-owl-slide\">\r\n\t\t\t<a class=\"wp-spaios-img-link\" href=\"https:\/\/osmoscosmos.com\/ocbar\/wp-content\/uploads\/2023\/05\/Terassi-5-1024x576.jpg\" data-fancybox=\"gallery\" data-options=\"{&quot;loop&quot;:&quot;true&quot;,&quot;transitionEffect&quot;:&quot;slide&quot;}\">\r\n\t\t\t<img decoding=\"async\" class=\"wp-spaios-slider-image lazyload\" data-src=\"https:\/\/osmoscosmos.com\/ocbar\/wp-content\/uploads\/2023\/05\/Terassi-5-1024x576.jpg\" alt=\"\" title=\"Terassi 5\" src=\"data:image\/svg+xml;base64,PHN2ZyB3aWR0aD0iMSIgaGVpZ2h0PSIxIiB4bWxucz0iaHR0cDovL3d3dy53My5vcmcvMjAwMC9zdmciPjwvc3ZnPg==\" style=\"--smush-placeholder-width: 1024px; --smush-placeholder-aspect-ratio: 1024\/576;\" \/>\r\n\t\t<\/a>\r\n\t<\/div>\r\n<div class=\"wp-spaios-owl-slide\">\r\n\t\t\t<a class=\"wp-spaios-img-link\" href=\"https:\/\/osmoscosmos.com\/ocbar\/wp-content\/uploads\/2023\/05\/Terassi-6-1024x576.jpg\" data-fancybox=\"gallery\" data-options=\"{&quot;loop&quot;:&quot;true&quot;,&quot;transitionEffect&quot;:&quot;slide&quot;}\">\r\n\t\t\t<img decoding=\"async\" class=\"wp-spaios-slider-image lazyload\" data-src=\"https:\/\/osmoscosmos.com\/ocbar\/wp-content\/uploads\/2023\/05\/Terassi-6-1024x576.jpg\" alt=\"\" title=\"Terassi 6\" src=\"data:image\/svg+xml;base64,PHN2ZyB3aWR0aD0iMSIgaGVpZ2h0PSIxIiB4bWxucz0iaHR0cDovL3d3dy53My5vcmcvMjAwMC9zdmciPjwvc3ZnPg==\" style=\"--smush-placeholder-width: 1024px; --smush-placeholder-aspect-ratio: 1024\/576;\" \/>\r\n\t\t<\/a>\r\n\t<\/div>\t\t\t\t\t<\/div>\n\t<\/div>\n\t\n<\/div>\n<\/div><\/div><\/div><\/div><\/div><div id=\"pg-6601-3\"  class=\"panel-grid panel-has-style\" ><div class=\"siteorigin-panels-stretch panel-row-style-full-width panel-row-style panel-row-style-for-6601-3\" data-stretch-type=\"full\" ><div id=\"pgc-6601-3-0\"  class=\"panel-grid-cell panel-grid-cell-empty\" ><\/div><div id=\"pgc-6601-3-1\"  class=\"panel-grid-cell panel-grid-cell-mobile-last\" ><div class=\"panel-cell-style panel-cell-style-for-6601-3-1\" ><div id=\"panel-6601-3-1-0\" class=\"so-panel widget widget_sow-editor panel-first-child panel-last-child\" data-index=\"2\" ><div\n\t\t\t\n\t\t\tclass=\"so-widget-sow-editor so-widget-sow-editor-base\"\n\t\t\t\n\t\t><h3 class=\"widget-title\">Terassit<\/h3>\n<div class=\"siteorigin-widget-tinymce textwidget\">\n\t<p>Osmo's Cosmos Barin pubin yhteydess\u00e4 on kaski terassia, joissa asiakaspaikkoja on yhteens\u00e4 reilut sata. Terassit ovat avoinna huhtikuun alusta lokakuun loppuun. Osa toisesta terassista on varustettu markiisilla sek\u00e4 s\u00e4\u00e4dett\u00e4vill\u00e4 katteilla ja tarvittaessa l\u00e4mmitett\u00e4v\u00e4. Eli Suomen suven tuulet ja tuiverrukset eiv\u00e4t p\u00e4\u00e4se pilaamaan terassinautintoja...<\/p>\n<\/div>\n<\/div><\/div><\/div><\/div><div id=\"pgc-6601-3-2\"  class=\"panel-grid-cell panel-grid-cell-empty\" ><\/div><\/div><\/div><\/div>","protected":false},"excerpt":{"rendered":"<p>Terassit Pubin yhteydess\u00e4 kaksi terassia! Terassit Osmo&#8217;s Cosmos Barin pubin yhteydess\u00e4 on kaski terassia, joissa asiakaspaikkoja on yhteens\u00e4 reilut sata. Terassit [&hellip;]<\/p>\n","protected":false},"author":1,"featured_media":0,"parent":0,"menu_order":0,"comment_status":"closed","ping_status":"closed","template":"","meta":{"footnotes":""},"class_list":["post-6601","page","type-page","status-publish","hentry","post"],"yoast_head":"<!-- This site is optimized with the Yoast SEO plugin v27.1.1 - https:\/\/yoast.com\/product\/yoast-seo-wordpress\/ -->\n<title>Terassi<\/title>\n<meta name=\"description\" content=\"Katso lis\u00e4\u00e4 &gt;&gt;\" \/>\n<meta name=\"robots\" content=\"index, follow, max-snippet:-1, max-image-preview:large, max-video-preview:-1\" \/>\n<link rel=\"canonical\" href=\"https:\/\/osmoscosmos.com\/ocbar\/terassi\/\" \/>\n<meta property=\"og:locale\" content=\"fi_FI\" \/>\n<meta property=\"og:type\" content=\"article\" \/>\n<meta property=\"og:title\" content=\"Terassi\" \/>\n<meta property=\"og:description\" content=\"Katso lis\u00e4\u00e4 &gt;&gt;\" \/>\n<meta property=\"og:url\" content=\"https:\/\/osmoscosmos.com\/ocbar\/terassi\/\" \/>\n<meta property=\"og:site_name\" content=\"OC Bar - Club \u00b7 Pub \u00b7 Karaoke \u00b7 Sport Bar\" \/>\n<meta property=\"article:modified_time\" content=\"2023-07-04T16:45:24+00:00\" \/>\n<meta property=\"og:image\" content=\"https:\/\/osmoscosmos.com\/ocbar\/wp-content\/uploads\/2023\/02\/OC-SHOW-2019-2200-px2-1024x1024.png\" \/>\n\t<meta property=\"og:image:width\" content=\"1024\" \/>\n\t<meta property=\"og:image:height\" content=\"1024\" \/>\n\t<meta property=\"og:image:type\" content=\"image\/png\" \/>\n<meta name=\"twitter:card\" content=\"summary_large_image\" \/>\n<meta name=\"twitter:label1\" content=\"Arvioitu lukuaika\" \/>\n\t<meta name=\"twitter:data1\" content=\"1 minuutti\" \/>\n<script type=\"application\/ld+json\" class=\"yoast-schema-graph\">{\"@context\":\"https:\/\/schema.org\",\"@graph\":[{\"@type\":\"WebPage\",\"@id\":\"https:\/\/osmoscosmos.com\/ocbar\/terassi\/\",\"url\":\"https:\/\/osmoscosmos.com\/ocbar\/terassi\/\",\"name\":\"Terassi\",\"isPartOf\":{\"@id\":\"https:\/\/osmoscosmos.com\/ocbar\/#website\"},\"datePublished\":\"2021-10-06T17:46:24+00:00\",\"dateModified\":\"2023-07-04T16:45:24+00:00\",\"description\":\"Katso lis\u00e4\u00e4 >>\",\"breadcrumb\":{\"@id\":\"https:\/\/osmoscosmos.com\/ocbar\/terassi\/#breadcrumb\"},\"inLanguage\":\"fi\",\"potentialAction\":[{\"@type\":\"ReadAction\",\"target\":[\"https:\/\/osmoscosmos.com\/ocbar\/terassi\/\"]}]},{\"@type\":\"BreadcrumbList\",\"@id\":\"https:\/\/osmoscosmos.com\/ocbar\/terassi\/#breadcrumb\",\"itemListElement\":[{\"@type\":\"ListItem\",\"position\":1,\"name\":\"Etusivu\",\"item\":\"https:\/\/osmoscosmos.com\/ocbar\/\"},{\"@type\":\"ListItem\",\"position\":2,\"name\":\"Terassit\"}]},{\"@type\":\"WebSite\",\"@id\":\"https:\/\/osmoscosmos.com\/ocbar\/#website\",\"url\":\"https:\/\/osmoscosmos.com\/ocbar\/\",\"name\":\"OC Bar - Club \u00b7 Pub \u00b7 Karaoke \u00b7 Sport Bar\",\"description\":\"Club \u00b7 Pub \u00b7 Karaoke \u00b7 Sport Bar\",\"publisher\":{\"@id\":\"https:\/\/osmoscosmos.com\/ocbar\/#organization\"},\"potentialAction\":[{\"@type\":\"SearchAction\",\"target\":{\"@type\":\"EntryPoint\",\"urlTemplate\":\"https:\/\/osmoscosmos.com\/ocbar\/?s={search_term_string}\"},\"query-input\":{\"@type\":\"PropertyValueSpecification\",\"valueRequired\":true,\"valueName\":\"search_term_string\"}}],\"inLanguage\":\"fi\"},{\"@type\":\"Organization\",\"@id\":\"https:\/\/osmoscosmos.com\/ocbar\/#organization\",\"name\":\"Osmo\u2019s Cosmos Bar\",\"alternateName\":\"Osmo\u2019s Cosmos Bar\",\"url\":\"https:\/\/osmoscosmos.com\/ocbar\/\",\"logo\":{\"@type\":\"ImageObject\",\"inLanguage\":\"fi\",\"@id\":\"https:\/\/osmoscosmos.com\/ocbar\/#\/schema\/logo\/image\/\",\"url\":\"https:\/\/osmoscosmos.com\/ocbar\/wp-content\/uploads\/2021\/08\/cropped-OC-BAR-logo-etusivu.png\",\"contentUrl\":\"https:\/\/osmoscosmos.com\/ocbar\/wp-content\/uploads\/2021\/08\/cropped-OC-BAR-logo-etusivu.png\",\"width\":250,\"height\":250,\"caption\":\"Osmo\u2019s Cosmos Bar\"},\"image\":{\"@id\":\"https:\/\/osmoscosmos.com\/ocbar\/#\/schema\/logo\/image\/\"}}]}<\/script>\n<!-- \/ Yoast SEO plugin. -->","yoast_head_json":{"title":"Terassi","description":"Katso lis\u00e4\u00e4 >>","robots":{"index":"index","follow":"follow","max-snippet":"max-snippet:-1","max-image-preview":"max-image-preview:large","max-video-preview":"max-video-preview:-1"},"canonical":"https:\/\/osmoscosmos.com\/ocbar\/terassi\/","og_locale":"fi_FI","og_type":"article","og_title":"Terassi","og_description":"Katso lis\u00e4\u00e4 >>","og_url":"https:\/\/osmoscosmos.com\/ocbar\/terassi\/","og_site_name":"OC Bar - Club \u00b7 Pub \u00b7 Karaoke \u00b7 Sport Bar","article_modified_time":"2023-07-04T16:45:24+00:00","og_image":[{"width":1024,"height":1024,"url":"https:\/\/osmoscosmos.com\/ocbar\/wp-content\/uploads\/2023\/02\/OC-SHOW-2019-2200-px2-1024x1024.png","type":"image\/png"}],"twitter_card":"summary_large_image","twitter_misc":{"Arvioitu lukuaika":"1 minuutti"},"schema":{"@context":"https:\/\/schema.org","@graph":[{"@type":"WebPage","@id":"https:\/\/osmoscosmos.com\/ocbar\/terassi\/","url":"https:\/\/osmoscosmos.com\/ocbar\/terassi\/","name":"Terassi","isPartOf":{"@id":"https:\/\/osmoscosmos.com\/ocbar\/#website"},"datePublished":"2021-10-06T17:46:24+00:00","dateModified":"2023-07-04T16:45:24+00:00","description":"Katso lis\u00e4\u00e4 >>","breadcrumb":{"@id":"https:\/\/osmoscosmos.com\/ocbar\/terassi\/#breadcrumb"},"inLanguage":"fi","potentialAction":[{"@type":"ReadAction","target":["https:\/\/osmoscosmos.com\/ocbar\/terassi\/"]}]},{"@type":"BreadcrumbList","@id":"https:\/\/osmoscosmos.com\/ocbar\/terassi\/#breadcrumb","itemListElement":[{"@type":"ListItem","position":1,"name":"Etusivu","item":"https:\/\/osmoscosmos.com\/ocbar\/"},{"@type":"ListItem","position":2,"name":"Terassit"}]},{"@type":"WebSite","@id":"https:\/\/osmoscosmos.com\/ocbar\/#website","url":"https:\/\/osmoscosmos.com\/ocbar\/","name":"OC Bar - Club \u00b7 Pub \u00b7 Karaoke \u00b7 Sport Bar","description":"Club \u00b7 Pub \u00b7 Karaoke \u00b7 Sport Bar","publisher":{"@id":"https:\/\/osmoscosmos.com\/ocbar\/#organization"},"potentialAction":[{"@type":"SearchAction","target":{"@type":"EntryPoint","urlTemplate":"https:\/\/osmoscosmos.com\/ocbar\/?s={search_term_string}"},"query-input":{"@type":"PropertyValueSpecification","valueRequired":true,"valueName":"search_term_string"}}],"inLanguage":"fi"},{"@type":"Organization","@id":"https:\/\/osmoscosmos.com\/ocbar\/#organization","name":"Osmo\u2019s Cosmos Bar","alternateName":"Osmo\u2019s Cosmos Bar","url":"https:\/\/osmoscosmos.com\/ocbar\/","logo":{"@type":"ImageObject","inLanguage":"fi","@id":"https:\/\/osmoscosmos.com\/ocbar\/#\/schema\/logo\/image\/","url":"https:\/\/osmoscosmos.com\/ocbar\/wp-content\/uploads\/2021\/08\/cropped-OC-BAR-logo-etusivu.png","contentUrl":"https:\/\/osmoscosmos.com\/ocbar\/wp-content\/uploads\/2021\/08\/cropped-OC-BAR-logo-etusivu.png","width":250,"height":250,"caption":"Osmo\u2019s Cosmos Bar"},"image":{"@id":"https:\/\/osmoscosmos.com\/ocbar\/#\/schema\/logo\/image\/"}}]}},"rttpg_featured_image_url":null,"rttpg_author":{"display_name":"baradmin","author_link":"https:\/\/osmoscosmos.com\/ocbar\/author\/baradmin\/"},"rttpg_comment":0,"rttpg_category":null,"rttpg_excerpt":"Terassit Pubin yhteydess\u00e4 kaksi terassia! Terassit Osmo's Cosmos Barin pubin yhteydess\u00e4 on kaski terassia, joissa asiakaspaikkoja on yhteens\u00e4 reilut sata. Terassit [&hellip;]","_links":{"self":[{"href":"https:\/\/osmoscosmos.com\/ocbar\/wp-json\/wp\/v2\/pages\/6601","targetHints":{"allow":["GET"]}}],"collection":[{"href":"https:\/\/osmoscosmos.com\/ocbar\/wp-json\/wp\/v2\/pages"}],"about":[{"href":"https:\/\/osmoscosmos.com\/ocbar\/wp-json\/wp\/v2\/types\/page"}],"author":[{"embeddable":true,"href":"https:\/\/osmoscosmos.com\/ocbar\/wp-json\/wp\/v2\/users\/1"}],"replies":[{"embeddable":true,"href":"https:\/\/osmoscosmos.com\/ocbar\/wp-json\/wp\/v2\/comments?post=6601"}],"version-history":[{"count":10,"href":"https:\/\/osmoscosmos.com\/ocbar\/wp-json\/wp\/v2\/pages\/6601\/revisions"}],"predecessor-version":[{"id":7975,"href":"https:\/\/osmoscosmos.com\/ocbar\/wp-json\/wp\/v2\/pages\/6601\/revisions\/7975"}],"wp:attachment":[{"href":"https:\/\/osmoscosmos.com\/ocbar\/wp-json\/wp\/v2\/media?parent=6601"}],"curies":[{"name":"wp","href":"https:\/\/api.w.org\/{rel}","templated":true}]}}