{"id":6620,"date":"2021-10-06T21:08:42","date_gmt":"2021-10-06T18:08:42","guid":{"rendered":"https:\/\/www.osmoscosmos.com\/ocbar_demo\/?page_id=6620"},"modified":"2023-04-27T11:40:36","modified_gmt":"2023-04-27T08:40:36","slug":"backstage-sauna","status":"publish","type":"page","link":"https:\/\/osmoscosmos.com\/ocbar\/backstage-sauna\/","title":{"rendered":"Backstage ja sauna"},"content":{"rendered":"<div id=\"pl-6620\"  class=\"panel-layout\" ><div id=\"pg-6620-0\"  class=\"panel-grid panel-has-style\" ><div class=\"siteorigin-panels-stretch panel-row-style-full-width panel-row-style panel-row-style-for-6620-0\" data-stretch-type=\"full-stretched\" ><div id=\"pgc-6620-0-0\"  class=\"panel-grid-cell panel-grid-cell-empty\" ><\/div><\/div><\/div><div id=\"pg-6620-1\"  class=\"panel-grid panel-has-style\" ><div class=\"siteorigin-panels-stretch panel-row-style-full-width panel-row-style panel-row-style-for-6620-1\" data-stretch-type=\"full-stretched\" ><div id=\"pgc-6620-1-0\"  class=\"panel-grid-cell\" ><div id=\"panel-6620-1-0-0\" class=\"so-panel widget widget_sow-headline panel-first-child panel-last-child\" data-index=\"0\" ><div\n\t\t\t\n\t\t\tclass=\"so-widget-sow-headline so-widget-sow-headline-default-ea90bdd98f0c-6620 so-widget-fittext-wrapper\"\n\t\t\t data-fit-text-compressor=\"1.2\"\n\t\t><div class=\"sow-headline-container \">\n\t\t\t\t\t\t\t<h1 class=\"sow-headline\">\n\t\t\t\t\t\tBackstage &amp; sauna\t\t\t\t\t\t<\/h1>\n\t\t\t\t\t\t<\/div>\n<\/div><\/div><\/div><\/div><\/div><div id=\"pg-6620-2\"  class=\"panel-grid panel-has-style\" ><div class=\"siteorigin-panels-stretch panel-row-style-full-width panel-row-style panel-row-style-for-6620-2\" style=\"background-color: #101010; \" data-stretch-type=\"full\" ><div id=\"pgc-6620-2-0\"  class=\"panel-grid-cell\" ><div id=\"panel-6620-2-0-0\" class=\"so-panel widget widget_sow-editor panel-first-child panel-last-child\" data-index=\"1\" ><div\n\t\t\t\n\t\t\tclass=\"so-widget-sow-editor so-widget-sow-editor-base\"\n\t\t\t\n\t\t>\n<div class=\"siteorigin-widget-tinymce textwidget\">\n\t\n\t<div class=\"wp-spaios-slider-wrap wp-spaios-row-clearfix\" data-conf=\"{&quot;arrow&quot;:&quot;false&quot;,&quot;pagination&quot;:&quot;false&quot;,&quot;speed&quot;:&quot;1000&quot;,&quot;autoplay&quot;:&quot;true&quot;,&quot;autoplay_speed&quot;:&quot;3000&quot;,&quot;loop&quot;:&quot;true&quot;,&quot;slide_to_show_owl&quot;:3,&quot;slide_show_ipad_owl&quot;:&quot;2&quot;,&quot;slide_show_tablet_owl&quot;:&quot;2&quot;,&quot;slide_show_mobile_owl&quot;:&quot;1&quot;,&quot;slide_to_scroll_owl&quot;:1,&quot;slide_margin_owl&quot;:5,&quot;slide_padding_owl&quot;:&quot;&quot;,&quot;start_slide_owl&quot;:&quot;&quot;,&quot;slide_center_owl&quot;:&quot;false&quot;,&quot;slide_autowidth_owl&quot;:&quot;false&quot;,&quot;slide_freeDrag_owl&quot;:&quot;false&quot;,&quot;height_auto_owl&quot;:&quot;false&quot;,&quot;slide_rtl_owl&quot;:&quot;false&quot;}\">\n\t\t<div class=\"wp-spaios-slider wp-spaios-owl-slider wp-spaios-gallery owl-carousel\" id=\"wp-spaios-owl-slider-1\" style=\"\">\n\t\t\t\r\n<div class=\"wp-spaios-owl-slide\">\r\n\t\t\t<a class=\"wp-spaios-img-link\" href=\"https:\/\/osmoscosmos.com\/ocbar\/wp-content\/uploads\/2023\/03\/Backstage-1-1024x576.jpg\" data-fancybox=\"gallery\" data-options=\"{&quot;loop&quot;:&quot;true&quot;,&quot;transitionEffect&quot;:&quot;slide&quot;}\">\r\n\t\t\t<img decoding=\"async\" class=\"wp-spaios-slider-image lazyload\" data-src=\"https:\/\/osmoscosmos.com\/ocbar\/wp-content\/uploads\/2023\/03\/Backstage-1-1024x576.jpg\" alt=\"\" title=\"Backstage 1\" src=\"data:image\/svg+xml;base64,PHN2ZyB3aWR0aD0iMSIgaGVpZ2h0PSIxIiB4bWxucz0iaHR0cDovL3d3dy53My5vcmcvMjAwMC9zdmciPjwvc3ZnPg==\" style=\"--smush-placeholder-width: 1024px; --smush-placeholder-aspect-ratio: 1024\/576;\" \/>\r\n\t\t<\/a>\r\n\t<\/div>\r\n<div class=\"wp-spaios-owl-slide\">\r\n\t\t\t<a class=\"wp-spaios-img-link\" href=\"https:\/\/osmoscosmos.com\/ocbar\/wp-content\/uploads\/2021\/10\/sauna-1024x568-1.jpg\" data-fancybox=\"gallery\" data-options=\"{&quot;loop&quot;:&quot;true&quot;,&quot;transitionEffect&quot;:&quot;slide&quot;}\">\r\n\t\t\t<img decoding=\"async\" class=\"wp-spaios-slider-image lazyload\" data-src=\"https:\/\/osmoscosmos.com\/ocbar\/wp-content\/uploads\/2021\/10\/sauna-1024x568-1.jpg\" alt=\"\" title=\"sauna-1024x568\" src=\"data:image\/svg+xml;base64,PHN2ZyB3aWR0aD0iMSIgaGVpZ2h0PSIxIiB4bWxucz0iaHR0cDovL3d3dy53My5vcmcvMjAwMC9zdmciPjwvc3ZnPg==\" style=\"--smush-placeholder-width: 1024px; --smush-placeholder-aspect-ratio: 1024\/568;\" \/>\r\n\t\t<\/a>\r\n\t<\/div>\r\n<div class=\"wp-spaios-owl-slide\">\r\n\t\t\t<a class=\"wp-spaios-img-link\" href=\"https:\/\/osmoscosmos.com\/ocbar\/wp-content\/uploads\/2023\/03\/Sauna-1-1024x576.jpg\" data-fancybox=\"gallery\" data-options=\"{&quot;loop&quot;:&quot;true&quot;,&quot;transitionEffect&quot;:&quot;slide&quot;}\">\r\n\t\t\t<img decoding=\"async\" class=\"wp-spaios-slider-image lazyload\" data-src=\"https:\/\/osmoscosmos.com\/ocbar\/wp-content\/uploads\/2023\/03\/Sauna-1-1024x576.jpg\" alt=\"\" title=\"Sauna 1\" src=\"data:image\/svg+xml;base64,PHN2ZyB3aWR0aD0iMSIgaGVpZ2h0PSIxIiB4bWxucz0iaHR0cDovL3d3dy53My5vcmcvMjAwMC9zdmciPjwvc3ZnPg==\" style=\"--smush-placeholder-width: 1024px; --smush-placeholder-aspect-ratio: 1024\/576;\" \/>\r\n\t\t<\/a>\r\n\t<\/div>\t\t\t\t\t<\/div>\n\t<\/div>\n\t\n<\/div>\n<\/div><\/div><\/div><\/div><\/div><div id=\"pg-6620-3\"  class=\"panel-grid panel-has-style\" ><div class=\"siteorigin-panels-stretch panel-row-style-full-width panel-row-style panel-row-style-for-6620-3\" data-stretch-type=\"full\" ><div id=\"pgc-6620-3-0\"  class=\"panel-grid-cell panel-grid-cell-empty\" ><\/div><div id=\"pgc-6620-3-1\"  class=\"panel-grid-cell panel-grid-cell-mobile-last\" ><div class=\"panel-cell-style panel-cell-style-for-6620-3-1\" ><div id=\"panel-6620-3-1-0\" class=\"so-panel widget widget_sow-editor panel-first-child panel-last-child\" data-index=\"2\" ><div\n\t\t\t\n\t\t\tclass=\"so-widget-sow-editor so-widget-sow-editor-base\"\n\t\t\t\n\t\t><h3 class=\"widget-title\">Alakerrassa sijaitsee Osmo's Cosmos Barin backstage ja sauna.<\/h3>\n<div class=\"siteorigin-widget-tinymce textwidget\">\n\t<p>Eik\u00e4 mik\u00e4 tahansa sauna. Frederikki\u00e4 siteerataksemme: \u201c<em>Suomen komein ja paras sauna!<\/em>\u201c - samettiset l\u00f6ylyt, tunnelmallinen valaistus ja loriseva vesiputous.<\/p>\n<p>Kun tila ei ole esiintyjien k\u00e4yt\u00f6ss\u00e4, backstage ja saunatiloja vuokrataan my\u00f6s yksityisk\u00e4ytt\u00f6\u00f6n esim. saunailtojen viettoon tai vaikka kokoustilaksi. Saunaan mahtuu kerrallaan kuusi henke\u00e4 ja takahuonetilojen maksimim\u00e4\u00e4r\u00e4 on noin 15 henke\u00e4. Tilasta l\u00f6ytyy TV ja \u00e4\u00e4nentoistolaitteet, johon voi esim. oman puhelimen kautta yhdist\u00e4\u00e4 musiikkia tai videoita. Ennakkoon voi halutessaan tehd\u00e4 ruoka- ja juomatilauksen mieltymyksien mukaan. Omia alkoholijuomia tilaan ei saa tuoda.<\/p>\n<p>Tilavuokra on 200 \u20ac \/ 4 tuntia, viikonloppuisin maks. klo 22:00 saakka - sopimuksen mukaan mahdollisesti my\u00f6hemp\u00e4\u00e4nkin.<\/p>\n<p>Lis\u00e4tiedot ja varaukset s\u00e4hk\u00f6postilla saku(at)osmoscosmos.com tai puhelimitse 010 666 6666.<\/p>\n<p>PS. My\u00f6s <a href=\"https:\/\/www.music-bros.fi\/saunaillat\/\" target=\"_blank\" rel=\"noopener\"><strong>Music-Bros studion saunatilat<\/strong><\/a> ovat vuokrattavissa.<\/p>\n<\/div>\n<\/div><\/div><\/div><\/div><div id=\"pgc-6620-3-2\"  class=\"panel-grid-cell panel-grid-cell-empty\" ><\/div><\/div><\/div><\/div>","protected":false},"excerpt":{"rendered":"<p>Backstage &amp; sauna Alakerrassa sijaitsee Osmo&#8217;s Cosmos Barin backstage ja sauna. Eik\u00e4 mik\u00e4 tahansa sauna. Frederikki\u00e4 siteerataksemme: \u201cSuomen komein ja paras [&hellip;]<\/p>\n","protected":false},"author":1,"featured_media":0,"parent":0,"menu_order":0,"comment_status":"closed","ping_status":"closed","template":"","meta":{"footnotes":""},"class_list":["post-6620","page","type-page","status-publish","hentry","post"],"yoast_head":"<!-- This site is optimized with the Yoast SEO plugin v27.1.1 - https:\/\/yoast.com\/product\/yoast-seo-wordpress\/ -->\n<title>Backstage ja sauna<\/title>\n<meta name=\"description\" content=\"Katso lis\u00e4\u00e4 &gt;&gt;\" \/>\n<meta name=\"robots\" content=\"index, follow, max-snippet:-1, max-image-preview:large, max-video-preview:-1\" \/>\n<link rel=\"canonical\" href=\"https:\/\/osmoscosmos.com\/ocbar\/backstage-sauna\/\" \/>\n<meta property=\"og:locale\" content=\"fi_FI\" \/>\n<meta property=\"og:type\" content=\"article\" \/>\n<meta property=\"og:title\" content=\"Backstage ja sauna\" \/>\n<meta property=\"og:description\" content=\"Katso lis\u00e4\u00e4 &gt;&gt;\" \/>\n<meta property=\"og:url\" content=\"https:\/\/osmoscosmos.com\/ocbar\/backstage-sauna\/\" \/>\n<meta property=\"og:site_name\" content=\"OC Bar - Club \u00b7 Pub \u00b7 Karaoke \u00b7 Sport Bar\" \/>\n<meta property=\"article:modified_time\" content=\"2023-04-27T08:40:36+00:00\" \/>\n<meta property=\"og:image\" content=\"https:\/\/osmoscosmos.com\/ocbar\/wp-content\/uploads\/2023\/02\/OC-SHOW-2019-2200-px2-1024x1024.png\" \/>\n\t<meta property=\"og:image:width\" content=\"1024\" \/>\n\t<meta property=\"og:image:height\" content=\"1024\" \/>\n\t<meta property=\"og:image:type\" content=\"image\/png\" \/>\n<meta name=\"twitter:card\" content=\"summary_large_image\" \/>\n<meta name=\"twitter:label1\" content=\"Arvioitu lukuaika\" \/>\n\t<meta name=\"twitter:data1\" content=\"1 minuutti\" \/>\n<script type=\"application\/ld+json\" class=\"yoast-schema-graph\">{\"@context\":\"https:\/\/schema.org\",\"@graph\":[{\"@type\":\"WebPage\",\"@id\":\"https:\/\/osmoscosmos.com\/ocbar\/backstage-sauna\/\",\"url\":\"https:\/\/osmoscosmos.com\/ocbar\/backstage-sauna\/\",\"name\":\"Backstage ja sauna\",\"isPartOf\":{\"@id\":\"https:\/\/osmoscosmos.com\/ocbar\/#website\"},\"datePublished\":\"2021-10-06T18:08:42+00:00\",\"dateModified\":\"2023-04-27T08:40:36+00:00\",\"description\":\"Katso lis\u00e4\u00e4 >>\",\"breadcrumb\":{\"@id\":\"https:\/\/osmoscosmos.com\/ocbar\/backstage-sauna\/#breadcrumb\"},\"inLanguage\":\"fi\",\"potentialAction\":[{\"@type\":\"ReadAction\",\"target\":[\"https:\/\/osmoscosmos.com\/ocbar\/backstage-sauna\/\"]}]},{\"@type\":\"BreadcrumbList\",\"@id\":\"https:\/\/osmoscosmos.com\/ocbar\/backstage-sauna\/#breadcrumb\",\"itemListElement\":[{\"@type\":\"ListItem\",\"position\":1,\"name\":\"Etusivu\",\"item\":\"https:\/\/osmoscosmos.com\/ocbar\/\"},{\"@type\":\"ListItem\",\"position\":2,\"name\":\"Backstage ja sauna\"}]},{\"@type\":\"WebSite\",\"@id\":\"https:\/\/osmoscosmos.com\/ocbar\/#website\",\"url\":\"https:\/\/osmoscosmos.com\/ocbar\/\",\"name\":\"OC Bar - Club \u00b7 Pub \u00b7 Karaoke \u00b7 Sport Bar\",\"description\":\"Club \u00b7 Pub \u00b7 Karaoke \u00b7 Sport Bar\",\"publisher\":{\"@id\":\"https:\/\/osmoscosmos.com\/ocbar\/#organization\"},\"potentialAction\":[{\"@type\":\"SearchAction\",\"target\":{\"@type\":\"EntryPoint\",\"urlTemplate\":\"https:\/\/osmoscosmos.com\/ocbar\/?s={search_term_string}\"},\"query-input\":{\"@type\":\"PropertyValueSpecification\",\"valueRequired\":true,\"valueName\":\"search_term_string\"}}],\"inLanguage\":\"fi\"},{\"@type\":\"Organization\",\"@id\":\"https:\/\/osmoscosmos.com\/ocbar\/#organization\",\"name\":\"Osmo\u2019s Cosmos Bar\",\"alternateName\":\"Osmo\u2019s Cosmos Bar\",\"url\":\"https:\/\/osmoscosmos.com\/ocbar\/\",\"logo\":{\"@type\":\"ImageObject\",\"inLanguage\":\"fi\",\"@id\":\"https:\/\/osmoscosmos.com\/ocbar\/#\/schema\/logo\/image\/\",\"url\":\"https:\/\/osmoscosmos.com\/ocbar\/wp-content\/uploads\/2021\/08\/cropped-OC-BAR-logo-etusivu.png\",\"contentUrl\":\"https:\/\/osmoscosmos.com\/ocbar\/wp-content\/uploads\/2021\/08\/cropped-OC-BAR-logo-etusivu.png\",\"width\":250,\"height\":250,\"caption\":\"Osmo\u2019s Cosmos Bar\"},\"image\":{\"@id\":\"https:\/\/osmoscosmos.com\/ocbar\/#\/schema\/logo\/image\/\"}}]}<\/script>\n<!-- \/ Yoast SEO plugin. -->","yoast_head_json":{"title":"Backstage ja sauna","description":"Katso lis\u00e4\u00e4 >>","robots":{"index":"index","follow":"follow","max-snippet":"max-snippet:-1","max-image-preview":"max-image-preview:large","max-video-preview":"max-video-preview:-1"},"canonical":"https:\/\/osmoscosmos.com\/ocbar\/backstage-sauna\/","og_locale":"fi_FI","og_type":"article","og_title":"Backstage ja sauna","og_description":"Katso lis\u00e4\u00e4 >>","og_url":"https:\/\/osmoscosmos.com\/ocbar\/backstage-sauna\/","og_site_name":"OC Bar - Club \u00b7 Pub \u00b7 Karaoke \u00b7 Sport Bar","article_modified_time":"2023-04-27T08:40:36+00:00","og_image":[{"width":1024,"height":1024,"url":"https:\/\/osmoscosmos.com\/ocbar\/wp-content\/uploads\/2023\/02\/OC-SHOW-2019-2200-px2-1024x1024.png","type":"image\/png"}],"twitter_card":"summary_large_image","twitter_misc":{"Arvioitu lukuaika":"1 minuutti"},"schema":{"@context":"https:\/\/schema.org","@graph":[{"@type":"WebPage","@id":"https:\/\/osmoscosmos.com\/ocbar\/backstage-sauna\/","url":"https:\/\/osmoscosmos.com\/ocbar\/backstage-sauna\/","name":"Backstage ja sauna","isPartOf":{"@id":"https:\/\/osmoscosmos.com\/ocbar\/#website"},"datePublished":"2021-10-06T18:08:42+00:00","dateModified":"2023-04-27T08:40:36+00:00","description":"Katso lis\u00e4\u00e4 >>","breadcrumb":{"@id":"https:\/\/osmoscosmos.com\/ocbar\/backstage-sauna\/#breadcrumb"},"inLanguage":"fi","potentialAction":[{"@type":"ReadAction","target":["https:\/\/osmoscosmos.com\/ocbar\/backstage-sauna\/"]}]},{"@type":"BreadcrumbList","@id":"https:\/\/osmoscosmos.com\/ocbar\/backstage-sauna\/#breadcrumb","itemListElement":[{"@type":"ListItem","position":1,"name":"Etusivu","item":"https:\/\/osmoscosmos.com\/ocbar\/"},{"@type":"ListItem","position":2,"name":"Backstage ja sauna"}]},{"@type":"WebSite","@id":"https:\/\/osmoscosmos.com\/ocbar\/#website","url":"https:\/\/osmoscosmos.com\/ocbar\/","name":"OC Bar - Club \u00b7 Pub \u00b7 Karaoke \u00b7 Sport Bar","description":"Club \u00b7 Pub \u00b7 Karaoke \u00b7 Sport Bar","publisher":{"@id":"https:\/\/osmoscosmos.com\/ocbar\/#organization"},"potentialAction":[{"@type":"SearchAction","target":{"@type":"EntryPoint","urlTemplate":"https:\/\/osmoscosmos.com\/ocbar\/?s={search_term_string}"},"query-input":{"@type":"PropertyValueSpecification","valueRequired":true,"valueName":"search_term_string"}}],"inLanguage":"fi"},{"@type":"Organization","@id":"https:\/\/osmoscosmos.com\/ocbar\/#organization","name":"Osmo\u2019s Cosmos Bar","alternateName":"Osmo\u2019s Cosmos Bar","url":"https:\/\/osmoscosmos.com\/ocbar\/","logo":{"@type":"ImageObject","inLanguage":"fi","@id":"https:\/\/osmoscosmos.com\/ocbar\/#\/schema\/logo\/image\/","url":"https:\/\/osmoscosmos.com\/ocbar\/wp-content\/uploads\/2021\/08\/cropped-OC-BAR-logo-etusivu.png","contentUrl":"https:\/\/osmoscosmos.com\/ocbar\/wp-content\/uploads\/2021\/08\/cropped-OC-BAR-logo-etusivu.png","width":250,"height":250,"caption":"Osmo\u2019s Cosmos Bar"},"image":{"@id":"https:\/\/osmoscosmos.com\/ocbar\/#\/schema\/logo\/image\/"}}]}},"rttpg_featured_image_url":null,"rttpg_author":{"display_name":"baradmin","author_link":"https:\/\/osmoscosmos.com\/ocbar\/author\/baradmin\/"},"rttpg_comment":0,"rttpg_category":null,"rttpg_excerpt":"Backstage &amp; sauna Alakerrassa sijaitsee Osmo's Cosmos Barin backstage ja sauna. Eik\u00e4 mik\u00e4 tahansa sauna. Frederikki\u00e4 siteerataksemme: \u201cSuomen komein ja paras [&hellip;]","_links":{"self":[{"href":"https:\/\/osmoscosmos.com\/ocbar\/wp-json\/wp\/v2\/pages\/6620","targetHints":{"allow":["GET"]}}],"collection":[{"href":"https:\/\/osmoscosmos.com\/ocbar\/wp-json\/wp\/v2\/pages"}],"about":[{"href":"https:\/\/osmoscosmos.com\/ocbar\/wp-json\/wp\/v2\/types\/page"}],"author":[{"embeddable":true,"href":"https:\/\/osmoscosmos.com\/ocbar\/wp-json\/wp\/v2\/users\/1"}],"replies":[{"embeddable":true,"href":"https:\/\/osmoscosmos.com\/ocbar\/wp-json\/wp\/v2\/comments?post=6620"}],"version-history":[{"count":0,"href":"https:\/\/osmoscosmos.com\/ocbar\/wp-json\/wp\/v2\/pages\/6620\/revisions"}],"wp:attachment":[{"href":"https:\/\/osmoscosmos.com\/ocbar\/wp-json\/wp\/v2\/media?parent=6620"}],"curies":[{"name":"wp","href":"https:\/\/api.w.org\/{rel}","templated":true}]}}