{"id":6720,"date":"2021-10-07T16:16:07","date_gmt":"2021-10-07T13:16:07","guid":{"rendered":"https:\/\/www.osmoscosmos.com\/ocbar_demo\/?page_id=6720"},"modified":"2023-04-27T11:39:09","modified_gmt":"2023-04-27T08:39:09","slug":"o-kortti","status":"publish","type":"page","link":"https:\/\/osmoscosmos.com\/ocbar\/o-kortti\/","title":{"rendered":"O-kortti"},"content":{"rendered":"<div id=\"pl-6720\"  class=\"panel-layout\" ><div id=\"pg-6720-0\"  class=\"panel-grid panel-has-style\" ><div class=\"siteorigin-panels-stretch panel-row-style-full-width panel-row-style panel-row-style-for-6720-0\" data-stretch-type=\"full-stretched\" ><div id=\"pgc-6720-0-0\"  class=\"panel-grid-cell panel-grid-cell-empty\" ><\/div><\/div><\/div><div id=\"pg-6720-1\"  class=\"panel-grid panel-has-style\" ><div class=\"siteorigin-panels-stretch panel-row-style-full-width panel-row-style panel-row-style-for-6720-1\" data-stretch-type=\"full-stretched\" ><div id=\"pgc-6720-1-0\"  class=\"panel-grid-cell\" ><div id=\"panel-6720-1-0-0\" class=\"so-panel widget widget_sow-headline panel-first-child panel-last-child\" data-index=\"0\" ><div\n\t\t\t\n\t\t\tclass=\"so-widget-sow-headline so-widget-sow-headline-default-5cb3424bf6e7-6720 so-widget-fittext-wrapper\"\n\t\t\t data-fit-text-compressor=\"1.2\"\n\t\t><div class=\"sow-headline-container \">\n\t\t\t\t\t\t\t<h1 class=\"sow-headline\">\n\t\t\t\t\t\tO-kortti\t\t\t\t\t\t<\/h1>\n\t\t\t\t\t\t\t\t\t\t\t\t<h3 class=\"sow-sub-headline\">\n\t\t\t\t\t\tOsmo\u2019s Cosmos Bar kanta-asiakaskortti\t\t\t\t\t\t<\/h3>\n\t\t\t\t\t\t<\/div>\n<\/div><\/div><\/div><\/div><\/div><div id=\"pg-6720-2\"  class=\"panel-grid panel-has-style\" ><div class=\"siteorigin-panels-stretch panel-row-style-full-width panel-row-style panel-row-style-for-6720-2\" data-stretch-type=\"full\" ><div id=\"pgc-6720-2-0\"  class=\"panel-grid-cell panel-grid-cell-empty\" ><\/div><div id=\"pgc-6720-2-1\"  class=\"panel-grid-cell panel-grid-cell-mobile-last\" ><div class=\"panel-cell-style panel-cell-style-for-6720-2-1\" ><div id=\"panel-6720-2-1-0\" class=\"so-panel widget widget_sow-editor panel-first-child panel-last-child\" data-index=\"1\" ><div\n\t\t\t\n\t\t\tclass=\"so-widget-sow-editor so-widget-sow-editor-base\"\n\t\t\t\n\t\t><h3 class=\"widget-title\">Nyt sinulla on mahdollisuus hankkia Osmo\u2019s Cosmos Bar kanta-asiakaskortti eli O-kortti k\u00e4nnykk\u00e4\u00e4si.<\/h3>\n<div class=\"siteorigin-widget-tinymce textwidget\">\n\t<p>Lataa sovelluskaupastasi ilmainen Osmo\u2019s Cosmos Bar -mobiilisovellus ja kortin voi hankkia osaksi sovellusta.<\/p>\n<p>T\u00e4ss\u00e4 linkit <a href=\"https:\/\/apps.apple.com\/us\/app\/osmos-cosmos-bar\/id1437674097\" target=\"_blank\" rel=\"noopener\"><strong>AppStore<\/strong><\/a> ja <a href=\"https:\/\/play.google.com\/store\/apps\/details?id=com.app.osmoscosmosbar&amp;hl=fi&amp;fbclid=IwAR2QXwyeeEVGhxgU3Q-p_pR55zzGlBqWyjx3dFY5gTK60orTizLYGFzRrig\" target=\"_blank\" rel=\"noopener\"><strong>Google Play<\/strong><\/a> -sovelluskauppaan.<\/p>\n<p>O-kortilla on monia eri etuja:<\/p>\n<p>\u2605 \u00a0vaihtuvia ruoka- ja juomatarjouksia<br \/>\n\u2605 \u00a0dj.-iltoina 2 \u20ac alennusta p\u00e4\u00e4sylipusta<br \/>\n\u2605 \u00a0toisinaan ohjelmailtoina alennusta p\u00e4\u00e4sylipuista tai ilmaisia sis\u00e4\u00e4np\u00e4\u00e4syj\u00e4<br \/>\n\u2605 \u00a0alakerrassa hanatuotteista\u00a0alennusta 15 %<br \/>\n\u2605 \u00a0p\u00e4\u00e4set mukaan v\u00e4hint\u00e4\u00e4n kerran vuodessa j\u00e4rjestett\u00e4v\u00e4\u00e4n kanta-asiakasiltaan<br \/>\n\u2605 \u00a0saat s\u00e4hk\u00f6postiisi tai k\u00e4nnykk\u00e4\u00e4si tietoja ohjelmasta ja yll\u00e4tystarjouksista<br \/>\n\u2605 \u00a0etuja yhteisty\u00f6kumppaneilta mm.\u00a010 % alennusta <strong><a href=\"http:\/\/www.waterskizoo.com\/\" target=\"_blank\" rel=\"noopener\">WaterSkiZoon<\/a><\/strong> palveluista<br \/>\n\u2605 \u00a0yll\u00e4tyksi\u00e4 (mit\u00e4 ikin\u00e4 popparit keksiv\u00e4tk\u00e4\u00e4n\u2026)<\/p>\n<p>O-kortin hinta on 10 \u20ac, joka maksetaan rekister\u00f6itymisen j\u00e4lkeen ensik\u00e4yt\u00f6n yhteydess\u00e4 Osmo\u2019s Cosmos Barin kassalla.<\/p>\n<\/div>\n<\/div><\/div><\/div><\/div><div id=\"pgc-6720-2-2\"  class=\"panel-grid-cell panel-grid-cell-empty\" ><\/div><\/div><\/div><div id=\"pg-6720-3\"  class=\"panel-grid panel-no-style\" ><div id=\"pgc-6720-3-0\"  class=\"panel-grid-cell\" ><div id=\"panel-6720-3-0-0\" class=\"so-panel widget widget_media_image panel-first-child panel-last-child\" data-index=\"2\" ><img decoding=\"async\" width=\"1920\" height=\"1080\" data-src=\"https:\/\/osmoscosmos.com\/ocbar\/wp-content\/uploads\/2023\/03\/OC-Bar-appimainos.jpg\" class=\"image wp-image-7361  attachment-full size-full lazyload\" alt=\"\" style=\"--smush-placeholder-width: 1920px; --smush-placeholder-aspect-ratio: 1920\/1080;max-width: 100%; height: auto;\" data-srcset=\"https:\/\/osmoscosmos.com\/ocbar\/wp-content\/uploads\/2023\/03\/OC-Bar-appimainos.jpg 1920w, https:\/\/osmoscosmos.com\/ocbar\/wp-content\/uploads\/2023\/03\/OC-Bar-appimainos-300x169.jpg 300w, https:\/\/osmoscosmos.com\/ocbar\/wp-content\/uploads\/2023\/03\/OC-Bar-appimainos-1024x576.jpg 1024w, https:\/\/osmoscosmos.com\/ocbar\/wp-content\/uploads\/2023\/03\/OC-Bar-appimainos-768x432.jpg 768w, https:\/\/osmoscosmos.com\/ocbar\/wp-content\/uploads\/2023\/03\/OC-Bar-appimainos-1536x864.jpg 1536w\" data-sizes=\"(max-width: 1920px) 100vw, 1920px\" src=\"data:image\/svg+xml;base64,PHN2ZyB3aWR0aD0iMSIgaGVpZ2h0PSIxIiB4bWxucz0iaHR0cDovL3d3dy53My5vcmcvMjAwMC9zdmciPjwvc3ZnPg==\" \/><\/div><\/div><\/div><\/div>","protected":false},"excerpt":{"rendered":"<p>O-kortti Osmo\u2019s Cosmos Bar kanta-asiakaskortti Nyt sinulla on mahdollisuus hankkia Osmo\u2019s Cosmos Bar kanta-asiakaskortti eli O-kortti k\u00e4nnykk\u00e4\u00e4si. Lataa sovelluskaupastasi ilmainen Osmo\u2019s [&hellip;]<\/p>\n","protected":false},"author":1,"featured_media":0,"parent":0,"menu_order":0,"comment_status":"closed","ping_status":"closed","template":"","meta":{"footnotes":""},"class_list":["post-6720","page","type-page","status-publish","hentry","post"],"yoast_head":"<!-- This site is optimized with the Yoast SEO plugin v27.1.1 - https:\/\/yoast.com\/product\/yoast-seo-wordpress\/ -->\n<title>O-kortti<\/title>\n<meta name=\"description\" content=\"Katso lis\u00e4\u00e4 &gt;&gt;\" \/>\n<meta name=\"robots\" content=\"index, follow, max-snippet:-1, max-image-preview:large, max-video-preview:-1\" \/>\n<link rel=\"canonical\" href=\"https:\/\/osmoscosmos.com\/ocbar\/o-kortti\/\" \/>\n<meta property=\"og:locale\" content=\"fi_FI\" \/>\n<meta property=\"og:type\" content=\"article\" \/>\n<meta property=\"og:title\" content=\"O-kortti\" \/>\n<meta property=\"og:description\" content=\"Katso lis\u00e4\u00e4 &gt;&gt;\" \/>\n<meta property=\"og:url\" content=\"https:\/\/osmoscosmos.com\/ocbar\/o-kortti\/\" \/>\n<meta property=\"og:site_name\" content=\"OC Bar - Club \u00b7 Pub \u00b7 Karaoke \u00b7 Sport Bar\" \/>\n<meta property=\"article:modified_time\" content=\"2023-04-27T08:39:09+00:00\" \/>\n<meta property=\"og:image\" content=\"https:\/\/osmoscosmos.com\/ocbar\/wp-content\/uploads\/2023\/02\/OC-SHOW-2019-2200-px2-1024x1024.png\" \/>\n\t<meta property=\"og:image:width\" content=\"1024\" \/>\n\t<meta property=\"og:image:height\" content=\"1024\" \/>\n\t<meta property=\"og:image:type\" content=\"image\/png\" \/>\n<meta name=\"twitter:card\" content=\"summary_large_image\" \/>\n<meta name=\"twitter:label1\" content=\"Arvioitu lukuaika\" \/>\n\t<meta name=\"twitter:data1\" content=\"1 minuutti\" \/>\n<script type=\"application\/ld+json\" class=\"yoast-schema-graph\">{\"@context\":\"https:\/\/schema.org\",\"@graph\":[{\"@type\":\"WebPage\",\"@id\":\"https:\/\/osmoscosmos.com\/ocbar\/o-kortti\/\",\"url\":\"https:\/\/osmoscosmos.com\/ocbar\/o-kortti\/\",\"name\":\"O-kortti\",\"isPartOf\":{\"@id\":\"https:\/\/osmoscosmos.com\/ocbar\/#website\"},\"datePublished\":\"2021-10-07T13:16:07+00:00\",\"dateModified\":\"2023-04-27T08:39:09+00:00\",\"description\":\"Katso lis\u00e4\u00e4 >>\",\"breadcrumb\":{\"@id\":\"https:\/\/osmoscosmos.com\/ocbar\/o-kortti\/#breadcrumb\"},\"inLanguage\":\"fi\",\"potentialAction\":[{\"@type\":\"ReadAction\",\"target\":[\"https:\/\/osmoscosmos.com\/ocbar\/o-kortti\/\"]}]},{\"@type\":\"BreadcrumbList\",\"@id\":\"https:\/\/osmoscosmos.com\/ocbar\/o-kortti\/#breadcrumb\",\"itemListElement\":[{\"@type\":\"ListItem\",\"position\":1,\"name\":\"Etusivu\",\"item\":\"https:\/\/osmoscosmos.com\/ocbar\/\"},{\"@type\":\"ListItem\",\"position\":2,\"name\":\"O-kortti\"}]},{\"@type\":\"WebSite\",\"@id\":\"https:\/\/osmoscosmos.com\/ocbar\/#website\",\"url\":\"https:\/\/osmoscosmos.com\/ocbar\/\",\"name\":\"OC Bar - Club \u00b7 Pub \u00b7 Karaoke \u00b7 Sport Bar\",\"description\":\"Club \u00b7 Pub \u00b7 Karaoke \u00b7 Sport Bar\",\"publisher\":{\"@id\":\"https:\/\/osmoscosmos.com\/ocbar\/#organization\"},\"potentialAction\":[{\"@type\":\"SearchAction\",\"target\":{\"@type\":\"EntryPoint\",\"urlTemplate\":\"https:\/\/osmoscosmos.com\/ocbar\/?s={search_term_string}\"},\"query-input\":{\"@type\":\"PropertyValueSpecification\",\"valueRequired\":true,\"valueName\":\"search_term_string\"}}],\"inLanguage\":\"fi\"},{\"@type\":\"Organization\",\"@id\":\"https:\/\/osmoscosmos.com\/ocbar\/#organization\",\"name\":\"Osmo\u2019s Cosmos Bar\",\"alternateName\":\"Osmo\u2019s Cosmos Bar\",\"url\":\"https:\/\/osmoscosmos.com\/ocbar\/\",\"logo\":{\"@type\":\"ImageObject\",\"inLanguage\":\"fi\",\"@id\":\"https:\/\/osmoscosmos.com\/ocbar\/#\/schema\/logo\/image\/\",\"url\":\"https:\/\/osmoscosmos.com\/ocbar\/wp-content\/uploads\/2021\/08\/cropped-OC-BAR-logo-etusivu.png\",\"contentUrl\":\"https:\/\/osmoscosmos.com\/ocbar\/wp-content\/uploads\/2021\/08\/cropped-OC-BAR-logo-etusivu.png\",\"width\":250,\"height\":250,\"caption\":\"Osmo\u2019s Cosmos Bar\"},\"image\":{\"@id\":\"https:\/\/osmoscosmos.com\/ocbar\/#\/schema\/logo\/image\/\"}}]}<\/script>\n<!-- \/ Yoast SEO plugin. -->","yoast_head_json":{"title":"O-kortti","description":"Katso lis\u00e4\u00e4 >>","robots":{"index":"index","follow":"follow","max-snippet":"max-snippet:-1","max-image-preview":"max-image-preview:large","max-video-preview":"max-video-preview:-1"},"canonical":"https:\/\/osmoscosmos.com\/ocbar\/o-kortti\/","og_locale":"fi_FI","og_type":"article","og_title":"O-kortti","og_description":"Katso lis\u00e4\u00e4 >>","og_url":"https:\/\/osmoscosmos.com\/ocbar\/o-kortti\/","og_site_name":"OC Bar - Club \u00b7 Pub \u00b7 Karaoke \u00b7 Sport Bar","article_modified_time":"2023-04-27T08:39:09+00:00","og_image":[{"width":1024,"height":1024,"url":"https:\/\/osmoscosmos.com\/ocbar\/wp-content\/uploads\/2023\/02\/OC-SHOW-2019-2200-px2-1024x1024.png","type":"image\/png"}],"twitter_card":"summary_large_image","twitter_misc":{"Arvioitu lukuaika":"1 minuutti"},"schema":{"@context":"https:\/\/schema.org","@graph":[{"@type":"WebPage","@id":"https:\/\/osmoscosmos.com\/ocbar\/o-kortti\/","url":"https:\/\/osmoscosmos.com\/ocbar\/o-kortti\/","name":"O-kortti","isPartOf":{"@id":"https:\/\/osmoscosmos.com\/ocbar\/#website"},"datePublished":"2021-10-07T13:16:07+00:00","dateModified":"2023-04-27T08:39:09+00:00","description":"Katso lis\u00e4\u00e4 >>","breadcrumb":{"@id":"https:\/\/osmoscosmos.com\/ocbar\/o-kortti\/#breadcrumb"},"inLanguage":"fi","potentialAction":[{"@type":"ReadAction","target":["https:\/\/osmoscosmos.com\/ocbar\/o-kortti\/"]}]},{"@type":"BreadcrumbList","@id":"https:\/\/osmoscosmos.com\/ocbar\/o-kortti\/#breadcrumb","itemListElement":[{"@type":"ListItem","position":1,"name":"Etusivu","item":"https:\/\/osmoscosmos.com\/ocbar\/"},{"@type":"ListItem","position":2,"name":"O-kortti"}]},{"@type":"WebSite","@id":"https:\/\/osmoscosmos.com\/ocbar\/#website","url":"https:\/\/osmoscosmos.com\/ocbar\/","name":"OC Bar - Club \u00b7 Pub \u00b7 Karaoke \u00b7 Sport Bar","description":"Club \u00b7 Pub \u00b7 Karaoke \u00b7 Sport Bar","publisher":{"@id":"https:\/\/osmoscosmos.com\/ocbar\/#organization"},"potentialAction":[{"@type":"SearchAction","target":{"@type":"EntryPoint","urlTemplate":"https:\/\/osmoscosmos.com\/ocbar\/?s={search_term_string}"},"query-input":{"@type":"PropertyValueSpecification","valueRequired":true,"valueName":"search_term_string"}}],"inLanguage":"fi"},{"@type":"Organization","@id":"https:\/\/osmoscosmos.com\/ocbar\/#organization","name":"Osmo\u2019s Cosmos Bar","alternateName":"Osmo\u2019s Cosmos Bar","url":"https:\/\/osmoscosmos.com\/ocbar\/","logo":{"@type":"ImageObject","inLanguage":"fi","@id":"https:\/\/osmoscosmos.com\/ocbar\/#\/schema\/logo\/image\/","url":"https:\/\/osmoscosmos.com\/ocbar\/wp-content\/uploads\/2021\/08\/cropped-OC-BAR-logo-etusivu.png","contentUrl":"https:\/\/osmoscosmos.com\/ocbar\/wp-content\/uploads\/2021\/08\/cropped-OC-BAR-logo-etusivu.png","width":250,"height":250,"caption":"Osmo\u2019s Cosmos Bar"},"image":{"@id":"https:\/\/osmoscosmos.com\/ocbar\/#\/schema\/logo\/image\/"}}]}},"rttpg_featured_image_url":null,"rttpg_author":{"display_name":"baradmin","author_link":"https:\/\/osmoscosmos.com\/ocbar\/author\/baradmin\/"},"rttpg_comment":0,"rttpg_category":null,"rttpg_excerpt":"O-kortti Osmo\u2019s Cosmos Bar kanta-asiakaskortti Nyt sinulla on mahdollisuus hankkia Osmo\u2019s Cosmos Bar kanta-asiakaskortti eli O-kortti k\u00e4nnykk\u00e4\u00e4si. Lataa sovelluskaupastasi ilmainen Osmo\u2019s [&hellip;]","_links":{"self":[{"href":"https:\/\/osmoscosmos.com\/ocbar\/wp-json\/wp\/v2\/pages\/6720","targetHints":{"allow":["GET"]}}],"collection":[{"href":"https:\/\/osmoscosmos.com\/ocbar\/wp-json\/wp\/v2\/pages"}],"about":[{"href":"https:\/\/osmoscosmos.com\/ocbar\/wp-json\/wp\/v2\/types\/page"}],"author":[{"embeddable":true,"href":"https:\/\/osmoscosmos.com\/ocbar\/wp-json\/wp\/v2\/users\/1"}],"replies":[{"embeddable":true,"href":"https:\/\/osmoscosmos.com\/ocbar\/wp-json\/wp\/v2\/comments?post=6720"}],"version-history":[{"count":0,"href":"https:\/\/osmoscosmos.com\/ocbar\/wp-json\/wp\/v2\/pages\/6720\/revisions"}],"wp:attachment":[{"href":"https:\/\/osmoscosmos.com\/ocbar\/wp-json\/wp\/v2\/media?parent=6720"}],"curies":[{"name":"wp","href":"https:\/\/api.w.org\/{rel}","templated":true}]}}