{"id":6731,"date":"2021-10-07T16:32:47","date_gmt":"2021-10-07T13:32:47","guid":{"rendered":"https:\/\/www.osmoscosmos.com\/ocbar_demo\/?page_id=6731"},"modified":"2023-04-30T11:31:33","modified_gmt":"2023-04-30T08:31:33","slug":"videotuotanto","status":"publish","type":"page","link":"https:\/\/osmoscosmos.com\/ocbar\/videotuotanto\/","title":{"rendered":"Videotuotanto"},"content":{"rendered":"<div id=\"pl-6731\"  class=\"panel-layout\" ><div id=\"pg-6731-0\"  class=\"panel-grid panel-has-style\" ><div class=\"siteorigin-panels-stretch panel-row-style-full-width panel-row-style panel-row-style-for-6731-0\" data-stretch-type=\"full-stretched\" ><div id=\"pgc-6731-0-0\"  class=\"panel-grid-cell panel-grid-cell-empty\" ><\/div><\/div><\/div><div id=\"pg-6731-1\"  class=\"panel-grid panel-has-style\" ><div class=\"siteorigin-panels-stretch panel-row-style-full-width panel-row-style panel-row-style-for-6731-1\" data-stretch-type=\"full-stretched\" ><div id=\"pgc-6731-1-0\"  class=\"panel-grid-cell\" ><div id=\"panel-6731-1-0-0\" class=\"so-panel widget widget_sow-headline panel-first-child panel-last-child\" data-index=\"0\" ><div\n\t\t\t\n\t\t\tclass=\"so-widget-sow-headline so-widget-sow-headline-default-5cb3424bf6e7-6731 so-widget-fittext-wrapper\"\n\t\t\t data-fit-text-compressor=\"1.2\"\n\t\t><div class=\"sow-headline-container \">\n\t\t\t\t\t\t\t<h1 class=\"sow-headline\">\n\t\t\t\t\t\tVideotuotanto\t\t\t\t\t\t<\/h1>\n\t\t\t\t\t\t\t\t\t\t\t\t<h3 class=\"sow-sub-headline\">\n\t\t\t\t\t\tOC Barissa nyt my\u00f6s videotuotantoa!\t\t\t\t\t\t<\/h3>\n\t\t\t\t\t\t<\/div>\n<\/div><\/div><\/div><\/div><\/div><div id=\"pg-6731-2\"  class=\"panel-grid panel-has-style\" ><div class=\"siteorigin-panels-stretch panel-row-style-full-width panel-row-style panel-row-style-for-6731-2\" data-stretch-type=\"full\" ><div id=\"pgc-6731-2-0\"  class=\"panel-grid-cell panel-grid-cell-empty\" ><\/div><div id=\"pgc-6731-2-1\"  class=\"panel-grid-cell panel-grid-cell-mobile-last\" ><div class=\"panel-cell-style panel-cell-style-for-6731-2-1\" ><div id=\"panel-6731-2-1-0\" class=\"so-panel widget widget_sow-editor panel-first-child panel-last-child\" data-index=\"1\" ><div\n\t\t\t\n\t\t\tclass=\"so-widget-sow-editor so-widget-sow-editor-base\"\n\t\t\t\n\t\t><h3 class=\"widget-title\">Osmo\u2019s Cosmos Barissa voi nyt tallentaa videoita monikameratuotantona.<\/h3>\n<div class=\"siteorigin-widget-tinymce textwidget\">\n\t<p>Esim. b\u00e4ndin live- tai musiikkivideo, karaoke-esitys, kuoro, tankotanssi, stand-up, muotin\u00e4yt\u00f6s, teatteriesitys, jne.<\/p>\n<p>OC Barissa on nelj\u00e4 kiinte\u00e4\u00e4 kameraa, videon editointiyksikk\u00f6, \u00e4\u00e4nentallennus sek\u00e4 \u00e4\u00e4nentoisto- ja valolaitteisto. Vaihtoehtoja videotuotantoon on eri tasoisia riippuen k\u00e4ytett\u00e4v\u00e4st\u00e4 budjetista.<\/p>\n<\/div>\n<\/div><\/div><\/div><\/div><div id=\"pgc-6731-2-2\"  class=\"panel-grid-cell panel-grid-cell-empty\" ><\/div><\/div><\/div><div id=\"pg-6731-3\"  class=\"panel-grid panel-has-style\" ><div class=\"siteorigin-panels-stretch panel-row-style-full-width panel-row-style panel-row-style-for-6731-3\" data-stretch-type=\"full\" ><div id=\"pgc-6731-3-0\"  class=\"panel-grid-cell panel-grid-cell-empty\" ><\/div><div id=\"pgc-6731-3-1\"  class=\"panel-grid-cell\" ><div class=\"panel-cell-style panel-cell-style-for-6731-3-1\" ><div id=\"panel-6731-3-1-0\" class=\"so-panel widget widget_sow-editor panel-first-child panel-last-child\" data-index=\"2\" ><div\n\t\t\t\n\t\t\tclass=\"so-widget-sow-editor so-widget-sow-editor-base\"\n\t\t\t\n\t\t><h3 class=\"widget-title\">Edit 1<\/h3>\n<div class=\"siteorigin-widget-tinymce textwidget\">\n\t<ul>\n<li>\u00e4\u00e4ni- ja videoteknikko<\/li>\n<li>videon tallennus nelj\u00e4ll\u00e4 talon kiinte\u00e4ll\u00e4 kameralla<\/li>\n<li>videon leikkaus \u201dlennosta\u201d esityksen aikana<\/li>\n<li>\u00e4\u00e4nen tallennus stereoraidalle miksausp\u00f6yd\u00e4n ja tilamikkien summana<\/li>\n<li>videotiedosto mukaan samana iltana USB-tikulle tai latauslinkkin\u00e4<\/li>\n<li>tila k\u00e4ytett\u00e4viss\u00e4 klo 18:00 \u2013 22:00<\/li>\n<li>hinta alkaen 800 \u20ac (sis. alv. 24%)<\/li>\n<\/ul>\n<\/div>\n<\/div><\/div><\/div><\/div><div id=\"pgc-6731-3-2\"  class=\"panel-grid-cell panel-grid-cell-empty\" ><\/div><div id=\"pgc-6731-3-3\"  class=\"panel-grid-cell\" ><div class=\"panel-cell-style panel-cell-style-for-6731-3-3\" ><div id=\"panel-6731-3-3-0\" class=\"so-panel widget widget_sow-editor panel-first-child panel-last-child\" data-index=\"3\" ><div\n\t\t\t\n\t\t\tclass=\"so-widget-sow-editor so-widget-sow-editor-base\"\n\t\t\t\n\t\t><h3 class=\"widget-title\">Edit 2<\/h3>\n<div class=\"siteorigin-widget-tinymce textwidget\">\n\t<ul>\n<li>kuten edell\u00e4, mutta \u00e4\u00e4nen masterointi ja videon v\u00e4rim\u00e4\u00e4rittely j\u00e4lkituotantona<\/li>\n<li>videon toimitus maks. muutamassa p\u00e4iv\u00e4ss\u00e4<\/li>\n<li>hinta alkaen 1 000 \u20ac (sis. alv. 24%)<\/li>\n<\/ul>\n<\/div>\n<\/div><\/div><\/div><\/div><div id=\"pgc-6731-3-4\"  class=\"panel-grid-cell panel-grid-cell-empty\" ><\/div><div id=\"pgc-6731-3-5\"  class=\"panel-grid-cell panel-grid-cell-mobile-last\" ><div class=\"panel-cell-style panel-cell-style-for-6731-3-5\" ><div id=\"panel-6731-3-5-0\" class=\"so-panel widget widget_sow-editor panel-first-child panel-last-child\" data-index=\"4\" ><div\n\t\t\t\n\t\t\tclass=\"so-widget-sow-editor so-widget-sow-editor-base\"\n\t\t\t\n\t\t><h3 class=\"widget-title\">Edit 3<\/h3>\n<div class=\"siteorigin-widget-tinymce textwidget\">\n\t<ul>\n<li>\u00e4\u00e4niteknikko ja kaksi videoteknikkoa<\/li>\n<li>videon tallennus talon kameroiden lis\u00e4ksi 2-3 laadukkaammalla kameralla<\/li>\n<li>videon editointi ja v\u00e4rim\u00e4\u00e4rittely j\u00e4lkituotantona<\/li>\n<li>\u00e4\u00e4nen tallennus moniraiturille<\/li>\n<li>\u00e4\u00e4nen miksaus Music-Bros -studiossa j\u00e4lkituotantona<\/li>\n<li>videon toimitus maks. parissa viikossa<\/li>\n<li>tila k\u00e4ytett\u00e4viss\u00e4 klo 18:00 \u2013 22:00<\/li>\n<li>hinta alkaen 1 500 \u20ac (sis. alv. 24%)<\/li>\n<\/ul>\n<\/div>\n<\/div><\/div><\/div><\/div><div id=\"pgc-6731-3-6\"  class=\"panel-grid-cell panel-grid-cell-empty\" ><\/div><\/div><\/div><div id=\"pg-6731-4\"  class=\"panel-grid panel-has-style\" ><div class=\"siteorigin-panels-stretch panel-row-style-full-width panel-row-style panel-row-style-for-6731-4\" data-stretch-type=\"full\" ><div id=\"pgc-6731-4-0\"  class=\"panel-grid-cell panel-grid-cell-empty\" ><\/div><div id=\"pgc-6731-4-1\"  class=\"panel-grid-cell panel-grid-cell-mobile-last\" ><div class=\"panel-cell-style panel-cell-style-for-6731-4-1\" ><div id=\"panel-6731-4-1-0\" class=\"so-panel widget widget_sow-editor panel-first-child panel-last-child\" data-index=\"5\" ><div\n\t\t\t\n\t\t\tclass=\"so-widget-sow-editor so-widget-sow-editor-base\"\n\t\t\t\n\t\t><h3 class=\"widget-title\">Tarkemmat hinnat lasketaan tapauskohtaisesti riippuen k\u00e4ytetyst\u00e4 ty\u00f6m\u00e4\u00e4r\u00e4st\u00e4.<\/h3>\n<div class=\"siteorigin-widget-tinymce textwidget\">\n\t<p>Vaihtoehtoja voi my\u00f6s yhdistell\u00e4 ja \u00e4\u00e4niraitahan voi olla valmiiksi nauhoitettu esim. musiikkivideota kuvattaessa. Ja b\u00e4ndill\u00e4h\u00e4n voi olla my\u00f6s oma miksaaja, valomies ja \/ tai videoteknikko mukana tekem\u00e4ss\u00e4.\u00a0 Tila on k\u00e4ytett\u00e4viss\u00e4 viikolla sek\u00e4 viikonloppuna klo 22:00 saakka (jos kovempaa \u00e4\u00e4nt\u00e4 esim. b\u00e4ndikuvauksissa, niin aloitus klo 18:00 j\u00e4lkeen).<\/p>\n<p>OC Barin juoma- ja ruokatarjoilut ovat k\u00e4ytett\u00e4viss\u00e4. Voit j\u00e4rjest\u00e4\u00e4 esim. yksityistilaisuuden, jossa b\u00e4ndisi soittaa keikan ja kutsua kavereita yleis\u00f6ksi.<\/p>\n<p>Imatralaisen Hell Riders b\u00e4ndin kanssa tehtiin ilman mit\u00e4\u00e4n ennakkosuunnittelua testin\u00e4 livevideo biisist\u00e4 Million Miles Away.\u00a0 Ohessa koostevideo, jossa vertaillaan eri vaihtoehtoja ja alla videot kokonaan eri versioina.<\/p>\n<p>&nbsp;<\/p>\n<p>Ota rohkeasti yhteytt\u00e4, niin teemme mielell\u00e4mme tarjousta videotuotannosta.<br \/>\nPete Kiisseli, 0400-751 255, info(at)music-bros.fi<br \/>\nVille Soininen, 040-748 1255, info(at)music-bros.fi<br \/>\n<a href=\"http:\/\/www.music-bros.fi\/\" target=\"_blank\" rel=\"noopener\"><strong>www.music-bros.fi<\/strong><\/a><\/p>\n<\/div>\n<\/div><\/div><\/div><\/div><div id=\"pgc-6731-4-2\"  class=\"panel-grid-cell panel-grid-cell-empty\" ><\/div><\/div><\/div><div id=\"pg-6731-5\"  class=\"panel-grid panel-has-style\" ><div class=\"siteorigin-panels-stretch panel-row-style-full-width panel-row-style panel-row-style-for-6731-5\" data-stretch-type=\"full\" ><div id=\"pgc-6731-5-0\"  class=\"panel-grid-cell panel-grid-cell-empty\" ><\/div><div id=\"pgc-6731-5-1\"  class=\"panel-grid-cell\" ><div class=\"panel-cell-style panel-cell-style-for-6731-5-1\" ><div id=\"panel-6731-5-1-0\" class=\"so-panel widget widget_media_video panel-first-child panel-last-child\" data-index=\"6\" ><h3 class=\"widget-title\">Vertailua edit 1,2 ja 3<\/h3><div style=\"width:100%;\" class=\"wp-video\"><video class=\"wp-video-shortcode\" id=\"video-6731-1\" preload=\"metadata\" controls=\"controls\"><source type=\"video\/youtube\" src=\"https:\/\/youtu.be\/SZ5B_Y5B3JE?_=1\" \/><a href=\"https:\/\/youtu.be\/SZ5B_Y5B3JE\">https:\/\/youtu.be\/SZ5B_Y5B3JE<\/a><\/video><\/div><\/div><\/div><\/div><div id=\"pgc-6731-5-2\"  class=\"panel-grid-cell panel-grid-cell-empty\" ><\/div><div id=\"pgc-6731-5-3\"  class=\"panel-grid-cell panel-grid-cell-mobile-last\" ><div class=\"panel-cell-style panel-cell-style-for-6731-5-3\" ><div id=\"panel-6731-5-3-0\" class=\"so-panel widget widget_media_video panel-first-child panel-last-child\" data-index=\"7\" ><h3 class=\"widget-title\">Edit 1<\/h3><div style=\"width:100%;\" class=\"wp-video\"><video class=\"wp-video-shortcode\" id=\"video-6731-2\" preload=\"metadata\" controls=\"controls\"><source type=\"video\/youtube\" src=\"https:\/\/youtu.be\/DXfPe-QnBXM?_=2\" \/><a href=\"https:\/\/youtu.be\/DXfPe-QnBXM\">https:\/\/youtu.be\/DXfPe-QnBXM<\/a><\/video><\/div><\/div><\/div><\/div><div id=\"pgc-6731-5-4\"  class=\"panel-grid-cell panel-grid-cell-empty\" ><\/div><\/div><\/div><div id=\"pg-6731-6\"  class=\"panel-grid panel-has-style\" ><div class=\"siteorigin-panels-stretch panel-row-style-full-width panel-row-style panel-row-style-for-6731-6\" data-stretch-type=\"full\" ><div id=\"pgc-6731-6-0\"  class=\"panel-grid-cell panel-grid-cell-empty\" ><\/div><div id=\"pgc-6731-6-1\"  class=\"panel-grid-cell\" ><div class=\"panel-cell-style panel-cell-style-for-6731-6-1\" ><div id=\"panel-6731-6-1-0\" class=\"so-panel widget widget_media_video panel-first-child panel-last-child\" data-index=\"8\" ><h3 class=\"widget-title\">Edit 2<\/h3><div style=\"width:100%;\" class=\"wp-video\"><video class=\"wp-video-shortcode\" id=\"video-6731-3\" preload=\"metadata\" controls=\"controls\"><source type=\"video\/youtube\" src=\"https:\/\/youtu.be\/7zgJ7wMjbdE?_=3\" \/><a href=\"https:\/\/youtu.be\/7zgJ7wMjbdE\">https:\/\/youtu.be\/7zgJ7wMjbdE<\/a><\/video><\/div><\/div><\/div><\/div><div id=\"pgc-6731-6-2\"  class=\"panel-grid-cell panel-grid-cell-empty\" ><\/div><div id=\"pgc-6731-6-3\"  class=\"panel-grid-cell panel-grid-cell-mobile-last\" ><div class=\"panel-cell-style panel-cell-style-for-6731-6-3\" ><div id=\"panel-6731-6-3-0\" class=\"so-panel widget widget_media_video panel-first-child panel-last-child\" data-index=\"9\" ><h3 class=\"widget-title\">Edit 3<\/h3><div style=\"width:100%;\" class=\"wp-video\"><video class=\"wp-video-shortcode\" id=\"video-6731-4\" preload=\"metadata\" controls=\"controls\"><source type=\"video\/youtube\" src=\"https:\/\/youtu.be\/o5q_qkKdPT4?_=4\" \/><a href=\"https:\/\/youtu.be\/o5q_qkKdPT4\">https:\/\/youtu.be\/o5q_qkKdPT4<\/a><\/video><\/div><\/div><\/div><\/div><div id=\"pgc-6731-6-4\"  class=\"panel-grid-cell panel-grid-cell-empty\" ><\/div><\/div><\/div><div id=\"pg-6731-7\"  class=\"panel-grid panel-has-style\" ><div class=\"siteorigin-panels-stretch panel-row-style-full-width panel-row-style panel-row-style-for-6731-7\" data-stretch-type=\"full\" ><div id=\"pgc-6731-7-0\"  class=\"panel-grid-cell panel-grid-cell-empty\" ><\/div><div id=\"pgc-6731-7-1\"  class=\"panel-grid-cell panel-grid-cell-mobile-last\" ><div class=\"panel-cell-style panel-cell-style-for-6731-7-1\" ><div id=\"panel-6731-7-1-0\" class=\"so-panel widget widget_sow-editor panel-first-child panel-last-child\" data-index=\"10\" ><div\n\t\t\t\n\t\t\tclass=\"so-widget-sow-editor so-widget-sow-editor-base\"\n\t\t\t\n\t\t><h3 class=\"widget-title\">Yhteisty\u00f6ss\u00e4:<\/h3>\n<div class=\"siteorigin-widget-tinymce textwidget\">\n\t<p><a href=\"https:\/\/osmoscosmos.com\/ocbar\/\"><strong>Osmo\u2019s Cosmos Bar<\/strong><\/a>, <a href=\"http:\/\/www.music-bros.fi\/\" target=\"_blank\" rel=\"noopener\"><strong>Music-Bros<\/strong><\/a> ja <a href=\"https:\/\/www.facebook.com\/Nestography\/\" target=\"_blank\" rel=\"noopener\"><strong>Nestography.<\/strong><\/a><\/p>\n<\/div>\n<\/div><\/div><\/div><\/div><div id=\"pgc-6731-7-2\"  class=\"panel-grid-cell panel-grid-cell-empty\" ><\/div><\/div><\/div><\/div>","protected":false},"excerpt":{"rendered":"<p>Videotuotanto OC Barissa nyt my\u00f6s videotuotantoa! Osmo\u2019s Cosmos Barissa voi nyt tallentaa videoita monikameratuotantona. Esim. b\u00e4ndin live- tai musiikkivideo, karaoke-esitys, kuoro, [&hellip;]<\/p>\n","protected":false},"author":1,"featured_media":0,"parent":0,"menu_order":0,"comment_status":"closed","ping_status":"closed","template":"","meta":{"footnotes":""},"class_list":["post-6731","page","type-page","status-publish","hentry","post"],"yoast_head":"<!-- This site is optimized with the Yoast SEO plugin v27.1.1 - https:\/\/yoast.com\/product\/yoast-seo-wordpress\/ -->\n<title>Videotuotanto<\/title>\n<meta name=\"description\" content=\"Katso lis\u00e4\u00e4 &gt;&gt;\" \/>\n<meta name=\"robots\" content=\"index, follow, max-snippet:-1, max-image-preview:large, max-video-preview:-1\" \/>\n<link rel=\"canonical\" href=\"https:\/\/osmoscosmos.com\/ocbar\/videotuotanto\/\" \/>\n<meta property=\"og:locale\" content=\"fi_FI\" \/>\n<meta property=\"og:type\" content=\"article\" \/>\n<meta property=\"og:title\" content=\"Videotuotanto\" \/>\n<meta property=\"og:description\" content=\"Katso lis\u00e4\u00e4 &gt;&gt;\" \/>\n<meta property=\"og:url\" content=\"https:\/\/osmoscosmos.com\/ocbar\/videotuotanto\/\" \/>\n<meta property=\"og:site_name\" content=\"OC Bar - Club \u00b7 Pub \u00b7 Karaoke \u00b7 Sport Bar\" \/>\n<meta property=\"article:modified_time\" content=\"2023-04-30T08:31:33+00:00\" \/>\n<meta property=\"og:image\" content=\"https:\/\/osmoscosmos.com\/ocbar\/wp-content\/uploads\/2023\/02\/OC-SHOW-2019-2200-px2-1024x1024.png\" \/>\n\t<meta property=\"og:image:width\" content=\"1024\" \/>\n\t<meta property=\"og:image:height\" content=\"1024\" \/>\n\t<meta property=\"og:image:type\" content=\"image\/png\" \/>\n<meta name=\"twitter:card\" content=\"summary_large_image\" \/>\n<meta name=\"twitter:label1\" content=\"Arvioitu lukuaika\" \/>\n\t<meta name=\"twitter:data1\" content=\"2 minuuttia\" \/>\n<script type=\"application\/ld+json\" class=\"yoast-schema-graph\">{\"@context\":\"https:\/\/schema.org\",\"@graph\":[{\"@type\":\"WebPage\",\"@id\":\"https:\/\/osmoscosmos.com\/ocbar\/videotuotanto\/\",\"url\":\"https:\/\/osmoscosmos.com\/ocbar\/videotuotanto\/\",\"name\":\"Videotuotanto\",\"isPartOf\":{\"@id\":\"https:\/\/osmoscosmos.com\/ocbar\/#website\"},\"datePublished\":\"2021-10-07T13:32:47+00:00\",\"dateModified\":\"2023-04-30T08:31:33+00:00\",\"description\":\"Katso lis\u00e4\u00e4 >>\",\"breadcrumb\":{\"@id\":\"https:\/\/osmoscosmos.com\/ocbar\/videotuotanto\/#breadcrumb\"},\"inLanguage\":\"fi\",\"potentialAction\":[{\"@type\":\"ReadAction\",\"target\":[\"https:\/\/osmoscosmos.com\/ocbar\/videotuotanto\/\"]}]},{\"@type\":\"BreadcrumbList\",\"@id\":\"https:\/\/osmoscosmos.com\/ocbar\/videotuotanto\/#breadcrumb\",\"itemListElement\":[{\"@type\":\"ListItem\",\"position\":1,\"name\":\"Etusivu\",\"item\":\"https:\/\/osmoscosmos.com\/ocbar\/\"},{\"@type\":\"ListItem\",\"position\":2,\"name\":\"Videotuotanto\"}]},{\"@type\":\"WebSite\",\"@id\":\"https:\/\/osmoscosmos.com\/ocbar\/#website\",\"url\":\"https:\/\/osmoscosmos.com\/ocbar\/\",\"name\":\"OC Bar - Club \u00b7 Pub \u00b7 Karaoke \u00b7 Sport Bar\",\"description\":\"Club \u00b7 Pub \u00b7 Karaoke \u00b7 Sport Bar\",\"publisher\":{\"@id\":\"https:\/\/osmoscosmos.com\/ocbar\/#organization\"},\"potentialAction\":[{\"@type\":\"SearchAction\",\"target\":{\"@type\":\"EntryPoint\",\"urlTemplate\":\"https:\/\/osmoscosmos.com\/ocbar\/?s={search_term_string}\"},\"query-input\":{\"@type\":\"PropertyValueSpecification\",\"valueRequired\":true,\"valueName\":\"search_term_string\"}}],\"inLanguage\":\"fi\"},{\"@type\":\"Organization\",\"@id\":\"https:\/\/osmoscosmos.com\/ocbar\/#organization\",\"name\":\"Osmo\u2019s Cosmos Bar\",\"alternateName\":\"Osmo\u2019s Cosmos Bar\",\"url\":\"https:\/\/osmoscosmos.com\/ocbar\/\",\"logo\":{\"@type\":\"ImageObject\",\"inLanguage\":\"fi\",\"@id\":\"https:\/\/osmoscosmos.com\/ocbar\/#\/schema\/logo\/image\/\",\"url\":\"https:\/\/osmoscosmos.com\/ocbar\/wp-content\/uploads\/2021\/08\/cropped-OC-BAR-logo-etusivu.png\",\"contentUrl\":\"https:\/\/osmoscosmos.com\/ocbar\/wp-content\/uploads\/2021\/08\/cropped-OC-BAR-logo-etusivu.png\",\"width\":250,\"height\":250,\"caption\":\"Osmo\u2019s Cosmos Bar\"},\"image\":{\"@id\":\"https:\/\/osmoscosmos.com\/ocbar\/#\/schema\/logo\/image\/\"}}]}<\/script>\n<!-- \/ Yoast SEO plugin. -->","yoast_head_json":{"title":"Videotuotanto","description":"Katso lis\u00e4\u00e4 >>","robots":{"index":"index","follow":"follow","max-snippet":"max-snippet:-1","max-image-preview":"max-image-preview:large","max-video-preview":"max-video-preview:-1"},"canonical":"https:\/\/osmoscosmos.com\/ocbar\/videotuotanto\/","og_locale":"fi_FI","og_type":"article","og_title":"Videotuotanto","og_description":"Katso lis\u00e4\u00e4 >>","og_url":"https:\/\/osmoscosmos.com\/ocbar\/videotuotanto\/","og_site_name":"OC Bar - Club \u00b7 Pub \u00b7 Karaoke \u00b7 Sport Bar","article_modified_time":"2023-04-30T08:31:33+00:00","og_image":[{"width":1024,"height":1024,"url":"https:\/\/osmoscosmos.com\/ocbar\/wp-content\/uploads\/2023\/02\/OC-SHOW-2019-2200-px2-1024x1024.png","type":"image\/png"}],"twitter_card":"summary_large_image","twitter_misc":{"Arvioitu lukuaika":"2 minuuttia"},"schema":{"@context":"https:\/\/schema.org","@graph":[{"@type":"WebPage","@id":"https:\/\/osmoscosmos.com\/ocbar\/videotuotanto\/","url":"https:\/\/osmoscosmos.com\/ocbar\/videotuotanto\/","name":"Videotuotanto","isPartOf":{"@id":"https:\/\/osmoscosmos.com\/ocbar\/#website"},"datePublished":"2021-10-07T13:32:47+00:00","dateModified":"2023-04-30T08:31:33+00:00","description":"Katso lis\u00e4\u00e4 >>","breadcrumb":{"@id":"https:\/\/osmoscosmos.com\/ocbar\/videotuotanto\/#breadcrumb"},"inLanguage":"fi","potentialAction":[{"@type":"ReadAction","target":["https:\/\/osmoscosmos.com\/ocbar\/videotuotanto\/"]}]},{"@type":"BreadcrumbList","@id":"https:\/\/osmoscosmos.com\/ocbar\/videotuotanto\/#breadcrumb","itemListElement":[{"@type":"ListItem","position":1,"name":"Etusivu","item":"https:\/\/osmoscosmos.com\/ocbar\/"},{"@type":"ListItem","position":2,"name":"Videotuotanto"}]},{"@type":"WebSite","@id":"https:\/\/osmoscosmos.com\/ocbar\/#website","url":"https:\/\/osmoscosmos.com\/ocbar\/","name":"OC Bar - Club \u00b7 Pub \u00b7 Karaoke \u00b7 Sport Bar","description":"Club \u00b7 Pub \u00b7 Karaoke \u00b7 Sport Bar","publisher":{"@id":"https:\/\/osmoscosmos.com\/ocbar\/#organization"},"potentialAction":[{"@type":"SearchAction","target":{"@type":"EntryPoint","urlTemplate":"https:\/\/osmoscosmos.com\/ocbar\/?s={search_term_string}"},"query-input":{"@type":"PropertyValueSpecification","valueRequired":true,"valueName":"search_term_string"}}],"inLanguage":"fi"},{"@type":"Organization","@id":"https:\/\/osmoscosmos.com\/ocbar\/#organization","name":"Osmo\u2019s Cosmos Bar","alternateName":"Osmo\u2019s Cosmos Bar","url":"https:\/\/osmoscosmos.com\/ocbar\/","logo":{"@type":"ImageObject","inLanguage":"fi","@id":"https:\/\/osmoscosmos.com\/ocbar\/#\/schema\/logo\/image\/","url":"https:\/\/osmoscosmos.com\/ocbar\/wp-content\/uploads\/2021\/08\/cropped-OC-BAR-logo-etusivu.png","contentUrl":"https:\/\/osmoscosmos.com\/ocbar\/wp-content\/uploads\/2021\/08\/cropped-OC-BAR-logo-etusivu.png","width":250,"height":250,"caption":"Osmo\u2019s Cosmos Bar"},"image":{"@id":"https:\/\/osmoscosmos.com\/ocbar\/#\/schema\/logo\/image\/"}}]}},"rttpg_featured_image_url":null,"rttpg_author":{"display_name":"baradmin","author_link":"https:\/\/osmoscosmos.com\/ocbar\/author\/baradmin\/"},"rttpg_comment":0,"rttpg_category":null,"rttpg_excerpt":"Videotuotanto OC Barissa nyt my\u00f6s videotuotantoa! Osmo\u2019s Cosmos Barissa voi nyt tallentaa videoita monikameratuotantona. Esim. b\u00e4ndin live- tai musiikkivideo, karaoke-esitys, kuoro, [&hellip;]","_links":{"self":[{"href":"https:\/\/osmoscosmos.com\/ocbar\/wp-json\/wp\/v2\/pages\/6731","targetHints":{"allow":["GET"]}}],"collection":[{"href":"https:\/\/osmoscosmos.com\/ocbar\/wp-json\/wp\/v2\/pages"}],"about":[{"href":"https:\/\/osmoscosmos.com\/ocbar\/wp-json\/wp\/v2\/types\/page"}],"author":[{"embeddable":true,"href":"https:\/\/osmoscosmos.com\/ocbar\/wp-json\/wp\/v2\/users\/1"}],"replies":[{"embeddable":true,"href":"https:\/\/osmoscosmos.com\/ocbar\/wp-json\/wp\/v2\/comments?post=6731"}],"version-history":[{"count":5,"href":"https:\/\/osmoscosmos.com\/ocbar\/wp-json\/wp\/v2\/pages\/6731\/revisions"}],"predecessor-version":[{"id":7658,"href":"https:\/\/osmoscosmos.com\/ocbar\/wp-json\/wp\/v2\/pages\/6731\/revisions\/7658"}],"wp:attachment":[{"href":"https:\/\/osmoscosmos.com\/ocbar\/wp-json\/wp\/v2\/media?parent=6731"}],"curies":[{"name":"wp","href":"https:\/\/api.w.org\/{rel}","templated":true}]}}