{"id":6776,"date":"2021-10-07T17:50:22","date_gmt":"2021-10-07T14:50:22","guid":{"rendered":"https:\/\/www.osmoscosmos.com\/ocbar_demo\/?page_id=6776"},"modified":"2023-04-30T11:39:12","modified_gmt":"2023-04-30T08:39:12","slug":"osmos-cosmos-beer","status":"publish","type":"page","link":"https:\/\/osmoscosmos.com\/ocbar\/osmos-cosmos-beer\/","title":{"rendered":"Osmo\u2019s Cosmos Beer"},"content":{"rendered":"<div id=\"pl-6776\"  class=\"panel-layout\" ><div id=\"pg-6776-0\"  class=\"panel-grid panel-has-style\" ><div class=\"siteorigin-panels-stretch panel-row-style-full-width panel-row-style panel-row-style-for-6776-0\" data-stretch-type=\"full-stretched\" ><div id=\"pgc-6776-0-0\"  class=\"panel-grid-cell panel-grid-cell-empty\" ><\/div><\/div><\/div><div id=\"pg-6776-1\"  class=\"panel-grid panel-has-style\" ><div class=\"siteorigin-panels-stretch panel-row-style-full-width panel-row-style panel-row-style-for-6776-1\" data-stretch-type=\"full-stretched\" ><div id=\"pgc-6776-1-0\"  class=\"panel-grid-cell\" ><div id=\"panel-6776-1-0-0\" class=\"so-panel widget widget_sow-headline panel-first-child panel-last-child\" data-index=\"0\" ><div\n\t\t\t\n\t\t\tclass=\"so-widget-sow-headline so-widget-sow-headline-default-d4f17a66d934-6776 so-widget-fittext-wrapper\"\n\t\t\t data-fit-text-compressor=\"1.2\"\n\t\t><div class=\"sow-headline-container \">\n\t\t\t\t\t\t\t<h1 class=\"sow-headline\">\n\t\t\t\t\t\tOsmo\u2019s Cosmos Beer\t\t\t\t\t\t<\/h1>\n\t\t\t\t\t\t\t\t\t\t\t\t<h1 class=\"sow-sub-headline\">\n\t\t\t\t\t\t\u00d6nssi\t\t\t\t\t\t<\/h1>\n\t\t\t\t\t\t<\/div>\n<\/div><\/div><\/div><\/div><\/div><div id=\"pg-6776-2\"  class=\"panel-grid panel-has-style\" ><div class=\"siteorigin-panels-stretch panel-row-style-full-width panel-row-style panel-row-style-for-6776-2\" style=\"background-color: #101010; \" data-stretch-type=\"full\" ><div id=\"pgc-6776-2-0\"  class=\"panel-grid-cell\" ><div id=\"panel-6776-2-0-0\" class=\"so-panel widget widget_sow-image panel-first-child panel-last-child\" data-index=\"1\" ><div\n\t\t\t\n\t\t\tclass=\"so-widget-sow-image so-widget-sow-image-default-113ccd71f3e6-6776\"\n\t\t\t\n\t\t>\n<div class=\"sow-image-container\">\n\t\t<img \n\tdata-src=\"https:\/\/osmoscosmos.com\/ocbar\/wp-content\/uploads\/2023\/03\/Onssi-1.jpg\" width=\"1920\" height=\"1080\" data-srcset=\"https:\/\/osmoscosmos.com\/ocbar\/wp-content\/uploads\/2023\/03\/Onssi-1.jpg 1920w, https:\/\/osmoscosmos.com\/ocbar\/wp-content\/uploads\/2023\/03\/Onssi-1-300x169.jpg 300w, https:\/\/osmoscosmos.com\/ocbar\/wp-content\/uploads\/2023\/03\/Onssi-1-1024x576.jpg 1024w, https:\/\/osmoscosmos.com\/ocbar\/wp-content\/uploads\/2023\/03\/Onssi-1-768x432.jpg 768w, https:\/\/osmoscosmos.com\/ocbar\/wp-content\/uploads\/2023\/03\/Onssi-1-1536x864.jpg 1536w\" data-sizes=\"(max-width: 1920px) 100vw, 1920px\" title=\"\u00d6nssi 1\" alt=\"\" \t\tclass=\"so-widget-image lazyload\" src=\"data:image\/svg+xml;base64,PHN2ZyB3aWR0aD0iMSIgaGVpZ2h0PSIxIiB4bWxucz0iaHR0cDovL3d3dy53My5vcmcvMjAwMC9zdmciPjwvc3ZnPg==\" style=\"--smush-placeholder-width: 1920px; --smush-placeholder-aspect-ratio: 1920\/1080;\" \/>\n\t<\/div>\n\n<\/div><\/div><\/div><\/div><\/div><div id=\"pg-6776-3\"  class=\"panel-grid panel-has-style\" ><div class=\"siteorigin-panels-stretch panel-row-style-full-width panel-row-style panel-row-style-for-6776-3\" data-stretch-type=\"full\" ><div id=\"pgc-6776-3-0\"  class=\"panel-grid-cell panel-grid-cell-empty\" ><\/div><div id=\"pgc-6776-3-1\"  class=\"panel-grid-cell panel-grid-cell-mobile-last\" ><div class=\"panel-cell-style panel-cell-style-for-6776-3-1\" ><div id=\"panel-6776-3-1-0\" class=\"so-panel widget widget_sow-editor panel-first-child panel-last-child\" data-index=\"2\" ><div\n\t\t\t\n\t\t\tclass=\"so-widget-sow-editor so-widget-sow-editor-base\"\n\t\t\t\n\t\t><h3 class=\"widget-title\">Osmo's Cosmos Beer - \u00d6nssi<\/h3>\n<div class=\"siteorigin-widget-tinymce textwidget\">\n\t<div class=\"x11i5rnm xat24cr x1mh8g0r x1vvkbs xdj266r x126k92a\">\n<div dir=\"auto\">Ensimm\u00e4inen versio Osmo's Cosmos Beer -oluesta tehtiin vuonna 2014. Uusi versio \"Osmo's Cosmos Beer - \u00d6nssi\" on julkaistu 2022.<\/div>\n<div dir=\"auto\">Myynniss\u00e4 vain ja ainoastaan Osmo's Cosmos Barissa! Tervetuloa \u00f6nssille!<\/div>\n<\/div>\n<div dir=\"auto\"><\/div>\n<p>Nimi: Osmo\u2019s Cosmos Beer - \u00d6nssi<br \/>\nOsmo's Style Helles Lager<br \/>\nValmistaja: Takatalo &amp; Tompuri<br \/>\n4,6 % Vol., 0,33 l<\/p>\n<\/div>\n<\/div><\/div><\/div><\/div><div id=\"pgc-6776-3-2\"  class=\"panel-grid-cell panel-grid-cell-empty\" ><\/div><\/div><\/div><\/div>","protected":false},"excerpt":{"rendered":"<p>Osmo\u2019s Cosmos Beer \u00d6nssi Osmo&#8217;s Cosmos Beer &#8211; \u00d6nssi Ensimm\u00e4inen versio Osmo&#8217;s Cosmos Beer -oluesta tehtiin vuonna 2014. Uusi versio &#8221;Osmo&#8217;s [&hellip;]<\/p>\n","protected":false},"author":1,"featured_media":0,"parent":0,"menu_order":0,"comment_status":"closed","ping_status":"closed","template":"","meta":{"footnotes":""},"class_list":["post-6776","page","type-page","status-publish","hentry","post"],"yoast_head":"<!-- This site is optimized with the Yoast SEO plugin v27.1.1 - https:\/\/yoast.com\/product\/yoast-seo-wordpress\/ -->\n<title>Osmo\u2019s Cosmos Beer<\/title>\n<meta name=\"description\" content=\"Katso lis\u00e4\u00e4 &gt;&gt;\" \/>\n<meta name=\"robots\" content=\"index, follow, max-snippet:-1, max-image-preview:large, max-video-preview:-1\" \/>\n<link rel=\"canonical\" href=\"https:\/\/osmoscosmos.com\/ocbar\/osmos-cosmos-beer\/\" \/>\n<meta property=\"og:locale\" content=\"fi_FI\" \/>\n<meta property=\"og:type\" content=\"article\" \/>\n<meta property=\"og:title\" content=\"Osmo\u2019s Cosmos Beer\" \/>\n<meta property=\"og:description\" content=\"Katso lis\u00e4\u00e4 &gt;&gt;\" \/>\n<meta property=\"og:url\" content=\"https:\/\/osmoscosmos.com\/ocbar\/osmos-cosmos-beer\/\" \/>\n<meta property=\"og:site_name\" content=\"OC Bar - Club \u00b7 Pub \u00b7 Karaoke \u00b7 Sport Bar\" \/>\n<meta property=\"article:modified_time\" content=\"2023-04-30T08:39:12+00:00\" \/>\n<meta property=\"og:image\" content=\"https:\/\/osmoscosmos.com\/ocbar\/wp-content\/uploads\/2023\/02\/OC-SHOW-2019-2200-px2-1024x1024.png\" \/>\n\t<meta property=\"og:image:width\" content=\"1024\" \/>\n\t<meta property=\"og:image:height\" content=\"1024\" \/>\n\t<meta property=\"og:image:type\" content=\"image\/png\" \/>\n<meta name=\"twitter:card\" content=\"summary_large_image\" \/>\n<meta name=\"twitter:label1\" content=\"Arvioitu lukuaika\" \/>\n\t<meta name=\"twitter:data1\" content=\"1 minuutti\" \/>\n<script type=\"application\/ld+json\" class=\"yoast-schema-graph\">{\"@context\":\"https:\/\/schema.org\",\"@graph\":[{\"@type\":\"WebPage\",\"@id\":\"https:\/\/osmoscosmos.com\/ocbar\/osmos-cosmos-beer\/\",\"url\":\"https:\/\/osmoscosmos.com\/ocbar\/osmos-cosmos-beer\/\",\"name\":\"Osmo\u2019s Cosmos Beer\",\"isPartOf\":{\"@id\":\"https:\/\/osmoscosmos.com\/ocbar\/#website\"},\"datePublished\":\"2021-10-07T14:50:22+00:00\",\"dateModified\":\"2023-04-30T08:39:12+00:00\",\"description\":\"Katso lis\u00e4\u00e4 >>\",\"breadcrumb\":{\"@id\":\"https:\/\/osmoscosmos.com\/ocbar\/osmos-cosmos-beer\/#breadcrumb\"},\"inLanguage\":\"fi\",\"potentialAction\":[{\"@type\":\"ReadAction\",\"target\":[\"https:\/\/osmoscosmos.com\/ocbar\/osmos-cosmos-beer\/\"]}]},{\"@type\":\"BreadcrumbList\",\"@id\":\"https:\/\/osmoscosmos.com\/ocbar\/osmos-cosmos-beer\/#breadcrumb\",\"itemListElement\":[{\"@type\":\"ListItem\",\"position\":1,\"name\":\"Etusivu\",\"item\":\"https:\/\/osmoscosmos.com\/ocbar\/\"},{\"@type\":\"ListItem\",\"position\":2,\"name\":\"Osmo\u2019s Cosmos Beer\"}]},{\"@type\":\"WebSite\",\"@id\":\"https:\/\/osmoscosmos.com\/ocbar\/#website\",\"url\":\"https:\/\/osmoscosmos.com\/ocbar\/\",\"name\":\"OC Bar - Club \u00b7 Pub \u00b7 Karaoke \u00b7 Sport Bar\",\"description\":\"Club \u00b7 Pub \u00b7 Karaoke \u00b7 Sport Bar\",\"publisher\":{\"@id\":\"https:\/\/osmoscosmos.com\/ocbar\/#organization\"},\"potentialAction\":[{\"@type\":\"SearchAction\",\"target\":{\"@type\":\"EntryPoint\",\"urlTemplate\":\"https:\/\/osmoscosmos.com\/ocbar\/?s={search_term_string}\"},\"query-input\":{\"@type\":\"PropertyValueSpecification\",\"valueRequired\":true,\"valueName\":\"search_term_string\"}}],\"inLanguage\":\"fi\"},{\"@type\":\"Organization\",\"@id\":\"https:\/\/osmoscosmos.com\/ocbar\/#organization\",\"name\":\"Osmo\u2019s Cosmos Bar\",\"alternateName\":\"Osmo\u2019s Cosmos Bar\",\"url\":\"https:\/\/osmoscosmos.com\/ocbar\/\",\"logo\":{\"@type\":\"ImageObject\",\"inLanguage\":\"fi\",\"@id\":\"https:\/\/osmoscosmos.com\/ocbar\/#\/schema\/logo\/image\/\",\"url\":\"https:\/\/osmoscosmos.com\/ocbar\/wp-content\/uploads\/2021\/08\/cropped-OC-BAR-logo-etusivu.png\",\"contentUrl\":\"https:\/\/osmoscosmos.com\/ocbar\/wp-content\/uploads\/2021\/08\/cropped-OC-BAR-logo-etusivu.png\",\"width\":250,\"height\":250,\"caption\":\"Osmo\u2019s Cosmos Bar\"},\"image\":{\"@id\":\"https:\/\/osmoscosmos.com\/ocbar\/#\/schema\/logo\/image\/\"}}]}<\/script>\n<!-- \/ Yoast SEO plugin. -->","yoast_head_json":{"title":"Osmo\u2019s Cosmos Beer","description":"Katso lis\u00e4\u00e4 >>","robots":{"index":"index","follow":"follow","max-snippet":"max-snippet:-1","max-image-preview":"max-image-preview:large","max-video-preview":"max-video-preview:-1"},"canonical":"https:\/\/osmoscosmos.com\/ocbar\/osmos-cosmos-beer\/","og_locale":"fi_FI","og_type":"article","og_title":"Osmo\u2019s Cosmos Beer","og_description":"Katso lis\u00e4\u00e4 >>","og_url":"https:\/\/osmoscosmos.com\/ocbar\/osmos-cosmos-beer\/","og_site_name":"OC Bar - Club \u00b7 Pub \u00b7 Karaoke \u00b7 Sport Bar","article_modified_time":"2023-04-30T08:39:12+00:00","og_image":[{"width":1024,"height":1024,"url":"https:\/\/osmoscosmos.com\/ocbar\/wp-content\/uploads\/2023\/02\/OC-SHOW-2019-2200-px2-1024x1024.png","type":"image\/png"}],"twitter_card":"summary_large_image","twitter_misc":{"Arvioitu lukuaika":"1 minuutti"},"schema":{"@context":"https:\/\/schema.org","@graph":[{"@type":"WebPage","@id":"https:\/\/osmoscosmos.com\/ocbar\/osmos-cosmos-beer\/","url":"https:\/\/osmoscosmos.com\/ocbar\/osmos-cosmos-beer\/","name":"Osmo\u2019s Cosmos Beer","isPartOf":{"@id":"https:\/\/osmoscosmos.com\/ocbar\/#website"},"datePublished":"2021-10-07T14:50:22+00:00","dateModified":"2023-04-30T08:39:12+00:00","description":"Katso lis\u00e4\u00e4 >>","breadcrumb":{"@id":"https:\/\/osmoscosmos.com\/ocbar\/osmos-cosmos-beer\/#breadcrumb"},"inLanguage":"fi","potentialAction":[{"@type":"ReadAction","target":["https:\/\/osmoscosmos.com\/ocbar\/osmos-cosmos-beer\/"]}]},{"@type":"BreadcrumbList","@id":"https:\/\/osmoscosmos.com\/ocbar\/osmos-cosmos-beer\/#breadcrumb","itemListElement":[{"@type":"ListItem","position":1,"name":"Etusivu","item":"https:\/\/osmoscosmos.com\/ocbar\/"},{"@type":"ListItem","position":2,"name":"Osmo\u2019s Cosmos Beer"}]},{"@type":"WebSite","@id":"https:\/\/osmoscosmos.com\/ocbar\/#website","url":"https:\/\/osmoscosmos.com\/ocbar\/","name":"OC Bar - Club \u00b7 Pub \u00b7 Karaoke \u00b7 Sport Bar","description":"Club \u00b7 Pub \u00b7 Karaoke \u00b7 Sport Bar","publisher":{"@id":"https:\/\/osmoscosmos.com\/ocbar\/#organization"},"potentialAction":[{"@type":"SearchAction","target":{"@type":"EntryPoint","urlTemplate":"https:\/\/osmoscosmos.com\/ocbar\/?s={search_term_string}"},"query-input":{"@type":"PropertyValueSpecification","valueRequired":true,"valueName":"search_term_string"}}],"inLanguage":"fi"},{"@type":"Organization","@id":"https:\/\/osmoscosmos.com\/ocbar\/#organization","name":"Osmo\u2019s Cosmos Bar","alternateName":"Osmo\u2019s Cosmos Bar","url":"https:\/\/osmoscosmos.com\/ocbar\/","logo":{"@type":"ImageObject","inLanguage":"fi","@id":"https:\/\/osmoscosmos.com\/ocbar\/#\/schema\/logo\/image\/","url":"https:\/\/osmoscosmos.com\/ocbar\/wp-content\/uploads\/2021\/08\/cropped-OC-BAR-logo-etusivu.png","contentUrl":"https:\/\/osmoscosmos.com\/ocbar\/wp-content\/uploads\/2021\/08\/cropped-OC-BAR-logo-etusivu.png","width":250,"height":250,"caption":"Osmo\u2019s Cosmos Bar"},"image":{"@id":"https:\/\/osmoscosmos.com\/ocbar\/#\/schema\/logo\/image\/"}}]}},"rttpg_featured_image_url":null,"rttpg_author":{"display_name":"baradmin","author_link":"https:\/\/osmoscosmos.com\/ocbar\/author\/baradmin\/"},"rttpg_comment":0,"rttpg_category":null,"rttpg_excerpt":"Osmo\u2019s Cosmos Beer \u00d6nssi Osmo's Cosmos Beer - \u00d6nssi Ensimm\u00e4inen versio Osmo's Cosmos Beer -oluesta tehtiin vuonna 2014. Uusi versio \"Osmo's [&hellip;]","_links":{"self":[{"href":"https:\/\/osmoscosmos.com\/ocbar\/wp-json\/wp\/v2\/pages\/6776","targetHints":{"allow":["GET"]}}],"collection":[{"href":"https:\/\/osmoscosmos.com\/ocbar\/wp-json\/wp\/v2\/pages"}],"about":[{"href":"https:\/\/osmoscosmos.com\/ocbar\/wp-json\/wp\/v2\/types\/page"}],"author":[{"embeddable":true,"href":"https:\/\/osmoscosmos.com\/ocbar\/wp-json\/wp\/v2\/users\/1"}],"replies":[{"embeddable":true,"href":"https:\/\/osmoscosmos.com\/ocbar\/wp-json\/wp\/v2\/comments?post=6776"}],"version-history":[{"count":2,"href":"https:\/\/osmoscosmos.com\/ocbar\/wp-json\/wp\/v2\/pages\/6776\/revisions"}],"predecessor-version":[{"id":7660,"href":"https:\/\/osmoscosmos.com\/ocbar\/wp-json\/wp\/v2\/pages\/6776\/revisions\/7660"}],"wp:attachment":[{"href":"https:\/\/osmoscosmos.com\/ocbar\/wp-json\/wp\/v2\/media?parent=6776"}],"curies":[{"name":"wp","href":"https:\/\/api.w.org\/{rel}","templated":true}]}}