{"id":9442,"date":"2024-10-02T12:15:10","date_gmt":"2024-10-02T09:15:10","guid":{"rendered":"https:\/\/osmoscosmos.com\/ocbar\/?page_id=9442"},"modified":"2024-10-24T11:21:48","modified_gmt":"2024-10-24T08:21:48","slug":"darts-billiard","status":"publish","type":"page","link":"https:\/\/osmoscosmos.com\/ocbar\/darts-billiard\/","title":{"rendered":"OC Darts &#038; Billiard"},"content":{"rendered":"<div id=\"pl-9442\"  class=\"panel-layout\" ><div id=\"pg-9442-0\"  class=\"panel-grid panel-has-style\" ><div class=\"siteorigin-panels-stretch panel-row-style-full-width panel-row-style panel-row-style-for-9442-0\" data-stretch-type=\"full-width-stretch\" ><div id=\"pgc-9442-0-0\"  class=\"panel-grid-cell panel-grid-cell-empty\" ><\/div><\/div><\/div><div id=\"pg-9442-1\"  class=\"panel-grid panel-has-style\" ><div class=\"siteorigin-panels-stretch panel-row-style-full-width panel-row-style panel-row-style-for-9442-1\" data-stretch-type=\"full-width-stretch\" ><div id=\"pgc-9442-1-0\"  class=\"panel-grid-cell\" ><div id=\"panel-9442-1-0-0\" class=\"so-panel widget widget_sow-headline panel-first-child panel-last-child\" data-index=\"0\" ><div\n\t\t\t\n\t\t\tclass=\"so-widget-sow-headline so-widget-sow-headline-default-1141443d288d-9442 so-widget-fittext-wrapper\"\n\t\t\t data-fit-text-compressor=\"1.2\"\n\t\t><div class=\"sow-headline-container \">\n\t\t\t\t\t\t\t<h1 class=\"sow-headline\">\n\t\t\t\t\t\tOC Darts &amp; Billiard\t\t\t\t\t\t<\/h1>\n\t\t\t\t\t\t<\/div>\n<\/div><\/div><\/div><\/div><\/div><div id=\"pg-9442-2\"  class=\"panel-grid panel-has-style\" ><div class=\"siteorigin-panels-stretch panel-row-style-full-width panel-row-style panel-row-style-for-9442-2\" style=\"background-color: #101010; \" data-stretch-type=\"full\" ><div id=\"pgc-9442-2-0\"  class=\"panel-grid-cell\" ><div id=\"panel-9442-2-0-0\" class=\"so-panel widget widget_sow-editor panel-first-child panel-last-child\" data-index=\"1\" ><div\n\t\t\t\n\t\t\tclass=\"so-widget-sow-editor so-widget-sow-editor-base\"\n\t\t\t\n\t\t>\n<div class=\"siteorigin-widget-tinymce textwidget\">\n\t\n\t<div class=\"wp-spaios-slider-wrap wp-spaios-row-clearfix\" data-conf=\"{&quot;arrow&quot;:&quot;false&quot;,&quot;pagination&quot;:&quot;false&quot;,&quot;speed&quot;:&quot;1000&quot;,&quot;autoplay&quot;:&quot;true&quot;,&quot;autoplay_speed&quot;:&quot;3000&quot;,&quot;loop&quot;:&quot;true&quot;,&quot;slide_to_show_owl&quot;:3,&quot;slide_show_ipad_owl&quot;:&quot;2&quot;,&quot;slide_show_tablet_owl&quot;:&quot;2&quot;,&quot;slide_show_mobile_owl&quot;:&quot;1&quot;,&quot;slide_to_scroll_owl&quot;:1,&quot;slide_margin_owl&quot;:5,&quot;slide_padding_owl&quot;:&quot;&quot;,&quot;start_slide_owl&quot;:&quot;&quot;,&quot;slide_center_owl&quot;:&quot;false&quot;,&quot;slide_autowidth_owl&quot;:&quot;false&quot;,&quot;slide_freeDrag_owl&quot;:&quot;false&quot;,&quot;height_auto_owl&quot;:&quot;false&quot;,&quot;slide_rtl_owl&quot;:&quot;false&quot;}\">\n\t\t<div class=\"wp-spaios-slider wp-spaios-owl-slider wp-spaios-gallery owl-carousel\" id=\"wp-spaios-owl-slider-1\" style=\"\">\n\t\t\t\r\n<div class=\"wp-spaios-owl-slide\">\r\n\t\t\t<a class=\"wp-spaios-img-link\" href=\"https:\/\/osmoscosmos.com\/ocbar\/wp-content\/uploads\/2024\/10\/Ylakerta-2-1024x576.jpg\" data-fancybox=\"gallery\" data-options=\"{&quot;loop&quot;:&quot;true&quot;,&quot;transitionEffect&quot;:&quot;slide&quot;}\">\r\n\t\t\t<img decoding=\"async\" class=\"wp-spaios-slider-image lazyload\" data-src=\"https:\/\/osmoscosmos.com\/ocbar\/wp-content\/uploads\/2024\/10\/Ylakerta-2-1024x576.jpg\" alt=\"\" title=\"Yl\u00e4kerta 2\" src=\"data:image\/svg+xml;base64,PHN2ZyB3aWR0aD0iMSIgaGVpZ2h0PSIxIiB4bWxucz0iaHR0cDovL3d3dy53My5vcmcvMjAwMC9zdmciPjwvc3ZnPg==\" style=\"--smush-placeholder-width: 1024px; --smush-placeholder-aspect-ratio: 1024\/576;\" \/>\r\n\t\t<\/a>\r\n\t<\/div>\r\n<div class=\"wp-spaios-owl-slide\">\r\n\t\t\t<a class=\"wp-spaios-img-link\" href=\"https:\/\/osmoscosmos.com\/ocbar\/wp-content\/uploads\/2024\/10\/Ylakerta-5-1024x576.jpg\" data-fancybox=\"gallery\" data-options=\"{&quot;loop&quot;:&quot;true&quot;,&quot;transitionEffect&quot;:&quot;slide&quot;}\">\r\n\t\t\t<img decoding=\"async\" class=\"wp-spaios-slider-image lazyload\" data-src=\"https:\/\/osmoscosmos.com\/ocbar\/wp-content\/uploads\/2024\/10\/Ylakerta-5-1024x576.jpg\" alt=\"\" title=\"Yl\u00e4kerta 5\" src=\"data:image\/svg+xml;base64,PHN2ZyB3aWR0aD0iMSIgaGVpZ2h0PSIxIiB4bWxucz0iaHR0cDovL3d3dy53My5vcmcvMjAwMC9zdmciPjwvc3ZnPg==\" style=\"--smush-placeholder-width: 1024px; --smush-placeholder-aspect-ratio: 1024\/576;\" \/>\r\n\t\t<\/a>\r\n\t<\/div>\r\n<div class=\"wp-spaios-owl-slide\">\r\n\t\t\t<a class=\"wp-spaios-img-link\" href=\"https:\/\/osmoscosmos.com\/ocbar\/wp-content\/uploads\/2024\/10\/Ylakerta-6-1024x576.jpg\" data-fancybox=\"gallery\" data-options=\"{&quot;loop&quot;:&quot;true&quot;,&quot;transitionEffect&quot;:&quot;slide&quot;}\">\r\n\t\t\t<img decoding=\"async\" class=\"wp-spaios-slider-image lazyload\" data-src=\"https:\/\/osmoscosmos.com\/ocbar\/wp-content\/uploads\/2024\/10\/Ylakerta-6-1024x576.jpg\" alt=\"\" title=\"Yl\u00e4kerta 6\" src=\"data:image\/svg+xml;base64,PHN2ZyB3aWR0aD0iMSIgaGVpZ2h0PSIxIiB4bWxucz0iaHR0cDovL3d3dy53My5vcmcvMjAwMC9zdmciPjwvc3ZnPg==\" style=\"--smush-placeholder-width: 1024px; --smush-placeholder-aspect-ratio: 1024\/576;\" \/>\r\n\t\t<\/a>\r\n\t<\/div>\r\n<div class=\"wp-spaios-owl-slide\">\r\n\t\t\t<a class=\"wp-spaios-img-link\" href=\"https:\/\/osmoscosmos.com\/ocbar\/wp-content\/uploads\/2024\/10\/Ylakerta-8-1024x576.jpg\" data-fancybox=\"gallery\" data-options=\"{&quot;loop&quot;:&quot;true&quot;,&quot;transitionEffect&quot;:&quot;slide&quot;}\">\r\n\t\t\t<img decoding=\"async\" class=\"wp-spaios-slider-image lazyload\" data-src=\"https:\/\/osmoscosmos.com\/ocbar\/wp-content\/uploads\/2024\/10\/Ylakerta-8-1024x576.jpg\" alt=\"\" title=\"Yl\u00e4kerta 8\" src=\"data:image\/svg+xml;base64,PHN2ZyB3aWR0aD0iMSIgaGVpZ2h0PSIxIiB4bWxucz0iaHR0cDovL3d3dy53My5vcmcvMjAwMC9zdmciPjwvc3ZnPg==\" style=\"--smush-placeholder-width: 1024px; --smush-placeholder-aspect-ratio: 1024\/576;\" \/>\r\n\t\t<\/a>\r\n\t<\/div>\r\n<div class=\"wp-spaios-owl-slide\">\r\n\t\t\t<a class=\"wp-spaios-img-link\" href=\"https:\/\/osmoscosmos.com\/ocbar\/wp-content\/uploads\/2024\/10\/Ylakerta-7-1024x576.jpg\" data-fancybox=\"gallery\" data-options=\"{&quot;loop&quot;:&quot;true&quot;,&quot;transitionEffect&quot;:&quot;slide&quot;}\">\r\n\t\t\t<img decoding=\"async\" class=\"wp-spaios-slider-image lazyload\" data-src=\"https:\/\/osmoscosmos.com\/ocbar\/wp-content\/uploads\/2024\/10\/Ylakerta-7-1024x576.jpg\" alt=\"\" title=\"Yl\u00e4kerta 7\" src=\"data:image\/svg+xml;base64,PHN2ZyB3aWR0aD0iMSIgaGVpZ2h0PSIxIiB4bWxucz0iaHR0cDovL3d3dy53My5vcmcvMjAwMC9zdmciPjwvc3ZnPg==\" style=\"--smush-placeholder-width: 1024px; --smush-placeholder-aspect-ratio: 1024\/576;\" \/>\r\n\t\t<\/a>\r\n\t<\/div>\r\n<div class=\"wp-spaios-owl-slide\">\r\n\t\t\t<a class=\"wp-spaios-img-link\" href=\"https:\/\/osmoscosmos.com\/ocbar\/wp-content\/uploads\/2024\/10\/Ylakerta-1-1024x576.jpg\" data-fancybox=\"gallery\" data-options=\"{&quot;loop&quot;:&quot;true&quot;,&quot;transitionEffect&quot;:&quot;slide&quot;}\">\r\n\t\t\t<img decoding=\"async\" class=\"wp-spaios-slider-image lazyload\" data-src=\"https:\/\/osmoscosmos.com\/ocbar\/wp-content\/uploads\/2024\/10\/Ylakerta-1-1024x576.jpg\" alt=\"\" title=\"Yl\u00e4kerta 1\" src=\"data:image\/svg+xml;base64,PHN2ZyB3aWR0aD0iMSIgaGVpZ2h0PSIxIiB4bWxucz0iaHR0cDovL3d3dy53My5vcmcvMjAwMC9zdmciPjwvc3ZnPg==\" style=\"--smush-placeholder-width: 1024px; --smush-placeholder-aspect-ratio: 1024\/576;\" \/>\r\n\t\t<\/a>\r\n\t<\/div>\r\n<div class=\"wp-spaios-owl-slide\">\r\n\t\t\t<a class=\"wp-spaios-img-link\" href=\"https:\/\/osmoscosmos.com\/ocbar\/wp-content\/uploads\/2024\/10\/Ylakerta-4-1024x576.jpg\" data-fancybox=\"gallery\" data-options=\"{&quot;loop&quot;:&quot;true&quot;,&quot;transitionEffect&quot;:&quot;slide&quot;}\">\r\n\t\t\t<img decoding=\"async\" class=\"wp-spaios-slider-image lazyload\" data-src=\"https:\/\/osmoscosmos.com\/ocbar\/wp-content\/uploads\/2024\/10\/Ylakerta-4-1024x576.jpg\" alt=\"\" title=\"Yl\u00e4kerta 4\" src=\"data:image\/svg+xml;base64,PHN2ZyB3aWR0aD0iMSIgaGVpZ2h0PSIxIiB4bWxucz0iaHR0cDovL3d3dy53My5vcmcvMjAwMC9zdmciPjwvc3ZnPg==\" style=\"--smush-placeholder-width: 1024px; --smush-placeholder-aspect-ratio: 1024\/576;\" \/>\r\n\t\t<\/a>\r\n\t<\/div>\r\n<div class=\"wp-spaios-owl-slide\">\r\n\t\t\t<a class=\"wp-spaios-img-link\" href=\"https:\/\/osmoscosmos.com\/ocbar\/wp-content\/uploads\/2024\/10\/Ylakerta-3-1024x576.jpg\" data-fancybox=\"gallery\" data-options=\"{&quot;loop&quot;:&quot;true&quot;,&quot;transitionEffect&quot;:&quot;slide&quot;}\">\r\n\t\t\t<img decoding=\"async\" class=\"wp-spaios-slider-image lazyload\" data-src=\"https:\/\/osmoscosmos.com\/ocbar\/wp-content\/uploads\/2024\/10\/Ylakerta-3-1024x576.jpg\" alt=\"\" title=\"Yl\u00e4kerta 3\" src=\"data:image\/svg+xml;base64,PHN2ZyB3aWR0aD0iMSIgaGVpZ2h0PSIxIiB4bWxucz0iaHR0cDovL3d3dy53My5vcmcvMjAwMC9zdmciPjwvc3ZnPg==\" style=\"--smush-placeholder-width: 1024px; --smush-placeholder-aspect-ratio: 1024\/576;\" \/>\r\n\t\t<\/a>\r\n\t<\/div>\t\t\t\t\t<\/div>\n\t<\/div>\n\t\n<\/div>\n<\/div><\/div><\/div><\/div><\/div><div id=\"pg-9442-3\"  class=\"panel-grid panel-has-style\" ><div class=\"siteorigin-panels-stretch panel-row-style-full-width panel-row-style panel-row-style-for-9442-3\" data-stretch-type=\"full\" ><div id=\"pgc-9442-3-0\"  class=\"panel-grid-cell panel-grid-cell-empty\" ><\/div><div id=\"pgc-9442-3-1\"  class=\"panel-grid-cell panel-grid-cell-mobile-last\" ><div class=\"panel-cell-style panel-cell-style-for-9442-3-1\" ><div id=\"panel-9442-3-1-0\" class=\"so-panel widget widget_sow-editor panel-first-child panel-last-child\" data-index=\"2\" ><div\n\t\t\t\n\t\t\tclass=\"so-widget-sow-editor so-widget-sow-editor-base\"\n\t\t\t\n\t\t><h3 class=\"widget-title\">Osmo\u2019s Cosmos Barin yl\u00e4kerrassa dartsia ja biljardia.<\/h3>\n<div class=\"siteorigin-widget-tinymce textwidget\">\n\t<div class=\"xdj266r x11i5rnm xat24cr x1mh8g0r x1vvkbs x126k92a\">\n<div dir=\"auto\">Osmo\u2019s Cosmos Barin kolmannessa kerroksessa sijaitsee parisataaneli\u00f6inen \u201dOC Darts &amp; Billiard Club\u201d. Tila on kaikille avoinna joka p\u00e4iv\u00e4 pubin aukioloaikojen mukaan.<\/div>\n<div dir=\"auto\"><\/div>\n<\/div>\n<div class=\"x11i5rnm xat24cr x1mh8g0r x1vvkbs xtlvy1s x126k92a\">\n<div dir=\"auto\">Tilassa on kuusi tikkataulua. Tikat voi veloituksetta panttia vastaan kuitata k\u00e4ytt\u00f6\u00f6n pubin tiskilt\u00e4.<\/div>\n<div dir=\"auto\"><\/div>\n<\/div>\n<div class=\"x11i5rnm xat24cr x1mh8g0r x1vvkbs xtlvy1s x126k92a\">\n<div dir=\"auto\">Biljardipuolella on nelj\u00e4 poolp\u00f6yt\u00e4\u00e4. Pallot voi kuitata pubin tiskilt\u00e4 - p\u00f6yd\u00e4n tuntivuokra on 10 \u20ac \/ tunti, O-kortilla 7 \u20ac \/ tunti.<\/div>\n<div dir=\"auto\">P\u00f6yti\u00e4 on tulossa syksyn 2024 aikana viel\u00e4 kaksi lis\u00e4\u00e4, joista toinen snookerp\u00f6yt\u00e4.<\/div>\n<div dir=\"auto\"><\/div>\n<\/div>\n<div class=\"x11i5rnm xat24cr x1mh8g0r x1vvkbs xtlvy1s x126k92a\">\n<div dir=\"auto\">Yl\u00e4kerran tilassa ei ole tarjoilupistett\u00e4 eik\u00e4 vessaa (viel\u00e4), vaan ne l\u00f6ytyv\u00e4t kerrosta alempaa pubista. Popup-tarjoilupiste tosin tulee tulevien isompien tapahtumien yhteyteen.<\/div>\n<\/div>\n<div class=\"x11i5rnm xat24cr x1mh8g0r x1vvkbs xtlvy1s x126k92a\">\n<div dir=\"auto\">Tilan suuresta ikkunasta avautuu n\u00e4kym\u00e4 k\u00e4velykadulle. Siin\u00e4 on mukava k\u00f6k\u00f6tell\u00e4 ja seurata Imatra-cityn ihmisvilin\u00e4\u00e4.<\/div>\n<div dir=\"auto\">Maltillisella volumella toistettava taustamusa on toteutettu tietysti kotimaisella Genelec -kaiutinj\u00e4rjestelm\u00e4ll\u00e4.<\/div>\n<\/div>\n<div class=\"x11i5rnm xat24cr x1mh8g0r x1vvkbs xtlvy1s x126k92a\"><\/div>\n<div class=\"x11i5rnm xat24cr x1mh8g0r x1vvkbs xtlvy1s x126k92a\">\n<div dir=\"auto\">L\u00e4mpim\u00e4sti kaikille tervetuloa tutustumaan uuteen tilaan \u2013 niin lajien harrastajat, aloittelijat ja lajeista kiinnostuneet.<\/div>\n<div dir=\"auto\"><\/div>\n<\/div>\n<div class=\"x11i5rnm xat24cr x1mh8g0r x1vvkbs xtlvy1s x126k92a\">\n<div dir=\"auto\">PS. Tulossa on mm. darts- ja biljardiharrastajien opastamia tutustumisiltoja aloittelijoille, isompia turnauksia, t\u00e4htivierailuja ja vaikka mit\u00e4 hubaa. YEAH!<\/div>\n<\/div>\n<\/div>\n<\/div><\/div><\/div><\/div><div id=\"pgc-9442-3-2\"  class=\"panel-grid-cell panel-grid-cell-empty\" ><\/div><\/div><\/div><\/div>","protected":false},"excerpt":{"rendered":"<p>OC Darts &amp; Billiard Osmo\u2019s Cosmos Barin yl\u00e4kerrassa dartsia ja biljardia. Osmo\u2019s Cosmos Barin kolmannessa kerroksessa sijaitsee parisataaneli\u00f6inen \u201dOC Darts &amp; [&hellip;]<\/p>\n","protected":false},"author":1,"featured_media":0,"parent":0,"menu_order":0,"comment_status":"closed","ping_status":"closed","template":"","meta":{"footnotes":""},"class_list":["post-9442","page","type-page","status-publish","hentry","post"],"yoast_head":"<!-- This site is optimized with the Yoast SEO plugin v27.1.1 - https:\/\/yoast.com\/product\/yoast-seo-wordpress\/ -->\n<title>Club<\/title>\n<meta name=\"description\" content=\"Katso lis\u00e4\u00e4 &gt;&gt;\" \/>\n<meta name=\"robots\" content=\"index, follow, max-snippet:-1, max-image-preview:large, max-video-preview:-1\" \/>\n<link rel=\"canonical\" href=\"https:\/\/osmoscosmos.com\/ocbar\/darts-billiard\/\" \/>\n<meta property=\"og:locale\" content=\"fi_FI\" \/>\n<meta property=\"og:type\" content=\"article\" \/>\n<meta property=\"og:title\" content=\"Club\" \/>\n<meta property=\"og:description\" content=\"Katso lis\u00e4\u00e4 &gt;&gt;\" \/>\n<meta property=\"og:url\" content=\"https:\/\/osmoscosmos.com\/ocbar\/darts-billiard\/\" \/>\n<meta property=\"og:site_name\" content=\"OC Bar - Club \u00b7 Pub \u00b7 Karaoke \u00b7 Sport Bar\" \/>\n<meta property=\"article:modified_time\" content=\"2024-10-24T08:21:48+00:00\" \/>\n<meta property=\"og:image\" content=\"https:\/\/osmoscosmos.com\/ocbar\/wp-content\/uploads\/2024\/10\/Ylakerta-2-1024x576.jpg\" \/>\n<meta name=\"twitter:card\" content=\"summary_large_image\" \/>\n<meta name=\"twitter:label1\" content=\"Arvioitu lukuaika\" \/>\n\t<meta name=\"twitter:data1\" content=\"3 minuuttia\" \/>\n<script type=\"application\/ld+json\" class=\"yoast-schema-graph\">{\"@context\":\"https:\/\/schema.org\",\"@graph\":[{\"@type\":\"WebPage\",\"@id\":\"https:\/\/osmoscosmos.com\/ocbar\/darts-billiard\/\",\"url\":\"https:\/\/osmoscosmos.com\/ocbar\/darts-billiard\/\",\"name\":\"Club\",\"isPartOf\":{\"@id\":\"https:\/\/osmoscosmos.com\/ocbar\/#website\"},\"primaryImageOfPage\":{\"@id\":\"https:\/\/osmoscosmos.com\/ocbar\/darts-billiard\/#primaryimage\"},\"image\":{\"@id\":\"https:\/\/osmoscosmos.com\/ocbar\/darts-billiard\/#primaryimage\"},\"thumbnailUrl\":\"https:\/\/osmoscosmos.com\/ocbar\/wp-content\/uploads\/2024\/10\/Ylakerta-2-1024x576.jpg\",\"datePublished\":\"2024-10-02T09:15:10+00:00\",\"dateModified\":\"2024-10-24T08:21:48+00:00\",\"description\":\"Katso lis\u00e4\u00e4 >>\",\"breadcrumb\":{\"@id\":\"https:\/\/osmoscosmos.com\/ocbar\/darts-billiard\/#breadcrumb\"},\"inLanguage\":\"fi\",\"potentialAction\":[{\"@type\":\"ReadAction\",\"target\":[\"https:\/\/osmoscosmos.com\/ocbar\/darts-billiard\/\"]}]},{\"@type\":\"ImageObject\",\"inLanguage\":\"fi\",\"@id\":\"https:\/\/osmoscosmos.com\/ocbar\/darts-billiard\/#primaryimage\",\"url\":\"https:\/\/osmoscosmos.com\/ocbar\/wp-content\/uploads\/2024\/10\/Ylakerta-2.jpg\",\"contentUrl\":\"https:\/\/osmoscosmos.com\/ocbar\/wp-content\/uploads\/2024\/10\/Ylakerta-2.jpg\",\"width\":1920,\"height\":1080},{\"@type\":\"BreadcrumbList\",\"@id\":\"https:\/\/osmoscosmos.com\/ocbar\/darts-billiard\/#breadcrumb\",\"itemListElement\":[{\"@type\":\"ListItem\",\"position\":1,\"name\":\"Etusivu\",\"item\":\"https:\/\/osmoscosmos.com\/ocbar\/\"},{\"@type\":\"ListItem\",\"position\":2,\"name\":\"OC Darts &#038; Billiard\"}]},{\"@type\":\"WebSite\",\"@id\":\"https:\/\/osmoscosmos.com\/ocbar\/#website\",\"url\":\"https:\/\/osmoscosmos.com\/ocbar\/\",\"name\":\"OC Bar - Club \u00b7 Pub \u00b7 Karaoke \u00b7 Sport Bar\",\"description\":\"Club \u00b7 Pub \u00b7 Karaoke \u00b7 Sport Bar\",\"publisher\":{\"@id\":\"https:\/\/osmoscosmos.com\/ocbar\/#organization\"},\"potentialAction\":[{\"@type\":\"SearchAction\",\"target\":{\"@type\":\"EntryPoint\",\"urlTemplate\":\"https:\/\/osmoscosmos.com\/ocbar\/?s={search_term_string}\"},\"query-input\":{\"@type\":\"PropertyValueSpecification\",\"valueRequired\":true,\"valueName\":\"search_term_string\"}}],\"inLanguage\":\"fi\"},{\"@type\":\"Organization\",\"@id\":\"https:\/\/osmoscosmos.com\/ocbar\/#organization\",\"name\":\"Osmo\u2019s Cosmos Bar\",\"alternateName\":\"Osmo\u2019s Cosmos Bar\",\"url\":\"https:\/\/osmoscosmos.com\/ocbar\/\",\"logo\":{\"@type\":\"ImageObject\",\"inLanguage\":\"fi\",\"@id\":\"https:\/\/osmoscosmos.com\/ocbar\/#\/schema\/logo\/image\/\",\"url\":\"https:\/\/osmoscosmos.com\/ocbar\/wp-content\/uploads\/2021\/08\/cropped-OC-BAR-logo-etusivu.png\",\"contentUrl\":\"https:\/\/osmoscosmos.com\/ocbar\/wp-content\/uploads\/2021\/08\/cropped-OC-BAR-logo-etusivu.png\",\"width\":250,\"height\":250,\"caption\":\"Osmo\u2019s Cosmos Bar\"},\"image\":{\"@id\":\"https:\/\/osmoscosmos.com\/ocbar\/#\/schema\/logo\/image\/\"}}]}<\/script>\n<!-- \/ Yoast SEO plugin. -->","yoast_head_json":{"title":"Club","description":"Katso lis\u00e4\u00e4 >>","robots":{"index":"index","follow":"follow","max-snippet":"max-snippet:-1","max-image-preview":"max-image-preview:large","max-video-preview":"max-video-preview:-1"},"canonical":"https:\/\/osmoscosmos.com\/ocbar\/darts-billiard\/","og_locale":"fi_FI","og_type":"article","og_title":"Club","og_description":"Katso lis\u00e4\u00e4 >>","og_url":"https:\/\/osmoscosmos.com\/ocbar\/darts-billiard\/","og_site_name":"OC Bar - Club \u00b7 Pub \u00b7 Karaoke \u00b7 Sport Bar","article_modified_time":"2024-10-24T08:21:48+00:00","og_image":[{"url":"https:\/\/osmoscosmos.com\/ocbar\/wp-content\/uploads\/2024\/10\/Ylakerta-2-1024x576.jpg","type":"","width":"","height":""}],"twitter_card":"summary_large_image","twitter_misc":{"Arvioitu lukuaika":"3 minuuttia"},"schema":{"@context":"https:\/\/schema.org","@graph":[{"@type":"WebPage","@id":"https:\/\/osmoscosmos.com\/ocbar\/darts-billiard\/","url":"https:\/\/osmoscosmos.com\/ocbar\/darts-billiard\/","name":"Club","isPartOf":{"@id":"https:\/\/osmoscosmos.com\/ocbar\/#website"},"primaryImageOfPage":{"@id":"https:\/\/osmoscosmos.com\/ocbar\/darts-billiard\/#primaryimage"},"image":{"@id":"https:\/\/osmoscosmos.com\/ocbar\/darts-billiard\/#primaryimage"},"thumbnailUrl":"https:\/\/osmoscosmos.com\/ocbar\/wp-content\/uploads\/2024\/10\/Ylakerta-2-1024x576.jpg","datePublished":"2024-10-02T09:15:10+00:00","dateModified":"2024-10-24T08:21:48+00:00","description":"Katso lis\u00e4\u00e4 >>","breadcrumb":{"@id":"https:\/\/osmoscosmos.com\/ocbar\/darts-billiard\/#breadcrumb"},"inLanguage":"fi","potentialAction":[{"@type":"ReadAction","target":["https:\/\/osmoscosmos.com\/ocbar\/darts-billiard\/"]}]},{"@type":"ImageObject","inLanguage":"fi","@id":"https:\/\/osmoscosmos.com\/ocbar\/darts-billiard\/#primaryimage","url":"https:\/\/osmoscosmos.com\/ocbar\/wp-content\/uploads\/2024\/10\/Ylakerta-2.jpg","contentUrl":"https:\/\/osmoscosmos.com\/ocbar\/wp-content\/uploads\/2024\/10\/Ylakerta-2.jpg","width":1920,"height":1080},{"@type":"BreadcrumbList","@id":"https:\/\/osmoscosmos.com\/ocbar\/darts-billiard\/#breadcrumb","itemListElement":[{"@type":"ListItem","position":1,"name":"Etusivu","item":"https:\/\/osmoscosmos.com\/ocbar\/"},{"@type":"ListItem","position":2,"name":"OC Darts &#038; Billiard"}]},{"@type":"WebSite","@id":"https:\/\/osmoscosmos.com\/ocbar\/#website","url":"https:\/\/osmoscosmos.com\/ocbar\/","name":"OC Bar - Club \u00b7 Pub \u00b7 Karaoke \u00b7 Sport Bar","description":"Club \u00b7 Pub \u00b7 Karaoke \u00b7 Sport Bar","publisher":{"@id":"https:\/\/osmoscosmos.com\/ocbar\/#organization"},"potentialAction":[{"@type":"SearchAction","target":{"@type":"EntryPoint","urlTemplate":"https:\/\/osmoscosmos.com\/ocbar\/?s={search_term_string}"},"query-input":{"@type":"PropertyValueSpecification","valueRequired":true,"valueName":"search_term_string"}}],"inLanguage":"fi"},{"@type":"Organization","@id":"https:\/\/osmoscosmos.com\/ocbar\/#organization","name":"Osmo\u2019s Cosmos Bar","alternateName":"Osmo\u2019s Cosmos Bar","url":"https:\/\/osmoscosmos.com\/ocbar\/","logo":{"@type":"ImageObject","inLanguage":"fi","@id":"https:\/\/osmoscosmos.com\/ocbar\/#\/schema\/logo\/image\/","url":"https:\/\/osmoscosmos.com\/ocbar\/wp-content\/uploads\/2021\/08\/cropped-OC-BAR-logo-etusivu.png","contentUrl":"https:\/\/osmoscosmos.com\/ocbar\/wp-content\/uploads\/2021\/08\/cropped-OC-BAR-logo-etusivu.png","width":250,"height":250,"caption":"Osmo\u2019s Cosmos Bar"},"image":{"@id":"https:\/\/osmoscosmos.com\/ocbar\/#\/schema\/logo\/image\/"}}]}},"rttpg_featured_image_url":null,"rttpg_author":{"display_name":"baradmin","author_link":"https:\/\/osmoscosmos.com\/ocbar\/author\/baradmin\/"},"rttpg_comment":0,"rttpg_category":null,"rttpg_excerpt":"OC Darts &amp; Billiard Osmo\u2019s Cosmos Barin yl\u00e4kerrassa dartsia ja biljardia. Osmo\u2019s Cosmos Barin kolmannessa kerroksessa sijaitsee parisataaneli\u00f6inen \u201dOC Darts &amp; [&hellip;]","_links":{"self":[{"href":"https:\/\/osmoscosmos.com\/ocbar\/wp-json\/wp\/v2\/pages\/9442","targetHints":{"allow":["GET"]}}],"collection":[{"href":"https:\/\/osmoscosmos.com\/ocbar\/wp-json\/wp\/v2\/pages"}],"about":[{"href":"https:\/\/osmoscosmos.com\/ocbar\/wp-json\/wp\/v2\/types\/page"}],"author":[{"embeddable":true,"href":"https:\/\/osmoscosmos.com\/ocbar\/wp-json\/wp\/v2\/users\/1"}],"replies":[{"embeddable":true,"href":"https:\/\/osmoscosmos.com\/ocbar\/wp-json\/wp\/v2\/comments?post=9442"}],"version-history":[{"count":5,"href":"https:\/\/osmoscosmos.com\/ocbar\/wp-json\/wp\/v2\/pages\/9442\/revisions"}],"predecessor-version":[{"id":9551,"href":"https:\/\/osmoscosmos.com\/ocbar\/wp-json\/wp\/v2\/pages\/9442\/revisions\/9551"}],"wp:attachment":[{"href":"https:\/\/osmoscosmos.com\/ocbar\/wp-json\/wp\/v2\/media?parent=9442"}],"curies":[{"name":"wp","href":"https:\/\/api.w.org\/{rel}","templated":true}]}}